{"id":5109,"date":"2025-01-18T12:28:50","date_gmt":"2025-01-18T09:28:50","guid":{"rendered":"https:\/\/texus.fi\/?post_type=product&#038;p=5109"},"modified":"2025-07-20T11:00:52","modified_gmt":"2025-07-20T08:00:52","slug":"studer-aj-2100-2400","status":"publish","type":"product","link":"https:\/\/texus.fi\/en\/studer-aj-2100-2400\/","title":{"rendered":"Studer &#8211; aj 2100-2400"},"content":{"rendered":"<p class=\"p1\">Aj-sarjan puhtaat siniaaltoinvertterit muuntavat akkuj\u00e4nnitteen korkealaatuiseksi 230\/120Vac:ksi, jota voidaan k\u00e4ytt\u00e4\u00e4 kaikissa s\u00e4hk\u00f6laitteissa. Aj on suunniteltu teollisuuden ja kotitalouksien tarpeisiin, ja se on optimaalinen ratkaisu itsen\u00e4isiin sovelluksiin, jotka t\u00e4ytt\u00e4v\u00e4t korkeimmat mukavuutta, turvallisuutta ja luotettavuutta koskevat vaatimukset. Aj it on valmistettu Sveitsiss\u00e4, sill\u00e4 on 10 vuoden takuu, ja se toimitetaan vaihtovirta- ja akkukaapeleilla, joten se on todellinen <span class=\"s1\">&#8221;<\/span>plug and forget -ratkaisu&#8221;.<\/p>\n<p class=\"p2\"><b>Akun k\u00e4ytt\u00f6i\u00e4n optimointitoiminto (B.L.O.).<\/b><\/p>\n<p class=\"p3\"><b>Digitaalinen s\u00e4\u00e4t\u00f6 ja ohjaus mikroprosessorin avulla<\/b><\/p>\n<p class=\"p4\"><b>T\u00e4ydellinen sis\u00e4inen suojaus<\/b><\/p>\n<p class=\"p2\"><b>Download Documents:<\/b><\/p>\n<ul>\n<li><a href=\"https:\/\/texus.fi\/en\/?attachment_id=5078\" rel=\"attachment wp-att-5078\">Studer_AJ_A4-WEB<\/a><\/li>\n<li><a href=\"https:\/\/texus.fi\/en\/?attachment_id=5079\" rel=\"attachment wp-att-5079\">quickguide-aj1000-2400-def<\/a><\/li>\n<li><a href=\"https:\/\/texus.fi\/en\/?attachment_id=5080\" rel=\"attachment wp-att-5080\">Manuel-AJ-V3.4.2_EN_DE_FR_ES<\/a><\/li>\n<\/ul>","protected":false},"excerpt":{"rendered":"<p>Aj-sarjan puhtaat siniaaltoinvertterit muuntavat akkuj\u00e4nnitteen korkealaatuiseksi 230\/120Vac:ksi, jota voidaan k\u00e4ytt\u00e4\u00e4 kaikissa s\u00e4hk\u00f6laitteissa. Aj on suunniteltu teollisuuden ja kotitalouksien tarpeisiin, ja se on optimaalinen ratkaisu itsen\u00e4isiin sovelluksiin, jotka t\u00e4ytt\u00e4v\u00e4t korkeimmat mukavuutta, turvallisuutta ja luotettavuutta koskevat vaatimukset. Aj it on valmistettu Sveitsiss\u00e4, sill\u00e4 on 10 vuoden takuu, ja se toimitetaan vaihtovirta- ja akkukaapeleilla, joten se on todellinen <span class=\"s1\">&#8221;<\/span>plug and forget -ratkaisu&#8221;.<\/p>","protected":false},"featured_media":5119,"comment_status":"open","ping_status":"closed","template":"","meta":[],"product_brand":[],"product_cat":[36,15],"product_tag":[],"class_list":{"0":"post-5109","1":"product","2":"type-product","3":"status-publish","4":"has-post-thumbnail","6":"product_cat-invertterit","7":"product_cat-products","8":"product_shipping_class-heavy-packages","9":"pa_brands-studer","11":"first","12":"instock","13":"sale","14":"taxable","15":"shipping-taxable","16":"purchasable","17":"product-type-variable"},"_links":{"self":[{"href":"https:\/\/texus.fi\/en\/wp-json\/wp\/v2\/product\/5109","targetHints":{"allow":["GET"]}}],"collection":[{"href":"https:\/\/texus.fi\/en\/wp-json\/wp\/v2\/product"}],"about":[{"href":"https:\/\/texus.fi\/en\/wp-json\/wp\/v2\/types\/product"}],"replies":[{"embeddable":true,"href":"https:\/\/texus.fi\/en\/wp-json\/wp\/v2\/comments?post=5109"}],"wp:featuredmedia":[{"embeddable":true,"href":"https:\/\/texus.fi\/en\/wp-json\/wp\/v2\/media\/5119"}],"wp:attachment":[{"href":"https:\/\/texus.fi\/en\/wp-json\/wp\/v2\/media?parent=5109"}],"wp:term":[{"taxonomy":"product_brand","embeddable":true,"href":"https:\/\/texus.fi\/en\/wp-json\/wp\/v2\/product_brand?post=5109"},{"taxonomy":"product_cat","embeddable":true,"href":"https:\/\/texus.fi\/en\/wp-json\/wp\/v2\/product_cat?post=5109"},{"taxonomy":"product_tag","embeddable":true,"href":"https:\/\/texus.fi\/en\/wp-json\/wp\/v2\/product_tag?post=5109"}],"curies":[{"name":"wp","href":"https:\/\/api.w.org\/{rel}","templated":true}]}}