{"id":5280,"date":"2025-01-11T17:36:39","date_gmt":"2025-01-11T14:36:39","guid":{"rendered":"https:\/\/texus.fi\/?post_type=product&#038;p=5280"},"modified":"2025-08-11T17:40:22","modified_gmt":"2025-08-11T14:40:22","slug":"next-green-kaapeliteline-daytona-t2","status":"publish","type":"product","link":"https:\/\/texus.fi\/en\/next-green-kaapeliteline-daytona-t2\/","title":{"rendered":"Next Green &#8211; Kaapeliteline Daytona T2"},"content":{"rendered":"<div class=\"tabs-panel panel-smart\">\n<div class=\"tab-content clearfix\">\n<div id=\"tab-description\" class=\"tab-pane active\">Daytona T2 on kevyt ja tyylik\u00e4s ter\u00e4ksinen teline s\u00e4hk\u00f6ajoneuvojen latauskaapeleille. Daytona T2 on suunniteltu pit\u00e4m\u00e4\u00e4n latauskaapeli siistin\u00e4 ja pident\u00e4m\u00e4\u00e4n sen k\u00e4ytt\u00f6ik\u00e4\u00e4. Type 2 liitin voidaan ripustaa telineeseen ilman vaaraa putoamisesta. Kaapeliteline on Next Greenin suunnittelema ja se on valmistettu Ruotsissa pohjoismaista ilmastoa silm\u00e4ll\u00e4 pit\u00e4en. Voidaan asentaa sein\u00e4\u00e4n tai pylv\u00e4\u00e4seen kiinnityssarjan 2480367 avulla.<\/p>\n<p>Daytona T2 toimitetaan polttomaalattuna kiinnitysruuvien ja tulppien kanssa.<\/p><\/div>\n<\/div>\n<\/div>\n<div class=\"product-info-box\"><\/div>","protected":false},"excerpt":{"rendered":"<p>Mode 3- latauskaapeli Type 2-liittimill\u00e4 (IEC 62196-2). Ergonominen kahva. Pehme\u00e4 ja taipuisa kaapeli kest\u00e4\u00e4 my\u00f6s alhaisia l\u00e4mp\u00f6tiloja. Korkea IP-luokka ja suojatut liittimet takaavat pitk\u00e4n k\u00e4ytt\u00f6i\u00e4n.<\/p>","protected":false},"featured_media":5281,"comment_status":"open","ping_status":"closed","template":"","meta":[],"product_brand":[],"product_cat":[165,166,15,164],"product_tag":[],"class_list":{"0":"post-5280","1":"product","2":"type-product","3":"status-publish","4":"has-post-thumbnail","6":"product_cat-latausasemat","7":"product_cat-latausasematarvikkeet","8":"product_cat-products","9":"product_cat-sahkoajoneuvot","10":"product_shipping_class-campaign-shipping","11":"pa_brands-next-green","13":"first","14":"instock","15":"taxable","16":"shipping-taxable","17":"purchasable","18":"product-type-simple"},"_links":{"self":[{"href":"https:\/\/texus.fi\/en\/wp-json\/wp\/v2\/product\/5280","targetHints":{"allow":["GET"]}}],"collection":[{"href":"https:\/\/texus.fi\/en\/wp-json\/wp\/v2\/product"}],"about":[{"href":"https:\/\/texus.fi\/en\/wp-json\/wp\/v2\/types\/product"}],"replies":[{"embeddable":true,"href":"https:\/\/texus.fi\/en\/wp-json\/wp\/v2\/comments?post=5280"}],"wp:featuredmedia":[{"embeddable":true,"href":"https:\/\/texus.fi\/en\/wp-json\/wp\/v2\/media\/5281"}],"wp:attachment":[{"href":"https:\/\/texus.fi\/en\/wp-json\/wp\/v2\/media?parent=5280"}],"wp:term":[{"taxonomy":"product_brand","embeddable":true,"href":"https:\/\/texus.fi\/en\/wp-json\/wp\/v2\/product_brand?post=5280"},{"taxonomy":"product_cat","embeddable":true,"href":"https:\/\/texus.fi\/en\/wp-json\/wp\/v2\/product_cat?post=5280"},{"taxonomy":"product_tag","embeddable":true,"href":"https:\/\/texus.fi\/en\/wp-json\/wp\/v2\/product_tag?post=5280"}],"curies":[{"name":"wp","href":"https:\/\/api.w.org\/{rel}","templated":true}]}}