{"id":5288,"date":"2025-01-11T17:52:29","date_gmt":"2025-01-11T14:52:29","guid":{"rendered":"https:\/\/texus.fi\/?post_type=product&#038;p=5288"},"modified":"2025-08-11T17:54:15","modified_gmt":"2025-08-11T14:54:15","slug":"next-green-laturiteline-270-mm","status":"publish","type":"product","link":"https:\/\/texus.fi\/en\/next-green-laturiteline-270-mm\/","title":{"rendered":"Next Green &#8211; Laturiteline, 270 mm"},"content":{"rendered":"<div class=\"tabs-panel panel-smart\">\n<div class=\"tab-content clearfix\">\n<div id=\"tab-description\" class=\"tab-pane active\">\n<p>S\u00e4hk\u00f6auton latauslaitteen teline asennettavaksi \u00d860 mm putkeen. Tarkoitettu asennusputken sis\u00e4lt\u00e4 tulevalle kaapelille, sis\u00e4\u00e4nrakennettu haaroitus jopa 2x5G25 mm\u00b2 kaapelille helppoa kaapelin jatkamista varten. Kytkent\u00e4 haaroitusliittimest\u00e4 suoraan latausasemaan 5G2,5 mm\u00b2 kumikaapelilla. Latausasema voidaan asentaa ennen haaroitusliittimeen kytkemist\u00e4. Asennuksen aikana teline liitet\u00e4\u00e4n asennusputkeen ja asennuslaippa latureineen kiinnitet\u00e4\u00e4n lopuksi. T\u00e4m\u00e4n j\u00e4lkeen sy\u00f6tt\u00f6kaapeli kiinnitet\u00e4\u00e4n haaroittimeen. Latausaseman kiinnitysreik\u00e4malli porataan asennuksen aikana ja t\u00e4m\u00e4n ansiosta teline on helppo sovittaa erilaisiin latausasemiin.<\/p>\n<p>Toimitetaan DIN-kiskolla vikavirtasuojakatkaisijaa varten. Voidaan t\u00e4ydent\u00e4\u00e4 erillisell\u00e4 DIN-kiskolla esimerkiksi WIFI- tai 3G\/4G &#8211; reititint\u00e4 ja virtal\u00e4hdett\u00e4 varten, kaikki mahtuvat telineen sis\u00e4\u00e4n.<\/p>\n<p>Valmistettu ruotsalaisesta ter\u00e4ksest\u00e4, korkealuokkainen polttomaalaus.<\/p>\n<\/div>\n<\/div>\n<\/div>","protected":false},"excerpt":{"rendered":"<p>S\u00e4hk\u00f6auton latauslaitteen teline asennettavaksi \u00d860 mm putkeen. Tarkoitettu asennusputken sis\u00e4lt\u00e4 tulevalle kaapelille, sis\u00e4\u00e4nrakennettu haaroitus jopa 2x5G25 mm\u00b2 kaapelille helppoa kaapelin jatkamista varten.<\/p>","protected":false},"featured_media":5290,"comment_status":"open","ping_status":"closed","template":"","meta":[],"product_brand":[],"product_cat":[165,166,15,164],"product_tag":[],"class_list":{"0":"post-5288","1":"product","2":"type-product","3":"status-publish","4":"has-post-thumbnail","6":"product_cat-latausasemat","7":"product_cat-latausasematarvikkeet","8":"product_cat-products","9":"product_cat-sahkoajoneuvot","10":"product_shipping_class-campaign-shipping","11":"pa_brands-next-green","13":"first","14":"instock","15":"taxable","16":"shipping-taxable","17":"purchasable","18":"product-type-simple"},"_links":{"self":[{"href":"https:\/\/texus.fi\/en\/wp-json\/wp\/v2\/product\/5288","targetHints":{"allow":["GET"]}}],"collection":[{"href":"https:\/\/texus.fi\/en\/wp-json\/wp\/v2\/product"}],"about":[{"href":"https:\/\/texus.fi\/en\/wp-json\/wp\/v2\/types\/product"}],"replies":[{"embeddable":true,"href":"https:\/\/texus.fi\/en\/wp-json\/wp\/v2\/comments?post=5288"}],"wp:featuredmedia":[{"embeddable":true,"href":"https:\/\/texus.fi\/en\/wp-json\/wp\/v2\/media\/5290"}],"wp:attachment":[{"href":"https:\/\/texus.fi\/en\/wp-json\/wp\/v2\/media?parent=5288"}],"wp:term":[{"taxonomy":"product_brand","embeddable":true,"href":"https:\/\/texus.fi\/en\/wp-json\/wp\/v2\/product_brand?post=5288"},{"taxonomy":"product_cat","embeddable":true,"href":"https:\/\/texus.fi\/en\/wp-json\/wp\/v2\/product_cat?post=5288"},{"taxonomy":"product_tag","embeddable":true,"href":"https:\/\/texus.fi\/en\/wp-json\/wp\/v2\/product_tag?post=5288"}],"curies":[{"name":"wp","href":"https:\/\/api.w.org\/{rel}","templated":true}]}}