{"id":5307,"date":"2025-01-11T18:12:25","date_gmt":"2025-01-11T15:12:25","guid":{"rendered":"https:\/\/texus.fi\/?post_type=product&#038;p=5307"},"modified":"2025-08-11T18:14:50","modified_gmt":"2025-08-11T15:14:50","slug":"next-green-jalusta-gp60","status":"publish","type":"product","link":"https:\/\/texus.fi\/en\/next-green-jalusta-gp60\/","title":{"rendered":"Next Green &#8211; Jalusta GP60"},"content":{"rendered":"<div class=\"tabs-panel panel-smart\">\n<div class=\"tab-content clearfix\">\n<div id=\"tab-description\" class=\"tab-pane active\">\n<div class=\"tabs-panel panel-smart\">\n<div class=\"tab-content clearfix\">\n<div id=\"tab-description\" class=\"tab-pane active\">\n<div class=\"tabs-panel panel-smart\">\n<div class=\"tab-content clearfix\">\n<div id=\"tab-description\" class=\"tab-pane active\">\n<div class=\"tabs-panel panel-smart\">\n<div class=\"tab-content clearfix\">\n<div id=\"tab-description\" class=\"tab-pane active\">\n<div>Jalusta, joka on suunniteltu pitk\u00e4\u00e4 k\u00e4ytt\u00f6ik\u00e4\u00e4 silm\u00e4ll\u00e4 pit\u00e4en asennettaessa latausasemia \u00d8 60 mm pylv\u00e4\u00e4seen. Joustava rakenne helpottaa huomattavasti kokoamista ja asentamista. GP-jalustat ovat ymp\u00e4rist\u00f6yst\u00e4v\u00e4llinen valinta, koska ne on valmistettu 100 % kierr\u00e4tetyst\u00e4 muovista.<\/div>\n<\/div>\n<\/div>\n<\/div>\n<div class=\"product-info-box\"><\/div>\n<\/div>\n<\/div>\n<\/div>\n<\/div>\n<\/div>\n<\/div>\n<\/div>\n<\/div>\n<\/div>","protected":false},"excerpt":{"rendered":"<div class=\"tabs-panel panel-smart\">\n<div class=\"tab-content clearfix\">\n<div id=\"tab-description\" class=\"tab-pane active\">\n<div class=\"tabs-panel panel-smart\">\n<div class=\"tab-content clearfix\">\n<div id=\"tab-description\" class=\"tab-pane active\">\n<div class=\"tabs-panel panel-smart\">\n<div class=\"tab-content clearfix\">\n<div id=\"tab-description\" class=\"tab-pane active\">\n<div>Jalusta, joka on suunniteltu pitk\u00e4\u00e4 k\u00e4ytt\u00f6ik\u00e4\u00e4 silm\u00e4ll\u00e4 pit\u00e4en asennettaessa latausasemia \u00d8 60 mm pylv\u00e4\u00e4seen. Joustava rakenne helpottaa huomattavasti kokoamista ja asentamista. GP-jalustat ovat ymp\u00e4rist\u00f6yst\u00e4v\u00e4llinen valinta, koska ne on valmistettu 100 % kierr\u00e4tetyst\u00e4 muovista.<\/div>\n<\/div>\n<\/div>\n<\/div>\n<div class=\"product-info-box\"><\/div>\n<\/div>\n<\/div>\n<\/div>\n<\/div>\n<\/div>\n<\/div>","protected":false},"featured_media":5308,"comment_status":"open","ping_status":"closed","template":"","meta":[],"product_brand":[],"product_cat":[165,166,15,164],"product_tag":[],"class_list":{"0":"post-5307","1":"product","2":"type-product","3":"status-publish","4":"has-post-thumbnail","6":"product_cat-latausasemat","7":"product_cat-latausasematarvikkeet","8":"product_cat-products","9":"product_cat-sahkoajoneuvot","10":"product_shipping_class-campaign-shipping","11":"pa_brands-next-green","13":"first","14":"instock","15":"taxable","16":"shipping-taxable","17":"purchasable","18":"product-type-simple"},"_links":{"self":[{"href":"https:\/\/texus.fi\/en\/wp-json\/wp\/v2\/product\/5307","targetHints":{"allow":["GET"]}}],"collection":[{"href":"https:\/\/texus.fi\/en\/wp-json\/wp\/v2\/product"}],"about":[{"href":"https:\/\/texus.fi\/en\/wp-json\/wp\/v2\/types\/product"}],"replies":[{"embeddable":true,"href":"https:\/\/texus.fi\/en\/wp-json\/wp\/v2\/comments?post=5307"}],"wp:featuredmedia":[{"embeddable":true,"href":"https:\/\/texus.fi\/en\/wp-json\/wp\/v2\/media\/5308"}],"wp:attachment":[{"href":"https:\/\/texus.fi\/en\/wp-json\/wp\/v2\/media?parent=5307"}],"wp:term":[{"taxonomy":"product_brand","embeddable":true,"href":"https:\/\/texus.fi\/en\/wp-json\/wp\/v2\/product_brand?post=5307"},{"taxonomy":"product_cat","embeddable":true,"href":"https:\/\/texus.fi\/en\/wp-json\/wp\/v2\/product_cat?post=5307"},{"taxonomy":"product_tag","embeddable":true,"href":"https:\/\/texus.fi\/en\/wp-json\/wp\/v2\/product_tag?post=5307"}],"curies":[{"name":"wp","href":"https:\/\/api.w.org\/{rel}","templated":true}]}}