{"id":5311,"date":"2025-01-11T18:15:15","date_gmt":"2025-01-11T15:15:15","guid":{"rendered":"https:\/\/texus.fi\/?post_type=product&#038;p=5311"},"modified":"2025-08-11T18:19:54","modified_gmt":"2025-08-11T15:19:54","slug":"next-green-lattia-ja-kattokiinnike-hd60","status":"publish","type":"product","link":"https:\/\/texus.fi\/en\/next-green-lattia-ja-kattokiinnike-hd60\/","title":{"rendered":"Next Green &#8211; Lattia- ja kattokiinnike HD60"},"content":{"rendered":"<div class=\"tabs-panel panel-smart\">\n<div class=\"tab-content clearfix\">\n<div id=\"tab-description\" class=\"tab-pane active\">\n<div class=\"tabs-panel panel-smart\">\n<div class=\"tab-content clearfix\">\n<div id=\"tab-description\" class=\"tab-pane active\">\n<div class=\"tabs-panel panel-smart\">\n<div class=\"tab-content clearfix\">\n<div id=\"tab-description\" class=\"tab-pane active\">\n<div class=\"tabs-panel panel-smart\">\n<div class=\"tab-content clearfix\">\n<div id=\"tab-description\" class=\"tab-pane active\">\n<div class=\"tabs-panel panel-smart\">\n<div class=\"tab-content clearfix\">\n<div id=\"tab-description\" class=\"tab-pane active\">\n<div>Lattia- ja kattokiinnike HD60 on tarkoitettu 60 mm pylv\u00e4\u00e4ll\u00e4 varustetun latausaseman kiinnitt\u00e4miseksi lattiaan tai kattoon esimerkiksi pys\u00e4k\u00f6intihalleissa. Lattia- ja kattokiinnike mahdollistaa 360\u00b0 kaapelin sis\u00e4\u00e4ntulon. Kiinnike toimitetaan U-kiinnikkeill\u00e4 \u00d8 60 mm putken kiinnityst\u00e4 varten. Kiinnitys lattia- tai kattopintaan ruuveilla. Pylv\u00e4s ei sis\u00e4lly toimitukseen.<\/div>\n<\/div>\n<\/div>\n<\/div>\n<div class=\"product-info-box\"><\/div>\n<\/div>\n<\/div>\n<\/div>\n<div class=\"product-info-box\"><\/div>\n<\/div>\n<\/div>\n<\/div>\n<\/div>\n<\/div>\n<\/div>\n<\/div>\n<\/div>\n<\/div>","protected":false},"excerpt":{"rendered":"<div class=\"tabs-panel panel-smart\">\n<div class=\"tab-content clearfix\">\n<div id=\"tab-description\" class=\"tab-pane active\">\n<div class=\"tabs-panel panel-smart\">\n<div class=\"tab-content clearfix\">\n<div id=\"tab-description\" class=\"tab-pane active\">\n<div class=\"tabs-panel panel-smart\">\n<div class=\"tab-content clearfix\">\n<div id=\"tab-description\" class=\"tab-pane active\">\n<div class=\"tabs-panel panel-smart\">\n<div class=\"tab-content clearfix\">\n<div id=\"tab-description\" class=\"tab-pane active\">\n<div>Lattia- ja kattokiinnike HD60 on tarkoitettu 60 mm pylv\u00e4\u00e4ll\u00e4 varustetun latausaseman kiinnitt\u00e4miseksi lattiaan tai kattoon esimerkiksi pys\u00e4k\u00f6intihalleissa. Lattia- ja kattokiinnike mahdollistaa 360\u00b0 kaapelin sis\u00e4\u00e4ntulon. Kiinnike toimitetaan U-kiinnikkeill\u00e4 \u00d8 60 mm putken kiinnityst\u00e4 varten. Kiinnitys lattia- tai kattopintaan ruuveilla. Pylv\u00e4s ei sis\u00e4lly toimitukseen.<\/div>\n<\/div>\n<\/div>\n<\/div>\n<div class=\"product-info-box\"><\/div>\n<\/div>\n<\/div>\n<\/div>\n<div class=\"product-info-box\"><\/div>\n<\/div>\n<\/div>\n<\/div>\n<\/div>\n<\/div>\n<\/div>","protected":false},"featured_media":5314,"comment_status":"open","ping_status":"closed","template":"","meta":[],"product_brand":[],"product_cat":[165,166,15,164],"product_tag":[],"class_list":{"0":"post-5311","1":"product","2":"type-product","3":"status-publish","4":"has-post-thumbnail","6":"product_cat-latausasemat","7":"product_cat-latausasematarvikkeet","8":"product_cat-products","9":"product_cat-sahkoajoneuvot","10":"product_shipping_class-campaign-shipping","11":"pa_brands-next-green","13":"first","14":"onbackorder","15":"taxable","16":"shipping-taxable","17":"purchasable","18":"product-type-simple"},"_links":{"self":[{"href":"https:\/\/texus.fi\/en\/wp-json\/wp\/v2\/product\/5311","targetHints":{"allow":["GET"]}}],"collection":[{"href":"https:\/\/texus.fi\/en\/wp-json\/wp\/v2\/product"}],"about":[{"href":"https:\/\/texus.fi\/en\/wp-json\/wp\/v2\/types\/product"}],"replies":[{"embeddable":true,"href":"https:\/\/texus.fi\/en\/wp-json\/wp\/v2\/comments?post=5311"}],"wp:featuredmedia":[{"embeddable":true,"href":"https:\/\/texus.fi\/en\/wp-json\/wp\/v2\/media\/5314"}],"wp:attachment":[{"href":"https:\/\/texus.fi\/en\/wp-json\/wp\/v2\/media?parent=5311"}],"wp:term":[{"taxonomy":"product_brand","embeddable":true,"href":"https:\/\/texus.fi\/en\/wp-json\/wp\/v2\/product_brand?post=5311"},{"taxonomy":"product_cat","embeddable":true,"href":"https:\/\/texus.fi\/en\/wp-json\/wp\/v2\/product_cat?post=5311"},{"taxonomy":"product_tag","embeddable":true,"href":"https:\/\/texus.fi\/en\/wp-json\/wp\/v2\/product_tag?post=5311"}],"curies":[{"name":"wp","href":"https:\/\/api.w.org\/{rel}","templated":true}]}}