{"id":5337,"date":"2024-01-12T17:46:33","date_gmt":"2024-01-12T14:46:33","guid":{"rendered":"https:\/\/texus.fi\/?post_type=product&#038;p=5337"},"modified":"2026-01-29T16:50:32","modified_gmt":"2026-01-29T13:50:32","slug":"malmbergs-latauspylvas-evon-pole-2x22kw-64a-pistorasialla-type-2","status":"publish","type":"product","link":"https:\/\/texus.fi\/en\/malmbergs-latauspylvas-evon-pole-2x22kw-64a-pistorasialla-type-2\/","title":{"rendered":"Malmbergs &#8211; Latauspylv\u00e4s Evon Pole, 2x22kW, 64A, Pistorasialla, Type 2"},"content":{"rendered":"<div class=\"tabs-panel panel-smart\">\n<div class=\"tab-content clearfix\">\n<div id=\"tab-description\" class=\"tab-pane active\">\n<div class=\"tabs-panel panel-smart\">\n<div class=\"tab-content clearfix\">\n<div id=\"tab-description\" class=\"tab-pane active\">\n<div class=\"tabs-panel panel-smart\">\n<div class=\"tab-content clearfix\">\n<div id=\"tab-description\" class=\"tab-pane active\">\n<div class=\"tabs-panel panel-smart\">\n<div class=\"tab-content clearfix\">\n<div id=\"tab-description\" class=\"tab-pane active\">\n<div class=\"tabs-panel panel-smart\">\n<div class=\"tab-content clearfix\">\n<div id=\"tab-description\" class=\"tab-pane active\">\n<div class=\"tabs-panel panel-smart\">\n<div class=\"tab-content clearfix\">\n<div id=\"tab-description\" class=\"tab-pane active\">\n<div class=\"tabs-panel panel-smart\">\n<div class=\"tab-content clearfix\">\n<div id=\"tab-description\" class=\"tab-pane active\">\n<div>Julkisille paikoille sopiva latauspylv\u00e4s maa-asennukseen. Sulakkeet ja vikavirtasuojat molemmille pistorasioille. \u00c4lyk\u00e4s latauspylv\u00e4s sopii AC-lataukseen 2&#215;22 kW asti, sis\u00e4\u00e4nrakennettu MID-mittari. Lataus aloitetaan RFID-kortilla, EVCHARGO -sovelluksella tai suoraan liitt\u00e4m\u00e4ll\u00e4 latauskaapeli. Lataus voidaan ajastaa sovelluksessa. Kytket\u00e4\u00e4n verkkoon WiFi:ll\u00e4, 4G:ll\u00e4 tai ethernet-kaapelilla. Varustettu n\u00e4yt\u00f6ll\u00e4, joka n\u00e4ytt\u00e4\u00e4 latauksen tilan, k\u00e4ytetyn energian ja latausajan, sek\u00e4 opastaa k\u00e4yt\u00f6ss\u00e4.<\/div>\n<\/div>\n<\/div>\n<\/div>\n<div class=\"product-info-box\"><\/div>\n<\/div>\n<\/div>\n<\/div>\n<div class=\"product-info-box\"><\/div>\n<\/div>\n<\/div>\n<\/div>\n<div class=\"product-info-box\"><\/div>\n<\/div>\n<\/div>\n<\/div>\n<div class=\"product-info-box\"><\/div>\n<\/div>\n<\/div>\n<\/div>\n<div class=\"product-info-box\"><\/div>\n<\/div>\n<\/div>\n<\/div>\n<div class=\"product-info-box\"><\/div>\n<\/div>\n<\/div>\n<\/div>\n<div class=\"product-info-box\"><\/div>","protected":false},"excerpt":{"rendered":"<div class=\"tabs-panel panel-smart\">\n<div class=\"tab-content clearfix\">\n<div id=\"tab-description\" class=\"tab-pane active\">\n<div class=\"tabs-panel panel-smart\">\n<div class=\"tab-content clearfix\">\n<div id=\"tab-description\" class=\"tab-pane active\">\n<div class=\"tabs-panel panel-smart\">\n<div class=\"tab-content clearfix\">\n<div id=\"tab-description\" class=\"tab-pane active\">\n<div>Julkisille paikoille sopiva latauspylv\u00e4s maa-asennukseen. Sulakkeet ja vikavirtasuojat molemmille pistorasioille. \u00c4lyk\u00e4s latauspylv\u00e4s sopii AC-lataukseen 2&#215;22 kW asti, sis\u00e4\u00e4nrakennettu MID-mittari. Lataus aloitetaan RFID-kortilla, EVCHARGO -sovelluksella tai suoraan liitt\u00e4m\u00e4ll\u00e4 latauskaapeli. Lataus voidaan ajastaa sovelluksessa. Kytket\u00e4\u00e4n verkkoon WiFi:ll\u00e4, 4G:ll\u00e4 tai ethernet-kaapelilla. Varustettu n\u00e4yt\u00f6ll\u00e4, joka n\u00e4ytt\u00e4\u00e4 latauksen tilan, k\u00e4ytetyn energian ja latausajan, sek\u00e4 opastaa k\u00e4yt\u00f6ss\u00e4.<\/div>\n<\/div>\n<\/div>\n<\/div>\n<div class=\"product-info-box\"><\/div>\n<\/div>\n<\/div>\n<\/div>\n<div class=\"product-info-box\"><\/div>\n<\/div>\n<\/div>\n<\/div>\n<div class=\"product-info-box\"><\/div>","protected":false},"featured_media":5338,"comment_status":"open","ping_status":"closed","template":"","meta":[],"product_brand":[],"product_cat":[165,168,15,164],"product_tag":[],"class_list":{"0":"post-5337","1":"product","2":"type-product","3":"status-publish","4":"has-post-thumbnail","6":"product_cat-latausasemat","7":"product_cat-latausasemat-ac","8":"product_cat-products","9":"product_cat-sahkoajoneuvot","10":"product_shipping_class-campaign-shipping","11":"pa_brands-malmbergs","13":"first","14":"instock","15":"sale","16":"taxable","17":"shipping-taxable","18":"purchasable","19":"product-type-simple"},"_links":{"self":[{"href":"https:\/\/texus.fi\/en\/wp-json\/wp\/v2\/product\/5337","targetHints":{"allow":["GET"]}}],"collection":[{"href":"https:\/\/texus.fi\/en\/wp-json\/wp\/v2\/product"}],"about":[{"href":"https:\/\/texus.fi\/en\/wp-json\/wp\/v2\/types\/product"}],"replies":[{"embeddable":true,"href":"https:\/\/texus.fi\/en\/wp-json\/wp\/v2\/comments?post=5337"}],"wp:featuredmedia":[{"embeddable":true,"href":"https:\/\/texus.fi\/en\/wp-json\/wp\/v2\/media\/5338"}],"wp:attachment":[{"href":"https:\/\/texus.fi\/en\/wp-json\/wp\/v2\/media?parent=5337"}],"wp:term":[{"taxonomy":"product_brand","embeddable":true,"href":"https:\/\/texus.fi\/en\/wp-json\/wp\/v2\/product_brand?post=5337"},{"taxonomy":"product_cat","embeddable":true,"href":"https:\/\/texus.fi\/en\/wp-json\/wp\/v2\/product_cat?post=5337"},{"taxonomy":"product_tag","embeddable":true,"href":"https:\/\/texus.fi\/en\/wp-json\/wp\/v2\/product_tag?post=5337"}],"curies":[{"name":"wp","href":"https:\/\/api.w.org\/{rel}","templated":true}]}}