{"id":5379,"date":"2024-01-13T14:17:07","date_gmt":"2024-01-13T11:17:07","guid":{"rendered":"https:\/\/texus.fi\/?post_type=product&#038;p=5379"},"modified":"2026-01-29T17:42:44","modified_gmt":"2026-01-29T14:42:44","slug":"malmbergs-latausasema-mobox-dc-40kw-133a-kaapelilla-ccs2","status":"publish","type":"product","link":"https:\/\/texus.fi\/en\/malmbergs-latausasema-mobox-dc-40kw-133a-kaapelilla-ccs2\/","title":{"rendered":"Malmbergs &#8211; Latausasema Mobox DC, 40kW, 133A, Kaapelilla, CCS2"},"content":{"rendered":"<div class=\"tabs-panel panel-smart\">\n<div class=\"tab-content clearfix\">\n<div id=\"tab-description\" class=\"tab-pane active\">\n<div class=\"tabs-panel panel-smart\">\n<div class=\"tab-content clearfix\">\n<div id=\"tab-description\" class=\"tab-pane active\">\n<div class=\"tabs-panel panel-smart\">\n<div class=\"tab-content clearfix\">\n<div id=\"tab-description\" class=\"tab-pane active\">\n<div class=\"tabs-panel panel-smart\">\n<div class=\"tab-content clearfix\">\n<div id=\"tab-description\" class=\"tab-pane active\">\n<div class=\"tabs-panel panel-smart\">\n<div class=\"tab-content clearfix\">\n<div id=\"tab-description\" class=\"tab-pane active\">\n<div class=\"tabs-panel panel-smart\">\n<div class=\"tab-content clearfix\">\n<div id=\"tab-description\" class=\"tab-pane active\">\n<div class=\"tabs-panel panel-smart\">\n<div class=\"tab-content clearfix\">\n<div id=\"tab-description\" class=\"tab-pane active\">\n<div class=\"tabs-panel panel-smart\">\n<div class=\"tab-content clearfix\">\n<div id=\"tab-description\" class=\"tab-pane active\">\n<div class=\"tabs-panel panel-smart\">\n<div class=\"tab-content clearfix\">\n<div id=\"tab-description\" class=\"tab-pane active\">\n<p>Mobox DC -latausasema on pienikokoinen ja kevytrakenteinen. T\u00e4m\u00e4 rakenne mahdollistaa nopean kytkenn\u00e4n, helpon liikuttelun ja kuljetuksen. Haluatko nopean latauksen autotallissa tai parkkipaikalla, jossa ei ole liikaa tilaa? Siin\u00e4 tapauksessa t\u00e4m\u00e4 latausasema on sinua varten. Asennetaan sein\u00e4lle, julkisivuun tai pylv\u00e4\u00e4seen (saatavana lis\u00e4varusteena). Varustettu 10 tuuman LCD-kosketusn\u00e4yt\u00f6ll\u00e4, jonka merkkivalo n\u00e4ytt\u00e4\u00e4 selv\u00e4sti latauksen tilan. Lis\u00e4varusteena Payterin korttip\u00e4\u00e4te Apollo helppoa ja k\u00e4tev\u00e4\u00e4 maksua varten.<br \/>\nVikavirtasuoja tyyppi A. Yhdistet\u00e4\u00e4n WiFi:n, Ethernet-kaapelin tai 4G:n kautta.<\/p>\n<\/div>\n<\/div>\n<\/div>\n<\/div>\n<\/div>\n<\/div>\n<\/div>\n<\/div>\n<\/div>\n<\/div>\n<\/div>\n<\/div>\n<\/div>\n<\/div>\n<\/div>\n<\/div>\n<\/div>\n<\/div>\n<\/div>\n<\/div>\n<\/div>\n<\/div>\n<\/div>\n<\/div>\n<\/div>\n<\/div>\n<\/div>","protected":false},"excerpt":{"rendered":"<div class=\"tabs-panel panel-smart\">\n<div class=\"tab-content clearfix\">\n<div id=\"tab-description\" class=\"tab-pane active\">\n<div class=\"tabs-panel panel-smart\">\n<div class=\"tab-content clearfix\">\n<div id=\"tab-description\" class=\"tab-pane active\">\n<div class=\"tabs-panel panel-smart\">\n<div class=\"tab-content clearfix\">\n<div id=\"tab-description\" class=\"tab-pane active\">\n<div class=\"tabs-panel panel-smart\">\n<div class=\"tab-content clearfix\">\n<div id=\"tab-description\" class=\"tab-pane active\">Mobox DC -latausasema on pienikokoinen ja kevytrakenteinen. T\u00e4m\u00e4 rakenne mahdollistaa nopean kytkenn\u00e4n, helpon liikuttelun ja kuljetuksen. Haluatko nopean latauksen autotallissa tai parkkipaikalla, jossa ei ole liikaa tilaa? Siin\u00e4 tapauksessa t\u00e4m\u00e4 latausasema on sinua varten. Asennetaan sein\u00e4lle, julkisivuun tai pylv\u00e4\u00e4seen (saatavana lis\u00e4varusteena). Varustettu 10 tuuman LCD-kosketusn\u00e4yt\u00f6ll\u00e4, jonka merkkivalo n\u00e4ytt\u00e4\u00e4 selv\u00e4sti latauksen tilan. Lis\u00e4varusteena Payterin korttip\u00e4\u00e4te Apollo helppoa ja k\u00e4tev\u00e4\u00e4 maksua varten.<br \/>\nVikavirtasuoja tyyppi A. Yhdistet\u00e4\u00e4n WiFi:n, Ethernet-kaapelin tai 4G:n kautta.<\/div>\n<\/div>\n<\/div>\n<div class=\"product-info-box\"><\/div>\n<\/div>\n<\/div>\n<\/div>\n<div class=\"product-info-box\"><\/div>\n<\/div>\n<\/div>\n<\/div>\n<div class=\"product-info-box\"><\/div>\n<\/div>\n<\/div>\n<\/div>\n<div class=\"product-info-box\"><\/div>","protected":false},"featured_media":5373,"comment_status":"open","ping_status":"closed","template":"","meta":[],"product_brand":[],"product_cat":[165,169,15,164],"product_tag":[],"class_list":{"0":"post-5379","1":"product","2":"type-product","3":"status-publish","4":"has-post-thumbnail","6":"product_cat-latausasemat","7":"product_cat-latausasemat-dc","8":"product_cat-products","9":"product_cat-sahkoajoneuvot","10":"product_shipping_class-campaign-shipping","11":"pa_brands-malmbergs","13":"first","14":"outofstock","15":"taxable","16":"shipping-taxable","17":"purchasable","18":"product-type-simple"},"_links":{"self":[{"href":"https:\/\/texus.fi\/en\/wp-json\/wp\/v2\/product\/5379","targetHints":{"allow":["GET"]}}],"collection":[{"href":"https:\/\/texus.fi\/en\/wp-json\/wp\/v2\/product"}],"about":[{"href":"https:\/\/texus.fi\/en\/wp-json\/wp\/v2\/types\/product"}],"replies":[{"embeddable":true,"href":"https:\/\/texus.fi\/en\/wp-json\/wp\/v2\/comments?post=5379"}],"wp:featuredmedia":[{"embeddable":true,"href":"https:\/\/texus.fi\/en\/wp-json\/wp\/v2\/media\/5373"}],"wp:attachment":[{"href":"https:\/\/texus.fi\/en\/wp-json\/wp\/v2\/media?parent=5379"}],"wp:term":[{"taxonomy":"product_brand","embeddable":true,"href":"https:\/\/texus.fi\/en\/wp-json\/wp\/v2\/product_brand?post=5379"},{"taxonomy":"product_cat","embeddable":true,"href":"https:\/\/texus.fi\/en\/wp-json\/wp\/v2\/product_cat?post=5379"},{"taxonomy":"product_tag","embeddable":true,"href":"https:\/\/texus.fi\/en\/wp-json\/wp\/v2\/product_tag?post=5379"}],"curies":[{"name":"wp","href":"https:\/\/api.w.org\/{rel}","templated":true}]}}