{"id":5493,"date":"2024-03-19T14:04:02","date_gmt":"2024-03-19T11:04:02","guid":{"rendered":"https:\/\/texus.fi\/?post_type=product&#038;p=5493"},"modified":"2026-03-10T10:54:22","modified_gmt":"2026-03-10T07:54:22","slug":"malmbergs-latausasema-evon-one-11kw-16a-kaapelilla-5-m-type-2","status":"publish","type":"product","link":"https:\/\/texus.fi\/en\/malmbergs-latausasema-evon-one-11kw-16a-kaapelilla-5-m-type-2\/","title":{"rendered":"Malmbergs &#8211; Latausasema Evon one, 11kW, 16A, Kaapelilla 5 m, Type 2"},"content":{"rendered":"<div class=\"tabs-panel panel-smart\">\n<div class=\"tab-content clearfix\">\n<div id=\"tab-description\" class=\"tab-pane active\">\n<div class=\"tabs-panel panel-smart\">\n<div class=\"tab-content clearfix\">\n<div id=\"tab-description\" class=\"tab-pane active\">\n<p>Tyylik\u00e4s, pieni ja kompakti s\u00e4hk\u00f6auton latausasema sujuvaan lataamiseen kotona, taloyhti\u00f6iss\u00e4 tai yrityksiss\u00e4. Ominaisuuksina kuormanhallinta, energiankulutuksen seuranta ja paljon muuta. Lataaminen aloitetaan RFID-kortilla, EVCHARGO-sovelluksella tai suoraan liitt\u00e4m\u00e4ll\u00e4 latauskaapeli. Sis\u00e4\u00e4nrakennettu vikavirtasuoja tyyppi A DC 6 mA tasavirtatunnistuksella vastaa B-tyypin vikavirtasuojaa. Yhdistet\u00e4\u00e4n WiFi:ll\u00e4 tai 4G:ll\u00e4 tai Bluetoothilla. Edess\u00e4 oleva merkkivalo osoittaa lataustilan selke\u00e4sti eri v\u00e4reill\u00e4 (punainen, keltainen, vihre\u00e4). Asennus sein\u00e4\u00e4n tai pylv\u00e4\u00e4seen.<\/p>\n<p>\u2022 Ohjaa latausta WiFi:ll\u00e4, Bluetoothilla tai 4G:ll\u00e4<br \/>\n\u2022 Sis\u00e4lt\u00e4\u00e4 SIM-kortin<br \/>\n\u2022 Lataamisen aloitus: RFID \/ Sovellus \/ Suoralataus<br \/>\n\u2022 S\u00e4\u00e4dett\u00e4v\u00e4 latausvirta<br \/>\n\u2022 Tehokas latausnopeus<br \/>\n\u2022 Type 2 kaapeli<br \/>\n\u2022 Merkkivalo (RGB)<br \/>\n\u2022 Lataamisen ajastus sovelluksella<br \/>\n\u2022 Turvallinen offline-tilassa. Vakaa ja luotettava yhteys Bluetoothilla.<br \/>\n\u2022 5 vuoden takuu<\/p>\n<\/div>\n<\/div>\n<\/div>\n<\/div>\n<\/div>\n<\/div>","protected":false},"excerpt":{"rendered":"<p>Tyylik\u00e4s, pieni ja kompakti s\u00e4hk\u00f6auton latausasema sujuvaan lataamiseen kotona, taloyhti\u00f6iss\u00e4 tai yrityksiss\u00e4. Ominaisuuksina kuormanhallinta, energiankulutuksen seuranta ja paljon muuta. Lataaminen aloitetaan RFID-kortilla, EVCHARGO-sovelluksella tai suoraan liitt\u00e4m\u00e4ll\u00e4 latauskaapeli. Sis\u00e4\u00e4nrakennettu vikavirtasuoja tyyppi A DC 6 mA tasavirtatunnistuksella vastaa B-tyypin vikavirtasuojaa. Yhdistet\u00e4\u00e4n WiFi:ll\u00e4 tai 4G:ll\u00e4 tai Bluetoothilla. Edess\u00e4 oleva merkkivalo osoittaa lataustilan selke\u00e4sti eri v\u00e4reill\u00e4 (punainen, keltainen, vihre\u00e4). Asennus sein\u00e4\u00e4n tai pylv\u00e4\u00e4seen.<\/p>","protected":false},"featured_media":5490,"comment_status":"open","ping_status":"closed","template":"","meta":[],"product_brand":[],"product_cat":[165,168,15,164],"product_tag":[],"class_list":{"0":"post-5493","1":"product","2":"type-product","3":"status-publish","4":"has-post-thumbnail","6":"product_cat-latausasemat","7":"product_cat-latausasemat-ac","8":"product_cat-products","9":"product_cat-sahkoajoneuvot","10":"product_shipping_class-campaign-shipping","11":"pa_brands-malmbergs","13":"first","14":"instock","15":"taxable","16":"shipping-taxable","17":"purchasable","18":"product-type-simple"},"_links":{"self":[{"href":"https:\/\/texus.fi\/en\/wp-json\/wp\/v2\/product\/5493","targetHints":{"allow":["GET"]}}],"collection":[{"href":"https:\/\/texus.fi\/en\/wp-json\/wp\/v2\/product"}],"about":[{"href":"https:\/\/texus.fi\/en\/wp-json\/wp\/v2\/types\/product"}],"replies":[{"embeddable":true,"href":"https:\/\/texus.fi\/en\/wp-json\/wp\/v2\/comments?post=5493"}],"wp:featuredmedia":[{"embeddable":true,"href":"https:\/\/texus.fi\/en\/wp-json\/wp\/v2\/media\/5490"}],"wp:attachment":[{"href":"https:\/\/texus.fi\/en\/wp-json\/wp\/v2\/media?parent=5493"}],"wp:term":[{"taxonomy":"product_brand","embeddable":true,"href":"https:\/\/texus.fi\/en\/wp-json\/wp\/v2\/product_brand?post=5493"},{"taxonomy":"product_cat","embeddable":true,"href":"https:\/\/texus.fi\/en\/wp-json\/wp\/v2\/product_cat?post=5493"},{"taxonomy":"product_tag","embeddable":true,"href":"https:\/\/texus.fi\/en\/wp-json\/wp\/v2\/product_tag?post=5493"}],"curies":[{"name":"wp","href":"https:\/\/api.w.org\/{rel}","templated":true}]}}