{"id":5636,"date":"2025-02-03T13:01:03","date_gmt":"2025-02-03T10:01:03","guid":{"rendered":"https:\/\/texus.fi\/?post_type=product&#038;p=5636"},"modified":"2026-03-22T13:53:27","modified_gmt":"2026-03-22T10:53:27","slug":"ecoflow-river-3-max","status":"publish","type":"product","link":"https:\/\/texus.fi\/en\/ecoflow-river-3-max\/","title":{"rendered":"EcoFlow River 3 Max"},"content":{"rendered":"<p><strong>EcoFlow River 3 Max &#8211; River 3 plus 286Wh ja 286Wh lis\u00e4akku (572Wh)<br \/>\n<\/strong><\/p>\n<p>EcoFlow River 3 Max on modernin seikkailijan, retkeilij\u00e4n ja kotivarautujan luotettava virtakumppani. T\u00e4m\u00e4 huippuluokan kannettava voimalaitos yhdist\u00e4\u00e4 massiivisen tehon, nopean latauksen ja erinomaisen liikuteltavuuden yhdeksi kompaktiksi ja tyylikk\u00e4\u00e4ksi paketiksi.<\/p>\n<p><strong>J\u00e4re\u00e4\u00e4 virtaa pieness\u00e4 paketissa<\/strong><\/p>\n<p>River 3 Max tarjoaa jopa 572 Wh virtaa ja 600 W jatkuvaa tehoa, joka venyy tarvittaessa jopa 1200 wattiin X-Boost-tilassa. Lataa helposti puhelimet, l\u00e4pp\u00e4rit, dronet, j\u00e4\u00e4kaapit tai vaikka ty\u00f6kalut \u2013 kaikki yhdest\u00e4 laitteesta.<\/p>\n<p><strong>Lataa 0\u201380 % vain tunnissa<\/strong><\/p>\n<p>Unohda tuntikausien odottelu. EcoFlowin ainutlaatuinen X-Stream-pikalataus mahdollistaa nopean latauksen suoraan pistorasiasta \u2013 jopa t\u00e4yteen alle 2 tunnissa. Voit my\u00f6s ladata River 3 Maxin aurinkopaneelilla tai auton tupakansytyttimest\u00e4, joten virta kulkee kanssasi kaikkialle.<\/p>\n<p><strong>Tekniset tiedot<\/strong><\/p>\n<ul>\n<li>Kapasiteetti: 572 Wh (286 Wh + 286 Wh)<\/li>\n<li>UPS-vasteaika: &lt;10 ms<\/li>\n<li>Paino: River 3 Plus: 4,7 kg, EB300 akku: 3,5 kg<\/li>\n<li>Mitat: 234 x 232 x 146 mm (River 3 Plus), 234 x 224 x 110 mm (EB300 akku)<\/li>\n<li>AC-sis\u00e4\u00e4ntulo: 200-240V 50Hz\/60Hz, 360W (Latausaika 0-100 % n. 1,5 tuntia)<\/li>\n<li>Aurinkopaneelilataus: 11-55V, 13A, 220W Max<\/li>\n<li>Autolataus: 11-55V, 8A, 220W Max<\/li>\n<li>USB-C-ulostulo: 2 porttia, 1 x 100W, 1 x 140W<\/li>\n<li>Autoadapteri-ulostulo: 12.6V, 10A, 126W Max<\/li>\n<li>USB-A-ulostulo: 2 porttia, 5V?2.4A, 12W Max per portti, yhteens\u00e4 24W<\/li>\n<li>AC-ulostulo: 3 porttia, puhdas siniaalto, 600W yhteens\u00e4 (X-Boost 1200W), 230V 50Hz\/60Hz<\/li>\n<li>Akkukemia: LFP<\/li>\n<li>Akun k\u00e4ytt\u00f6ik\u00e4: 80%+ kapasiteetti 3000 syklin j\u00e4lkeen<\/li>\n<li>K\u00e4ytt\u00f6l\u00e4mp\u00f6tila (purku): -10\u00b0C \u2013 45\u00b0C<\/li>\n<li>K\u00e4ytt\u00f6l\u00e4mp\u00f6tila (lataus): 0\u00b0C \u2013 45\u00b0C<\/li>\n<li>Optimaalinen k\u00e4ytt\u00f6l\u00e4mp\u00f6tila: 20\u00b0C \u2013 30\u00b0C<\/li>\n<li>Sovellusohjaus: Wi-Fi, Bluetooth<\/li>\n<\/ul>","protected":false},"excerpt":{"rendered":"<p><strong>EcoFlow River 3 Max &#8211; River 3 plus 286Wh ja 286Wh lis\u00e4akku (572Wh)<br \/>\n<\/strong><\/p>\n<p>EcoFlow River 3 Max on modernin seikkailijan, retkeilij\u00e4n ja kotivarautujan luotettava virtakumppani. T\u00e4m\u00e4 huippuluokan kannettava voimalaitos yhdist\u00e4\u00e4 massiivisen tehon, nopean latauksen ja erinomaisen liikuteltavuuden yhdeksi kompaktiksi ja tyylikk\u00e4\u00e4ksi paketiksi.<\/p>","protected":false},"featured_media":5641,"comment_status":"open","ping_status":"closed","template":"","meta":[],"product_brand":[],"product_cat":[35,15,34],"product_tag":[],"class_list":{"0":"post-5636","1":"product","2":"type-product","3":"status-publish","4":"has-post-thumbnail","6":"product_cat-ess-ratkaisut","7":"product_cat-products","8":"product_cat-virta-asemat","9":"product_shipping_class-campaign-shipping","10":"pa_brands-ecoflow","12":"first","13":"instock","14":"taxable","15":"shipping-taxable","16":"purchasable","17":"product-type-variable"},"_links":{"self":[{"href":"https:\/\/texus.fi\/en\/wp-json\/wp\/v2\/product\/5636","targetHints":{"allow":["GET"]}}],"collection":[{"href":"https:\/\/texus.fi\/en\/wp-json\/wp\/v2\/product"}],"about":[{"href":"https:\/\/texus.fi\/en\/wp-json\/wp\/v2\/types\/product"}],"replies":[{"embeddable":true,"href":"https:\/\/texus.fi\/en\/wp-json\/wp\/v2\/comments?post=5636"}],"wp:featuredmedia":[{"embeddable":true,"href":"https:\/\/texus.fi\/en\/wp-json\/wp\/v2\/media\/5641"}],"wp:attachment":[{"href":"https:\/\/texus.fi\/en\/wp-json\/wp\/v2\/media?parent=5636"}],"wp:term":[{"taxonomy":"product_brand","embeddable":true,"href":"https:\/\/texus.fi\/en\/wp-json\/wp\/v2\/product_brand?post=5636"},{"taxonomy":"product_cat","embeddable":true,"href":"https:\/\/texus.fi\/en\/wp-json\/wp\/v2\/product_cat?post=5636"},{"taxonomy":"product_tag","embeddable":true,"href":"https:\/\/texus.fi\/en\/wp-json\/wp\/v2\/product_tag?post=5636"}],"curies":[{"name":"wp","href":"https:\/\/api.w.org\/{rel}","templated":true}]}}