{"id":5688,"date":"2025-02-03T14:56:15","date_gmt":"2025-02-03T11:56:15","guid":{"rendered":"https:\/\/texus.fi\/?post_type=product&#038;p=5688"},"modified":"2026-03-22T13:52:23","modified_gmt":"2026-03-22T10:52:23","slug":"ecoflow-wave-3-ilmastointilaite","status":"publish","type":"product","link":"https:\/\/texus.fi\/en\/ecoflow-wave-3-ilmastointilaite\/","title":{"rendered":"EcoFlow Wave 3 ilmastointilaite"},"content":{"rendered":"<p><strong>EcoFlow Wave 3 \u2013 Tehokas ja kannettava ilmastointilaite viilennykseen ja l\u00e4mmitykseen miss\u00e4 tahansa<\/strong><\/p>\n<p>EcoFlow Wave 3 on markkinoiden \u00e4lykk\u00e4in ja monipuolisin kannettava ilmastointilaite, joka tarjoaa sek\u00e4 tehokasta viilennyst\u00e4 ett\u00e4 l\u00e4mmityst\u00e4 \u2013 olitpa m\u00f6kill\u00e4, teltassa, matkailuautossa tai kotona. T\u00e4m\u00e4 uuden sukupolven ilmastointiratkaisu tekee olosi mukavaksi vuoden ymp\u00e4ri<\/p>\n<p>Wave 3 toimii niin verkkovirralla tai EcoFlow-lis\u00e4akulla, joka mahdollistaa jopa 8 tunnin langattoman k\u00e4yt\u00f6n. T\u00e4ydellinen valinta retkeilyyn ja paikkoihin, joissa s\u00e4hk\u00f6\u00e4 ei ole saatavilla. Akkua pystyy lataamaan verkkovirralla, autolaturilla, aurinkopaneelilla tai alternator chargerilla (lataus auton omasta laturista).<\/p>\n<p>44 dB:n hiljainen tila mahdollistaa k\u00e4yt\u00f6n my\u00f6s \u00f6isin ilman h\u00e4iritsev\u00e4\u00e4 melua. Sleep Mode ja Pet Care -tila varmistavat viihtyvyyden kaikille perheenj\u00e4senille \u2013 my\u00f6s lemmikeille.<\/p>\n<p><strong>\u00c4lykk\u00e4\u00e4t toiminnot<\/strong><\/p>\n<ul>\n<li>Sleep Mode: Hiljainen tila y\u00f6k\u00e4ytt\u00f6\u00f6n<\/li>\n<li>Pet Care -tila: Automaattinen viilennys lemmikkien suojaamiseksi<\/li>\n<li>Automaattinen ilmastonhallinta: S\u00e4\u00e4t\u00e4\u00e4 l\u00e4mp\u00f6tilaa automaattisesti<\/li>\n<li>Kosteudenpoisto: S\u00e4\u00e4t\u00e4\u00e4 kosteustasoa miellytt\u00e4v\u00e4ksi<\/li>\n<li>Vesitankin tyhjennysilmoitus: Sovellus ilmoittaa, kun vesitankki on t\u00e4yttym\u00e4ss\u00e4<\/li>\n<\/ul>\n<p><strong>Tekniset tiedot ja ominaisuudet<\/strong><\/p>\n<ul>\n<li>J\u00e4\u00e4hdytyskapasitetti: 1800 W (6100 BTU)<\/li>\n<li>L\u00e4mmityskapasiteetti: 2000 W (6800 BTU)<\/li>\n<li>Nimellisteho viilennys (AC\/DC): 690W \/ 640W<\/li>\n<li>Nimellisteho l\u00e4mmitys (AC\/DC): 645W \/ 606W<\/li>\n<li>K\u00e4ytt\u00f6tilat: Viilennys, l\u00e4mmitys, kosteudenpoisto ja tuuletus<\/li>\n<li>Melutaso: 44\u201358 dB, mik\u00e4 tekee siit\u00e4 hiljaisen y\u00f6k\u00e4ytt\u00f6\u00f6n<\/li>\n<li>Ohjaus: WiFi- ja Bluetooth-yhteydell\u00e4 toimiva EcoFlow-sovellus<\/li>\n<li>Lis\u00e4akku: 1024 Wh LFP-akku tarjoaa jopa 8 tunnin langattoman k\u00e4yt\u00f6n<\/li>\n<li>K\u00e4ytt\u00f6l\u00e4mp\u00f6tila: -10\u201350 \u00b0C<\/li>\n<li>IP-luokitus: IPX4, soveltuu ulkok\u00e4ytt\u00f6\u00f6n<\/li>\n<li>Kylm\u00e4aine: R290, ymp\u00e4rist\u00f6yst\u00e4v\u00e4llinen vaihtoehto<\/li>\n<li>Mitat: 519 \u00d7 297 \u00d7 336 mm<\/li>\n<li>Paino: Noin 15,6 kg<\/li>\n<\/ul>","protected":false},"excerpt":{"rendered":"<p><strong>EcoFlow Wave 3 \u2013 Tehokas ja kannettava ilmastointilaite viilennykseen ja l\u00e4mmitykseen miss\u00e4 tahansa<\/strong><\/p>\n<p>EcoFlow Wave 3 on markkinoiden \u00e4lykk\u00e4in ja monipuolisin kannettava ilmastointilaite, joka tarjoaa sek\u00e4 tehokasta viilennyst\u00e4 ett\u00e4 l\u00e4mmityst\u00e4 \u2013 olitpa m\u00f6kill\u00e4, teltassa, matkailuautossa tai kotona. T\u00e4m\u00e4 uuden sukupolven ilmastointiratkaisu tekee olosi mukavaksi vuoden ymp\u00e4ri<\/p>\n<p>Wave 3 toimii niin verkkovirralla tai EcoFlow-lis\u00e4akulla, joka mahdollistaa jopa 8 tunnin langattoman k\u00e4yt\u00f6n. T\u00e4ydellinen valinta retkeilyyn ja paikkoihin, joissa s\u00e4hk\u00f6\u00e4 ei ole saatavilla. Akkua pystyy lataamaan verkkovirralla, autolaturilla, aurinkopaneelilla tai alternator chargerilla (lataus auton omasta laturista).<\/p>\n<p>44 dB:n hiljainen tila mahdollistaa k\u00e4yt\u00f6n my\u00f6s \u00f6isin ilman h\u00e4iritsev\u00e4\u00e4 melua. Sleep Mode ja Pet Care -tila varmistavat viihtyvyyden kaikille perheenj\u00e4senille \u2013 my\u00f6s lemmikeille.<\/p>","protected":false},"featured_media":5703,"comment_status":"open","ping_status":"closed","template":"","meta":[],"product_brand":[],"product_cat":[35,121,15,34],"product_tag":[],"class_list":{"0":"post-5688","1":"product","2":"type-product","3":"status-publish","4":"has-post-thumbnail","6":"product_cat-ess-ratkaisut","7":"product_cat-muut-tuotteet","8":"product_cat-products","9":"product_cat-virta-asemat","10":"product_shipping_class-campaign-shipping","11":"pa_brands-ecoflow","13":"first","14":"instock","15":"taxable","16":"shipping-taxable","17":"purchasable","18":"product-type-variable"},"_links":{"self":[{"href":"https:\/\/texus.fi\/en\/wp-json\/wp\/v2\/product\/5688","targetHints":{"allow":["GET"]}}],"collection":[{"href":"https:\/\/texus.fi\/en\/wp-json\/wp\/v2\/product"}],"about":[{"href":"https:\/\/texus.fi\/en\/wp-json\/wp\/v2\/types\/product"}],"replies":[{"embeddable":true,"href":"https:\/\/texus.fi\/en\/wp-json\/wp\/v2\/comments?post=5688"}],"wp:featuredmedia":[{"embeddable":true,"href":"https:\/\/texus.fi\/en\/wp-json\/wp\/v2\/media\/5703"}],"wp:attachment":[{"href":"https:\/\/texus.fi\/en\/wp-json\/wp\/v2\/media?parent=5688"}],"wp:term":[{"taxonomy":"product_brand","embeddable":true,"href":"https:\/\/texus.fi\/en\/wp-json\/wp\/v2\/product_brand?post=5688"},{"taxonomy":"product_cat","embeddable":true,"href":"https:\/\/texus.fi\/en\/wp-json\/wp\/v2\/product_cat?post=5688"},{"taxonomy":"product_tag","embeddable":true,"href":"https:\/\/texus.fi\/en\/wp-json\/wp\/v2\/product_tag?post=5688"}],"curies":[{"name":"wp","href":"https:\/\/api.w.org\/{rel}","templated":true}]}}