{"id":5924,"date":"2024-06-26T10:55:57","date_gmt":"2024-06-26T07:55:57","guid":{"rendered":"https:\/\/texus.fi\/?post_type=product&#038;p=5924"},"modified":"2026-03-28T14:12:10","modified_gmt":"2026-03-28T11:12:10","slug":"ecoflow-delta-3-max-plus-virta-asema","status":"publish","type":"product","link":"https:\/\/texus.fi\/en\/ecoflow-delta-3-max-plus-virta-asema\/","title":{"rendered":"EcoFlow Delta 3 Max Plus virta-asema"},"content":{"rendered":"<p><strong>EcoFlow DELTA 3 Max Plus<\/strong> tarjoaa luotettavaa virtaa 2048Wh:n kapasiteetilla ja 3000W:n jatkuvalla AC-teholla, tehden siit\u00e4 erinomaisen valinnan kotiin, ty\u00f6maalle tai pidemmille ulkoiluseikkailuille. Laitteesta l\u00f6ytyy eritt\u00e4in nopea UPS-toiminto (alle 10 ms + NAS-yhteensopivuus ja HID-tuki), joka pit\u00e4\u00e4 t\u00e4rke\u00e4t laitteesi k\u00e4ynniss\u00e4 ilman katkoksia. AC-pikalatauksella lataat virtal\u00e4hteen t\u00e4yteen parhaillaan 68 minuutissa.<\/p>\n<p>Laite tarjoaa eritt\u00e4in monipuoliset liit\u00e4nt\u00e4mahdollisuudet: nelj\u00e4 AC-pistorasiaa, kolme USB-C-porttia (jopa 140 W), yksi USB-A-portti sek\u00e4 12V -ulostulot auto- ja retkeilyvarusteille. DELTA 3 Max k\u00e4ytt\u00e4\u00e4 LFP-akkua, joka tarjoaa pitk\u00e4n k\u00e4ytt\u00f6i\u00e4n ja se voidaan ladata verkkovirralla, aurinkopaneeleilla tai suoraan ajoneuvosta.<\/p>\n<p>EcoFlow-sovelluksen avulla saat t\u00e4yden hallinnan energiankulutukseen, ajastuksiin ja \u00e4lykk\u00e4isiin k\u00e4ytt\u00f6tiloihin. Suuresta suorituskyvyst\u00e4\u00e4n huolimatta laite on helposti kuljetettava, sill\u00e4 sen paino on noin 22,1kg.<\/p>\n<p>Technical Information:<\/p>\n<p>Akkutyyppi:\u00a0LiFePO (LFP)<br \/>\nAkun kapasiteetti:\u00a02048Wh<br \/>\nLaajennettava kapasiteetti:\u00a0jopa 10 kWh yhteensopivilla lis\u00e4akuilla<br \/>\nAkun k\u00e4ytt\u00f6ik\u00e4:\u00a0jopa 4000 lataussykli\u00e4 (80% kapasiteettiin asti)<br \/>\nInvertteri:\u00a0puhdas siniaalto<br \/>\nUPS-toiminto:\u00a0&lt; 10 ms (soveltuu herkille laitteille)<br \/>\nAC-ulostulot:\u00a04 \u00d7 230V<br \/>\nJatkuva AC-teho:\u00a03000W<br \/>\nX-Boost-tuki:\u00a0mahdollistaa hetkellisesti suuremman tehon vaativille laitteille (3900W)<br \/>\nUSB-ulostulot:\u00a03 \u00d7 USB-C (joista yksi jopa 140 W), 1x USB-A<br \/>\nDC-ulostulot:\u00a012V (esim. auto- ja retkeilyk\u00e4ytt\u00f6\u00f6n)<br \/>\nLataustavat:\u00a0Verkkovirta (AC), aurinkopaneelit ja ajoneuvolataus<br \/>\nPikalataus:\u00a0EcoFlow X-Stream -teknologia<br \/>\nAC-lataus:\u00a0jopa 80 % noin 47 minuutissa<br \/>\nAurinkolatauksen tuki:\u00a0kyll\u00e4 (2 porttia, max. 1000W)<br \/>\n\u00c4lyk\u00e4s ohjaus:\u00a0EcoFlow-sovellus<br \/>\nYhteydet:\u00a0Wi-Fi &amp; Bluetooth<br \/>\nToiminnot:\u00a0energiankulutuksen seuranta, ajastukset, \u00e4lykk\u00e4\u00e4t k\u00e4ytt\u00f6tilat<br \/>\nK\u00e4ytt\u00f6melu:\u00a0eritt\u00e4in hiljainen &lt;25dB (alle 600W kuormalla)<br \/>\nTurvallisuus:\u00a0monitasoinen akun ja virran suojaus<br \/>\nPaino:\u00a0noin 22,1 kg<br \/>\nMitat:\u00a0noin 494 \u00d7 242 \u00d7 305 mm<br \/>\nK\u00e4ytt\u00f6kohteet:\u00a0Koti, m\u00f6kki, retkeily, matkailuauto, veneily, ty\u00f6maat ja muu ammattik\u00e4ytt\u00f6<\/p>","protected":false},"excerpt":{"rendered":"<p><strong>EcoFlow DELTA 3 Max Plus<\/strong> tarjoaa luotettavaa virtaa 2048Wh:n kapasiteetilla ja 3000W:n jatkuvalla AC-teholla, tehden siit\u00e4 erinomaisen valinnan kotiin, ty\u00f6maalle tai pidemmille ulkoiluseikkailuille. Laitteesta l\u00f6ytyy eritt\u00e4in nopea UPS-toiminto (alle 10 ms + NAS-yhteensopivuus ja HID-tuki), joka pit\u00e4\u00e4 t\u00e4rke\u00e4t laitteesi k\u00e4ynniss\u00e4 ilman katkoksia. AC-pikalatauksella lataat virtal\u00e4hteen t\u00e4yteen parhaillaan 68 minuutissa.<\/p>\n<p>Laite tarjoaa eritt\u00e4in monipuoliset liit\u00e4nt\u00e4mahdollisuudet: nelj\u00e4 AC-pistorasiaa, kolme USB-C-porttia (jopa 140 W), yksi USB-A-portti sek\u00e4 12V -ulostulot auto- ja retkeilyvarusteille. DELTA 3 Max k\u00e4ytt\u00e4\u00e4 LFP-akkua, joka tarjoaa pitk\u00e4n k\u00e4ytt\u00f6i\u00e4n ja se voidaan ladata verkkovirralla, aurinkopaneeleilla tai suoraan ajoneuvosta.<\/p>","protected":false},"featured_media":5930,"comment_status":"open","ping_status":"closed","template":"","meta":[],"product_brand":[],"product_cat":[35,121,15,34],"product_tag":[],"class_list":{"0":"post-5924","1":"product","2":"type-product","3":"status-publish","4":"has-post-thumbnail","6":"product_cat-ess-ratkaisut","7":"product_cat-muut-tuotteet","8":"product_cat-products","9":"product_cat-virta-asemat","10":"product_shipping_class-campaign-shipping","11":"pa_brands-ecoflow","13":"first","14":"onbackorder","15":"taxable","16":"shipping-taxable","17":"purchasable","18":"product-type-simple"},"_links":{"self":[{"href":"https:\/\/texus.fi\/en\/wp-json\/wp\/v2\/product\/5924","targetHints":{"allow":["GET"]}}],"collection":[{"href":"https:\/\/texus.fi\/en\/wp-json\/wp\/v2\/product"}],"about":[{"href":"https:\/\/texus.fi\/en\/wp-json\/wp\/v2\/types\/product"}],"replies":[{"embeddable":true,"href":"https:\/\/texus.fi\/en\/wp-json\/wp\/v2\/comments?post=5924"}],"wp:featuredmedia":[{"embeddable":true,"href":"https:\/\/texus.fi\/en\/wp-json\/wp\/v2\/media\/5930"}],"wp:attachment":[{"href":"https:\/\/texus.fi\/en\/wp-json\/wp\/v2\/media?parent=5924"}],"wp:term":[{"taxonomy":"product_brand","embeddable":true,"href":"https:\/\/texus.fi\/en\/wp-json\/wp\/v2\/product_brand?post=5924"},{"taxonomy":"product_cat","embeddable":true,"href":"https:\/\/texus.fi\/en\/wp-json\/wp\/v2\/product_cat?post=5924"},{"taxonomy":"product_tag","embeddable":true,"href":"https:\/\/texus.fi\/en\/wp-json\/wp\/v2\/product_tag?post=5924"}],"curies":[{"name":"wp","href":"https:\/\/api.w.org\/{rel}","templated":true}]}}