{"id":5942,"date":"2024-06-29T17:08:25","date_gmt":"2024-06-29T14:08:25","guid":{"rendered":"https:\/\/texus.fi\/?post_type=product&#038;p=5942"},"modified":"2026-01-30T14:45:42","modified_gmt":"2026-01-30T11:45:42","slug":"malmbergs-latausasema-evon-pro-22kw-32a-pistorasia-mid-lcd-type-2","status":"publish","type":"product","link":"https:\/\/texus.fi\/en\/malmbergs-latausasema-evon-pro-22kw-32a-pistorasia-mid-lcd-type-2\/","title":{"rendered":"Malmbergs &#8211; Latausasema Evon Pro, 22kW, 32A, Pistorasia, MID, LCD, Type 2"},"content":{"rendered":"<div class=\"tabs-panel panel-smart\">\n<div class=\"tab-content clearfix\">\n<div id=\"tab-description\" class=\"tab-pane active\">\n<div class=\"tabs-panel panel-smart\">\n<div class=\"tab-content clearfix\">\n<div id=\"tab-description\" class=\"tab-pane active\">\n<div class=\"tabs-panel panel-smart\">\n<div class=\"tab-content clearfix\">\n<div id=\"tab-description\" class=\"tab-pane active\">\n<div class=\"tabs-panel panel-smart\">\n<div class=\"tab-content clearfix\">\n<div id=\"tab-description\" class=\"tab-pane active\">Latausasema Evon Pro on tyylik\u00e4s ja kompakti laturi, jonka harkittu muotoilu on suunniteltu sulautumaan ymp\u00e4rist\u00f6\u00f6n kiinteist\u00f6st\u00e4 riippumatta. Kuten aiemmissa latureissamme, siin\u00e4 on kaikki ominaisuudet, joita voit toivoa nykyaikaiselta autolaturilta. Saatavana eri malleja; pistorasialla, kaapelilla, MID-mittarilla, n\u00e4yt\u00f6ll\u00e4 jne. Vankka mutta kompakti autolaturi, jossa on sis\u00e4\u00e4nrakennettu A-tyypin mekaaninen vikavirtasuoja B-tyypin vikavirtasuojan korvaavalla 6 mA DC-tasavirran tunnistuksella t\u00e4ytt\u00e4\u00e4 kaikki nykyiset vaatimukset. Voit hallita latausasemaa EVCHARGO-sovelluksen kautta tai mukana tulevan RFID-kortin avulla, joka tekee laturista helpon k\u00e4ytt\u00e4\u00e4 julkisissa tiloissa. Kuormanhallinta on saatavana erillisen\u00e4 lis\u00e4varusteena. Sis\u00e4\u00e4nrakennettu SIM-kortti tekee my\u00f6s latausaseman asentamisesta ja k\u00e4yt\u00f6st\u00e4 eritt\u00e4in helppoa riippumatta siit\u00e4, miss\u00e4 se sijaitsee.<br \/>\nLatausasemat ovat yhteensopivia ISO 15118 -standardin kanssa, mik\u00e4 tarkoittaa, ett\u00e4 m\u00e4\u00e4ritellyt toiminnot ovat k\u00e4ytett\u00e4viss\u00e4, kun ne virallisesti lanseerataan (V2G &amp; PnC). Sein\u00e4asennukseen tai pylv\u00e4\u00e4seen lis\u00e4tarvikkeena myyt\u00e4v\u00e4n telineen avulla.<\/div>\n<\/div>\n<\/div>\n<\/div>\n<\/div>\n<\/div>\n<\/div>\n<\/div>\n<\/div>\n<\/div>\n<\/div>\n<\/div>","protected":false},"excerpt":{"rendered":"<p>Latausasema Evon Pro on tyylik\u00e4s ja kompakti laturi, jonka harkittu muotoilu on suunniteltu sulautumaan ymp\u00e4rist\u00f6\u00f6n kiinteist\u00f6st\u00e4 riippumatta. Kuten aiemmissa latureissamme, siin\u00e4 on kaikki ominaisuudet, joita voit toivoa nykyaikaiselta autolaturilta.<\/p>","protected":false},"featured_media":5945,"comment_status":"open","ping_status":"closed","template":"","meta":[],"product_brand":[],"product_cat":[165,168,15,164],"product_tag":[],"class_list":{"0":"post-5942","1":"product","2":"type-product","3":"status-publish","4":"has-post-thumbnail","6":"product_cat-latausasemat","7":"product_cat-latausasemat-ac","8":"product_cat-products","9":"product_cat-sahkoajoneuvot","10":"product_shipping_class-campaign-shipping","11":"pa_brands-malmbergs","13":"first","14":"instock","15":"sale","16":"taxable","17":"shipping-taxable","18":"purchasable","19":"product-type-simple"},"_links":{"self":[{"href":"https:\/\/texus.fi\/en\/wp-json\/wp\/v2\/product\/5942","targetHints":{"allow":["GET"]}}],"collection":[{"href":"https:\/\/texus.fi\/en\/wp-json\/wp\/v2\/product"}],"about":[{"href":"https:\/\/texus.fi\/en\/wp-json\/wp\/v2\/types\/product"}],"replies":[{"embeddable":true,"href":"https:\/\/texus.fi\/en\/wp-json\/wp\/v2\/comments?post=5942"}],"wp:featuredmedia":[{"embeddable":true,"href":"https:\/\/texus.fi\/en\/wp-json\/wp\/v2\/media\/5945"}],"wp:attachment":[{"href":"https:\/\/texus.fi\/en\/wp-json\/wp\/v2\/media?parent=5942"}],"wp:term":[{"taxonomy":"product_brand","embeddable":true,"href":"https:\/\/texus.fi\/en\/wp-json\/wp\/v2\/product_brand?post=5942"},{"taxonomy":"product_cat","embeddable":true,"href":"https:\/\/texus.fi\/en\/wp-json\/wp\/v2\/product_cat?post=5942"},{"taxonomy":"product_tag","embeddable":true,"href":"https:\/\/texus.fi\/en\/wp-json\/wp\/v2\/product_tag?post=5942"}],"curies":[{"name":"wp","href":"https:\/\/api.w.org\/{rel}","templated":true}]}}