{"id":5949,"date":"2024-01-29T17:17:25","date_gmt":"2024-01-29T14:17:25","guid":{"rendered":"https:\/\/texus.fi\/?post_type=product&#038;p=5949"},"modified":"2026-03-10T10:55:49","modified_gmt":"2026-03-10T07:55:49","slug":"malmbergs-latausasema-evon-start-22kw-32a-pistorasia-type-2","status":"publish","type":"product","link":"https:\/\/texus.fi\/en\/malmbergs-latausasema-evon-start-22kw-32a-pistorasia-type-2\/","title":{"rendered":"Malmbergs &#8211; Latausasema Evon Start, 22kW, 32A, Pistorasia, Type 2"},"content":{"rendered":"<div class=\"tabs-panel panel-smart\">\n<div class=\"tab-content clearfix\">\n<div id=\"tab-description\" class=\"tab-pane active\">\n<div class=\"tabs-panel panel-smart\">\n<div class=\"tab-content clearfix\">\n<div id=\"tab-description\" class=\"tab-pane active\">\n<div class=\"tabs-panel panel-smart\">\n<div class=\"tab-content clearfix\">\n<div id=\"tab-description\" class=\"tab-pane active\">\n<div class=\"tabs-panel panel-smart\">\n<div class=\"tab-content clearfix\">\n<div id=\"tab-description\" class=\"tab-pane active\">\n<div class=\"tabs-panel panel-smart\">\n<div class=\"tab-content clearfix\">\n<div id=\"tab-description\" class=\"tab-pane active\">\n<div>Latausasema Evon Start on tyylik\u00e4s ja kompakti laturi, jonka harkittu muotoilu on suunniteltu sulautumaan ymp\u00e4rist\u00f6\u00f6n kiinteist\u00f6st\u00e4 riippumatta. Mukana musta etulevy, mutta asemaa voidaan t\u00e4ydent\u00e4\u00e4 eriv\u00e4risell\u00e4 etuosalla, mik\u00e4 mahdollistaa latausaseman sovittamisen huvilan tai loma-asunnon julkisivuun. Kuten aiemmissa latureissamme, siin\u00e4 on kaikki ominaisuudet, joita voit toivoa nykyaikaiselta autolaturilta. Saatavana versioina, joissa on pistorasia tai kaapeli. Voit hallita latausasemaa EVCHARGO-sovelluksen kautta tai mukana tulevan RFID-kortin avulla, joka tekee laturista helppok\u00e4ytt\u00f6isen. Sis\u00e4\u00e4nrakennettu vikavirtasuoja tyyppi A DC 6 mA tasavirtatunnistuksella vastaa B-tyypin vikavirtasuojaa. Sis\u00e4\u00e4nrakennettu SIM-kortti tekee latausaseman asentamisesta ja k\u00e4yt\u00f6st\u00e4 eritt\u00e4in helppoa riippumatta siit\u00e4, miss\u00e4 se sijaitsee. Sein\u00e4asennukseen tai pylv\u00e4\u00e4seen lis\u00e4tarvikkeena myyt\u00e4v\u00e4n telineen avulla.<\/div>\n<\/div>\n<\/div>\n<\/div>\n<div class=\"product-info-box\"><\/div>\n<\/div>\n<\/div>\n<\/div>\n<\/div>\n<\/div>\n<\/div>\n<\/div>\n<\/div>\n<\/div>\n<\/div>\n<\/div>\n<\/div>","protected":false},"excerpt":{"rendered":"<div class=\"tabs-panel panel-smart\">\n<div class=\"tab-content clearfix\">\n<div id=\"tab-description\" class=\"tab-pane active\">\n<div>Latausasema Evon Start on tyylik\u00e4s ja kompakti laturi, jonka harkittu muotoilu on suunniteltu sulautumaan ymp\u00e4rist\u00f6\u00f6n kiinteist\u00f6st\u00e4 riippumatta. Mukana musta etulevy, mutta asemaa voidaan t\u00e4ydent\u00e4\u00e4 eriv\u00e4risell\u00e4 etuosalla, mik\u00e4 mahdollistaa latausaseman sovittamisen huvilan tai loma-asunnon julkisivuun. Kuten aiemmissa latureissamme, siin\u00e4 on kaikki ominaisuudet, joita voit toivoa nykyaikaiselta autolaturilta. Saatavana versioina, joissa on pistorasia tai kaapeli. Voit hallita latausasemaa EVCHARGO-sovelluksen kautta tai mukana tulevan RFID-kortin avulla, joka tekee laturista helppok\u00e4ytt\u00f6isen. Sis\u00e4\u00e4nrakennettu vikavirtasuoja tyyppi A DC 6 mA tasavirtatunnistuksella vastaa B-tyypin vikavirtasuojaa. Sis\u00e4\u00e4nrakennettu SIM-kortti tekee latausaseman asentamisesta ja k\u00e4yt\u00f6st\u00e4 eritt\u00e4in helppoa riippumatta siit\u00e4, miss\u00e4 se sijaitsee. Sein\u00e4asennukseen tai pylv\u00e4\u00e4seen lis\u00e4tarvikkeena myyt\u00e4v\u00e4n telineen avulla.<\/div>\n<\/div>\n<\/div>\n<\/div>\n<div class=\"product-info-box\"><\/div>","protected":false},"featured_media":5951,"comment_status":"open","ping_status":"closed","template":"","meta":[],"product_brand":[],"product_cat":[165,168,15,164],"product_tag":[],"class_list":{"0":"post-5949","1":"product","2":"type-product","3":"status-publish","4":"has-post-thumbnail","6":"product_cat-latausasemat","7":"product_cat-latausasemat-ac","8":"product_cat-products","9":"product_cat-sahkoajoneuvot","10":"product_shipping_class-campaign-shipping","11":"pa_brands-malmbergs","13":"first","14":"instock","15":"taxable","16":"shipping-taxable","17":"purchasable","18":"product-type-simple"},"_links":{"self":[{"href":"https:\/\/texus.fi\/en\/wp-json\/wp\/v2\/product\/5949","targetHints":{"allow":["GET"]}}],"collection":[{"href":"https:\/\/texus.fi\/en\/wp-json\/wp\/v2\/product"}],"about":[{"href":"https:\/\/texus.fi\/en\/wp-json\/wp\/v2\/types\/product"}],"replies":[{"embeddable":true,"href":"https:\/\/texus.fi\/en\/wp-json\/wp\/v2\/comments?post=5949"}],"wp:featuredmedia":[{"embeddable":true,"href":"https:\/\/texus.fi\/en\/wp-json\/wp\/v2\/media\/5951"}],"wp:attachment":[{"href":"https:\/\/texus.fi\/en\/wp-json\/wp\/v2\/media?parent=5949"}],"wp:term":[{"taxonomy":"product_brand","embeddable":true,"href":"https:\/\/texus.fi\/en\/wp-json\/wp\/v2\/product_brand?post=5949"},{"taxonomy":"product_cat","embeddable":true,"href":"https:\/\/texus.fi\/en\/wp-json\/wp\/v2\/product_cat?post=5949"},{"taxonomy":"product_tag","embeddable":true,"href":"https:\/\/texus.fi\/en\/wp-json\/wp\/v2\/product_tag?post=5949"}],"curies":[{"name":"wp","href":"https:\/\/api.w.org\/{rel}","templated":true}]}}