{"id":691,"date":"2024-07-24T13:06:19","date_gmt":"2024-07-24T10:06:19","guid":{"rendered":"https:\/\/texus.fi\/?post_type=product&#038;p=691"},"modified":"2026-01-30T16:15:00","modified_gmt":"2026-01-30T13:15:00","slug":"tab-hybrid-inverter-three-phase","status":"publish","type":"product","link":"https:\/\/texus.fi\/en\/tab-hybrid-inverter-three-phase\/","title":{"rendered":"TAB Hybridi-invertteri 8kW 3-vaihe"},"content":{"rendered":"<p>TAB:in 3-vaihe hybridi-invertteri soveltuu niin asuin- kuin kaupalliseen k\u00e4ytt\u00f6\u00f6n. Invertteri on suunniteltu maksimoimaan aurinkoenergiasta tuotetun s\u00e4hk\u00f6n k\u00e4ytt\u00f6 ja lis\u00e4\u00e4m\u00e4\u00e4n energiatehokkuuttasi.<\/p>\n<p>P\u00e4iv\u00e4n aikana aurinkos\u00e4hk\u00f6j\u00e4rjestelm\u00e4 tuottaa s\u00e4hk\u00f6\u00e4, joka toimitetaan kiinteist\u00f6n kuormille. Ylim\u00e4\u00e4r\u00e4inen energia lataa akkua invertterin kautta. Varastoitunutta energiaa voidaan vapauttaa kuormien sit\u00e4 vaatiessa.<\/p>\n<p><strong>P\u00e4\u00e4ominaisuudet:<\/strong><\/p>\n<p>230\/400V kolmivaiheinen puhdas siniaaltoinvertteri<\/p>\n<p>Automaattinen uudelleenk\u00e4ynnistys AC:n palautuessa<\/p>\n<p>Ohjelmoitava sy\u00f6tt\u00f6prioriteetti akulle tai verkkoon<\/p>\n<p>Ohjelmoitavat toimintatilat: On-grid, off-grid ja UPS<\/p>\n<p>Konfiguroitavat akun latausvirta\/j\u00e4nnite tarpeiden mukaan LCD-n\u00e4yt\u00f6n kautta<\/p>\n<p>Latausprioriteetti (AC\/Aurinko\/Generaattorin kautta) s\u00e4\u00e4dett\u00e4viss\u00e4 LCD-n\u00e4yt\u00f6n avulla<\/p>\n<p>Voidaan kytke\u00e4 verkkoon tai generaattoriin<\/p>\n<p>Ylikuormitus\/ylil\u00e4mp\u00f6tila\/oikosulkusuojaus<\/p>\n<p>\u00c4lyk\u00e4s laturisuunnittelu optimoi akun suorituskyvyn<\/p>\n<p>Rajoitustoiminto est\u00e4m\u00e4\u00e4n liiallisen tehon vuotamisen verkkoon<\/p>\n<p>Tukee WIFI-seurantaa<\/p>\n<p>2kpl sis\u00e4\u00e4nrakennettua \u00a0MPPT-laitetta<\/p>\n<p>\u00c4lyk\u00e4s, s\u00e4\u00e4dett\u00e4v\u00e4 kolmivaiheinen MPPT-lataus optimoi akun suorituskyvyn<\/p>\n<p>K\u00e4ytt\u00f6aikatoiminto<\/p>\n<p>\u00c4lyk\u00e4s kuormatoiminto<\/p>\n<p><strong>Technical Information:<\/strong><\/p>\n<p>K\u00e4ytett\u00e4v\u00e4 akkutyyppi: lyijy tai Li-ion\/LiFePO4<br \/>\nAkun\/akuston j\u00e4nnitealue: 40-60V<br \/>\nSuurin lataus-\/purkuvirta: 190A<br \/>\nAC nimellisteho: 8000W<br \/>\nMaksimi paneeliteho: 10,4kW<br \/>\nMitat: 330x580x232<br \/>\nLiit\u00e4nn\u00e4t: 2kpl CAN-portteja BMS- ja rinnakkaisliit\u00e4nn\u00e4ll\u00e4, 1kpl RS485-portti BMS:lle, 1kpl RS232-portti kauko-ohjaukseen, 1kpl DRM-portti<\/p>\n<p><strong>Datasheet:<\/strong> <a href=\"https:\/\/texus.fi\/wp-content\/uploads\/2024\/07\/TAB_Hybrid-Inverter_TDS_01.09.2022_Three-Phase.pdf\">TAB_Hybrid Inverter_TDS_Three Phase<\/a><\/p>","protected":false},"excerpt":{"rendered":"<p>TAB:in 3-vaihe hybridi-invertteri soveltuu niin asuin- kuin kaupalliseen k\u00e4ytt\u00f6\u00f6n. Invertteri on suunniteltu maksimoimaan aurinkoenergiasta tuotetun s\u00e4hk\u00f6n k\u00e4ytt\u00f6 ja lis\u00e4\u00e4m\u00e4\u00e4n energiatehokkuuttasi.<\/p>\n<p>P\u00e4iv\u00e4n aikana aurinkos\u00e4hk\u00f6j\u00e4rjestelm\u00e4 tuottaa s\u00e4hk\u00f6\u00e4, joka toimitetaan kiinteist\u00f6n kuormille. Ylim\u00e4\u00e4r\u00e4inen energia lataa akkua invertterin kautta. Varastoitunutta energiaa voidaan vapauttaa kuormien sit\u00e4 vaatiessa.<\/p>","protected":false},"featured_media":692,"comment_status":"open","ping_status":"closed","template":"","meta":[],"product_brand":[],"product_cat":[37,36,15],"product_tag":[],"class_list":{"0":"post-691","1":"product","2":"type-product","3":"status-publish","4":"has-post-thumbnail","6":"product_cat-hybridivaihtosuuntaajat","7":"product_cat-invertterit","8":"product_cat-products","9":"product_shipping_class-campaign-shipping","10":"pa_brands-tab","12":"first","13":"instock","14":"taxable","15":"shipping-taxable","16":"purchasable","17":"product-type-simple"},"_links":{"self":[{"href":"https:\/\/texus.fi\/en\/wp-json\/wp\/v2\/product\/691","targetHints":{"allow":["GET"]}}],"collection":[{"href":"https:\/\/texus.fi\/en\/wp-json\/wp\/v2\/product"}],"about":[{"href":"https:\/\/texus.fi\/en\/wp-json\/wp\/v2\/types\/product"}],"replies":[{"embeddable":true,"href":"https:\/\/texus.fi\/en\/wp-json\/wp\/v2\/comments?post=691"}],"wp:featuredmedia":[{"embeddable":true,"href":"https:\/\/texus.fi\/en\/wp-json\/wp\/v2\/media\/692"}],"wp:attachment":[{"href":"https:\/\/texus.fi\/en\/wp-json\/wp\/v2\/media?parent=691"}],"wp:term":[{"taxonomy":"product_brand","embeddable":true,"href":"https:\/\/texus.fi\/en\/wp-json\/wp\/v2\/product_brand?post=691"},{"taxonomy":"product_cat","embeddable":true,"href":"https:\/\/texus.fi\/en\/wp-json\/wp\/v2\/product_cat?post=691"},{"taxonomy":"product_tag","embeddable":true,"href":"https:\/\/texus.fi\/en\/wp-json\/wp\/v2\/product_tag?post=691"}],"curies":[{"name":"wp","href":"https:\/\/api.w.org\/{rel}","templated":true}]}}