{"id":696,"date":"2024-07-24T13:11:53","date_gmt":"2024-07-24T10:11:53","guid":{"rendered":"https:\/\/texus.fi\/?post_type=product&#038;p=696"},"modified":"2026-01-30T14:44:22","modified_gmt":"2026-01-30T11:44:22","slug":"tab-e-module-l5-1","status":"publish","type":"product","link":"https:\/\/texus.fi\/en\/tab-e-module-l5-1\/","title":{"rendered":"TAB ESS Rack e.Module L5.1 51,2V\/5kWh"},"content":{"rendered":"<h2>TAB e.module L5.1: Energian varastoinnin tulevaisuus<\/h2>\n<h3>Varmuutta Energiatarpeisiisi<\/h3>\n<p>Esittelyss\u00e4\u00a0<strong>TAB e.module L5.1<\/strong>, huipputekninen litiumrautafosfaatti (LiFePO4) -energiavarastoratkaisu, joka t\u00e4ytt\u00e4\u00e4 energian tarpeesi ylivoimaisella luotettavuudella ja tehokkuudella. Suunniteltu tukemaan suuria tehovaatimuksia, TAB e.module L5.1 takaa vakaan ja kest\u00e4v\u00e4n energiansaannin monenlaisiin sovelluksiin.<\/p>\n<h3>Keskeiset Ominaisuudet:<\/h3>\n<ul>\n<li><strong>Erinomainen Purkusyvyys<\/strong>: Huomattava 97% purkusyvyys maksimoi k\u00e4ytett\u00e4viss\u00e4 olevan energian, tarjoten paremman suorituskyvyn verrattuna perinteisiin akkuihin.<\/li>\n<li><strong>Edistynyt Akkunhallintaj\u00e4rjestelm\u00e4 (BMS)<\/strong>: Nauti mielenrauhasta sis\u00e4\u00e4nrakennetun aktiivisen suojan ansiosta, joka est\u00e4\u00e4 ylilatauksen, liiallisen purkamisen, ylivirran ja \u00e4\u00e4ril\u00e4mp\u00f6tilat. \u00c4lyk\u00e4s BMS takaa akun optimaalisen suorituskyvyn ja pitk\u00e4ik\u00e4isyyden.<\/li>\n<li><strong>Ymp\u00e4rist\u00f6yst\u00e4v\u00e4llinen<\/strong>: Valmistettu myrkytt\u00f6mist\u00e4 ja saasteettomista materiaaleista, TAB e.module L5.1 on yht\u00e4 ymp\u00e4rist\u00f6yst\u00e4v\u00e4llinen kuin tehokaskin. Valitse kest\u00e4vyys tinkim\u00e4tt\u00e4 laadusta.<\/li>\n<li><strong>Laajennettavissa ja Joustava<\/strong>: Lis\u00e4\u00e4 j\u00e4rjestelm\u00e4n kapasiteettia ja tehoa helposti yhdist\u00e4m\u00e4ll\u00e4 useita moduuleja rinnakkain. TAB e.module L5.1 tarjoaa joustavat konfigurointivaihtoehdot, jotka sopivat erityisiin energiatavoitteisiisi.<\/li>\n<li><strong>Tehokas Itsej\u00e4\u00e4hdytys<\/strong>: Innovatiivinen itsej\u00e4\u00e4hdytt\u00e4v\u00e4 muotoilu v\u00e4hent\u00e4\u00e4 melua ja lis\u00e4\u00e4 tehokkuutta, tehden siit\u00e4 ihanteellisen valinnan asuin-, liike- ja teollisuuskohteisiin.<\/li>\n<li><strong>Made in Europe<\/strong>: Akku on kasattu ja akun BMS-piirikortti valmistettu Sloveniassa.<\/li>\n<\/ul>\n<h3>Technical Information:<\/h3>\n<ul>\n<li><strong>Nimellisj\u00e4nnite<\/strong>: 51.2 V<\/li>\n<li><strong>Nimelliskapasiteetti<\/strong>: 5120 Wh<\/li>\n<li><strong>Jatkuva Purkuvirta<\/strong>: Jopa 100 A<\/li>\n<li><strong>Huippupurkuvirta<\/strong>: 200 A (15 sekuntia)<\/li>\n<li><strong>Ty\u00f6l\u00e4mp\u00f6tila<\/strong>: 0\u00b0C &#8211; 45\u00b0C<\/li>\n<li><strong>Kosteusalue<\/strong>: 20% &#8211; 95% (ei-kondensoiva)<\/li>\n<li><strong>IP-luokitus<\/strong>: IP20<\/li>\n<li><strong>Weight<\/strong>: 47.5 kg<\/li>\n<li><strong>Dimensions<\/strong>: 442 x 459 x 160 mm<\/li>\n<li><strong>Kommunikointiliit\u00e4nn\u00e4t<\/strong>: CAN, RS485<\/li>\n<\/ul>\n<h3>Turvallisuus ja Luotettavuus<\/h3>\n<p>Turvallisuus on meille t\u00e4rkeint\u00e4. TAB e.module L5.1 on varustettu lukuisilla suojatoiminnoilla, kuten automaattisella j\u00e4nnitetasapainotuksella, lataus\/purkaustilan hallinnalla ja oikosulkusuojauksella. Moduulimme testataan huolellisesti ja ne t\u00e4ytt\u00e4v\u00e4t kansainv\u00e4liset turvallisuusstandardit, varmistaen ett\u00e4 energiavarastoj\u00e4rjestelm\u00e4si toimii sujuvasti ja turvallisesti.<\/p>\n<h3>Miksi Valita TAB e.module L5.1?<\/h3>\n<p>TAB on energian varastointiratkaisujen luotettu johtaja, jolla on pitk\u00e4 historia innovaatiosta ja laadusta. Tuotteemme on suunniteltu tarjoamaan erinomaista suorituskyky\u00e4, ja ne perustuvat asiakastyytyv\u00e4isyyteen ja ymp\u00e4rist\u00f6vastuuseen.<\/p>\n<hr \/>\n<h3>Koe Tulevaisuuden Energia TAB e.module L5.1 avulla<\/h3>\n<p>Hallitse energiatarpeesi TAB e.module L5.1 avulla. Etsitp\u00e4 ratkaisua kotisi, yrityksesi tai teollisuuslaitoksen energian hallintaan, huippuluokan energiavarastoratkaisumme tarjoaa tarvitsemasi luotettavuuden ja tehokkuuden. Hy\u00f6dynn\u00e4 energian tulevaisuus TAB:n kanssa\u2014miss\u00e4 innovaatio kohtaa kest\u00e4vyyden.<\/p>\n<div class=\"wp-block-columns is-layout-flex wp-container-3 wp-block-columns-is-layout-flex\">\n<div class=\"wp-block-column is-layout-flow wp-block-column-is-layout-flow\">\n<p><span style=\"vertical-align: inherit;\"><span style=\"vertical-align: inherit;\">Data sheet: <\/span><\/span><a href=\"https:\/\/texus.fi\/wp-content\/uploads\/2024\/07\/TAB_e.module_TDS_L5.1_EN.pdf\"><span style=\"vertical-align: inherit;\"><span style=\"vertical-align: inherit;\">TAB_e.module_TDS_L5.1_EN<\/span><\/span><\/a><\/p>\n<\/div>\n<\/div>","protected":false},"excerpt":{"rendered":"<p>Esittelyss\u00e4\u00a0<strong>TAB e.module L5.1<\/strong>, huipputekninen litiumrautafosfaatti (LiFePO4) -energiavarastoratkaisu, joka t\u00e4ytt\u00e4\u00e4 energian tarpeesi ylivoimaisella luotettavuudella ja tehokkuudella. Suunniteltu tukemaan suuria tehovaatimuksia, TAB e.module L5.1 takaa vakaan ja kest\u00e4v\u00e4n energiansaannin monenlaisiin sovelluksiin.<\/p>","protected":false},"featured_media":698,"comment_status":"open","ping_status":"closed","template":"","meta":[],"product_brand":[],"product_cat":[35,15],"product_tag":[],"class_list":{"0":"post-696","1":"product","2":"type-product","3":"status-publish","4":"has-post-thumbnail","6":"product_cat-ess-ratkaisut","7":"product_cat-products","8":"product_shipping_class-campaign-shipping","9":"pa_brands-tab","11":"first","12":"instock","13":"sale","14":"taxable","15":"shipping-taxable","16":"purchasable","17":"product-type-simple"},"_links":{"self":[{"href":"https:\/\/texus.fi\/en\/wp-json\/wp\/v2\/product\/696","targetHints":{"allow":["GET"]}}],"collection":[{"href":"https:\/\/texus.fi\/en\/wp-json\/wp\/v2\/product"}],"about":[{"href":"https:\/\/texus.fi\/en\/wp-json\/wp\/v2\/types\/product"}],"replies":[{"embeddable":true,"href":"https:\/\/texus.fi\/en\/wp-json\/wp\/v2\/comments?post=696"}],"wp:featuredmedia":[{"embeddable":true,"href":"https:\/\/texus.fi\/en\/wp-json\/wp\/v2\/media\/698"}],"wp:attachment":[{"href":"https:\/\/texus.fi\/en\/wp-json\/wp\/v2\/media?parent=696"}],"wp:term":[{"taxonomy":"product_brand","embeddable":true,"href":"https:\/\/texus.fi\/en\/wp-json\/wp\/v2\/product_brand?post=696"},{"taxonomy":"product_cat","embeddable":true,"href":"https:\/\/texus.fi\/en\/wp-json\/wp\/v2\/product_cat?post=696"},{"taxonomy":"product_tag","embeddable":true,"href":"https:\/\/texus.fi\/en\/wp-json\/wp\/v2\/product_tag?post=696"}],"curies":[{"name":"wp","href":"https:\/\/api.w.org\/{rel}","templated":true}]}}