{"id":721,"date":"2024-07-25T12:55:57","date_gmt":"2024-07-25T09:55:57","guid":{"rendered":"https:\/\/texus.fi\/?post_type=product&#038;p=721"},"modified":"2025-03-05T14:21:37","modified_gmt":"2025-03-05T11:21:37","slug":"sonnenkraft-power-modules-maxim","status":"publish","type":"product","link":"https:\/\/texus.fi\/en\/sonnenkraft-power-modules-maxim\/","title":{"rendered":"Sonnenkraft - POWER modules MAXIM"},"content":{"rendered":"<p><span data-sheets-root=\"1\">POWER modules MAXIM for shading<\/span><br \/>\n<span data-sheets-root=\"1\">\u2014 Suitable for areas with potential shading, soiling or different orientations<\/span><br \/>\n<span data-sheets-root=\"1\">\u2014 Intelligent MAXIM junction box compensates shading losses and increases the energy yield<\/span><br \/>\n<span data-sheets-root=\"1\">\u2014 No additional components required and compatible with all inverters<\/span><br \/>\n<span data-sheets-root=\"1\">\u2014 Low glare solar glass with anti-reflective coating<\/span><\/p>\n<p>MAXIM Technology<br \/>\n<span data-sheets-root=\"1\">If parts of a PV module are shaded, this leads to a reduction in the output of the entire module or string. Integrated power optimizers can be used to counteract these power losses. In the MAXIM module, the conventional bypass diodes are replaced by intelligent MAXIM optimizers. The shaded cell string, is bypassed so no negative impact on the remaining serial connection remains is bypassed up to 10% more yield can be generated.<\/span><\/p>\n<ul>\n<li><span data-sheets-root=\"1\">365 Wp HC MAXIM black with 120 half-cut<\/span><br \/>\n<span data-sheets-root=\"1\">Design: black frame and black back sheet<\/span><br \/>\n<span data-sheets-root=\"1\">back sheet (front: black, back: white)<\/span><\/li>\n<li><span data-sheets-root=\"1\">410 Wp HC MAXIM black with 108 half-cut<\/span><br \/>\n<span data-sheets-root=\"1\">Design: black frame and black back sheet<\/span><br \/>\n<span data-sheets-root=\"1\">back sheet (front: black, back: white)<\/span><\/li>\n<\/ul>\n<p><strong>Datasheet:<\/strong> <a href=\"https:\/\/texus.fi\/wp-content\/uploads\/2024\/07\/Datenblatt-fuer-Verschattungen-POWER-HC-MAXIM_365.pdf\">Datenblatt-fuer-Verschattungen-POWER-HC-MAXIM_365<\/a><\/p>","protected":false},"excerpt":{"rendered":"<p>POWER-moduulit MAXIM varjostusta varten &#8211; Soveltuu alueille, joilla voi esiinty\u00e4 varjostusta, likaantumista tai eri suuntiin suuntautumista. &#8211; \u00c4lyk\u00e4s MAXIM-liit\u00e4nt\u00e4rasia kompensoi varjostush\u00e4vi\u00f6it\u00e4 ja lis\u00e4\u00e4 energiantuottoa. &#8211; Ei vaadi lis\u00e4komponentteja ja on yhteensopiva kaikkien taajuusmuuttajien kanssa. &#8211; Heijastamaton aurinkolasi, jossa on heijastamaton pinnoite MAXIM Technology Jos osa aurinkos\u00e4hk\u00f6moduulista varjostuu, koko moduulin tai s\u00e4ikeen teho pienenee. Integroituja tehooptimointilaitteita [&hellip;]<\/p>\n","protected":false},"featured_media":724,"comment_status":"open","ping_status":"closed","template":"","meta":[],"product_brand":[],"product_cat":[27,29,15],"product_tag":[],"class_list":{"0":"post-721","1":"product","2":"type-product","3":"status-publish","4":"has-post-thumbnail","6":"product_cat-aurinkopaneelit","7":"product_cat-monofacial","8":"product_cat-products","9":"pa_brands-sonnenkraft","11":"first","12":"onbackorder","13":"taxable","14":"shipping-taxable","15":"product-type-simple"},"_links":{"self":[{"href":"https:\/\/texus.fi\/en\/wp-json\/wp\/v2\/product\/721","targetHints":{"allow":["GET"]}}],"collection":[{"href":"https:\/\/texus.fi\/en\/wp-json\/wp\/v2\/product"}],"about":[{"href":"https:\/\/texus.fi\/en\/wp-json\/wp\/v2\/types\/product"}],"replies":[{"embeddable":true,"href":"https:\/\/texus.fi\/en\/wp-json\/wp\/v2\/comments?post=721"}],"wp:featuredmedia":[{"embeddable":true,"href":"https:\/\/texus.fi\/en\/wp-json\/wp\/v2\/media\/724"}],"wp:attachment":[{"href":"https:\/\/texus.fi\/en\/wp-json\/wp\/v2\/media?parent=721"}],"wp:term":[{"taxonomy":"product_brand","embeddable":true,"href":"https:\/\/texus.fi\/en\/wp-json\/wp\/v2\/product_brand?post=721"},{"taxonomy":"product_cat","embeddable":true,"href":"https:\/\/texus.fi\/en\/wp-json\/wp\/v2\/product_cat?post=721"},{"taxonomy":"product_tag","embeddable":true,"href":"https:\/\/texus.fi\/en\/wp-json\/wp\/v2\/product_tag?post=721"}],"curies":[{"name":"wp","href":"https:\/\/api.w.org\/{rel}","templated":true}]}}