{"id":725,"date":"2024-07-25T12:56:07","date_gmt":"2024-07-25T09:56:07","guid":{"rendered":"https:\/\/texus.fi\/?post_type=product&#038;p=725"},"modified":"2025-03-05T14:21:35","modified_gmt":"2025-03-05T11:21:35","slug":"sonnenkraft-power-modules-alpin","status":"publish","type":"product","link":"https:\/\/texus.fi\/en\/sonnenkraft-power-modules-alpin\/","title":{"rendered":"Sonnenkraft - POWER modules ALPIN"},"content":{"rendered":"<p><span data-sheets-root=\"1\">POWER modules ALPIN for high snow loads<\/span><\/p>\n<p><span data-sheets-root=\"1\">\u2014 Suitable for areas with very high snow loads<\/span><br \/>\n<span data-sheets-root=\"1\">\u2014 Stronger module frame with more flexibility<\/span><br \/>\n<span data-sheets-root=\"1\">\u2014 Better stiffening of the module through the installation of optional backrails on the back of the module<\/span><\/p>\n<p><span data-sheets-root=\"1\">Snow loads up to 8,000 Pa<\/span><br \/>\n<span data-sheets-root=\"1\">Tested with rafter anchors and backrails in accordance with SPF test specifications In order to stiffen the POWER-MODUL ALPIN 325 Wp depending on the installation situation and withstand the highest loads of up to 8,000 Pa, two optional backrails are are attached to the rear of the module. Through an inhomogeneous SPF snow load test, the module was tested for downslope forces and meets the highest standards of quality and safety.<\/span><\/p>\n<ul>\n<li><span data-sheets-root=\"1\">325 Wp ALPIN black with 60 full cells<\/span><br \/>\n<span data-sheets-root=\"1\">Design: black frame and black back sheet rear foil (front: black, rear: white)<\/span><\/li>\n<li><span data-sheets-root=\"1\">425 Wp HC ALPIN black (2 x 2 mm) with 108 bifacial half-cut<\/span><br \/>\n<span data-sheets-root=\"1\">Design: black frame and transparent encapsulation encapsulation foil and black screen print<\/span><\/li>\n<li><span data-sheets-root=\"1\">400 Wp HC ALPIN terracotta (2 x 2 mm) with 108 half-cut<\/span><br \/>\n<span data-sheets-root=\"1\">Design: red frame and red encapsulating film especially for monument conservation<\/span><\/li>\n<\/ul>\n<p>Datasheet:<\/p>\n<p><a href=\"https:\/\/texus.fi\/wp-content\/uploads\/2024\/07\/Datenblatt-fuer-hohe-Schneelasten-POWER-ALPIN_325_430.pdf\">Datenblatt-fuer-hohe-Schneelasten-POWER-ALPIN_325_430<\/a><br \/>\n<a href=\"https:\/\/texus.fi\/wp-content\/uploads\/2024\/07\/Datenblatt-fuer-Denkmalgeschuetzte-Gebaeude-TERRACOTTA_400.pdf\">Datenblatt-fuer-Denkmalgeschuetzte-Gebaeude-TERRACOTTA_400<\/a><\/p>","protected":false},"excerpt":{"rendered":"<p>POWER-moduulit ALPIN suuria lumikuormia varten &#8211; Soveltuu alueille, joilla lumikuormat ovat eritt\u00e4in suuria. &#8211; Vahvempi moduulikehys, jossa on enemm\u00e4n joustavuutta &#8211; Moduulin parempi j\u00e4ykist\u00e4minen asentamalla moduulin takaosaan valinnaiset takakiskot. Lumikuormat jopa 8 000 Pa Testattu parruankkureilla ja takakiskoilla SPF-testiohjeiden mukaisesti Jotta POWER-MODUL ALPIN 325 Wp j\u00e4ykistet\u00e4\u00e4n asennustilanteen mukaan ja kest\u00e4\u00e4 suurimmat, jopa 8 000 Pa:n [&hellip;]<\/p>\n","protected":false},"featured_media":727,"comment_status":"open","ping_status":"closed","template":"","meta":[],"product_brand":[],"product_cat":[27,28,29,15],"product_tag":[],"class_list":{"0":"post-725","1":"product","2":"type-product","3":"status-publish","4":"has-post-thumbnail","6":"product_cat-aurinkopaneelit","7":"product_cat-bifacial","8":"product_cat-monofacial","9":"product_cat-products","10":"pa_brands-sonnenkraft","12":"first","13":"onbackorder","14":"taxable","15":"shipping-taxable","16":"product-type-simple"},"_links":{"self":[{"href":"https:\/\/texus.fi\/en\/wp-json\/wp\/v2\/product\/725","targetHints":{"allow":["GET"]}}],"collection":[{"href":"https:\/\/texus.fi\/en\/wp-json\/wp\/v2\/product"}],"about":[{"href":"https:\/\/texus.fi\/en\/wp-json\/wp\/v2\/types\/product"}],"replies":[{"embeddable":true,"href":"https:\/\/texus.fi\/en\/wp-json\/wp\/v2\/comments?post=725"}],"wp:featuredmedia":[{"embeddable":true,"href":"https:\/\/texus.fi\/en\/wp-json\/wp\/v2\/media\/727"}],"wp:attachment":[{"href":"https:\/\/texus.fi\/en\/wp-json\/wp\/v2\/media?parent=725"}],"wp:term":[{"taxonomy":"product_brand","embeddable":true,"href":"https:\/\/texus.fi\/en\/wp-json\/wp\/v2\/product_brand?post=725"},{"taxonomy":"product_cat","embeddable":true,"href":"https:\/\/texus.fi\/en\/wp-json\/wp\/v2\/product_cat?post=725"},{"taxonomy":"product_tag","embeddable":true,"href":"https:\/\/texus.fi\/en\/wp-json\/wp\/v2\/product_tag?post=725"}],"curies":[{"name":"wp","href":"https:\/\/api.w.org\/{rel}","templated":true}]}}