{"id":730,"date":"2024-07-25T13:13:58","date_gmt":"2024-07-25T10:13:58","guid":{"rendered":"https:\/\/texus.fi\/?post_type=product&#038;p=730"},"modified":"2025-03-05T14:21:34","modified_gmt":"2025-03-05T11:21:34","slug":"kontron-solar-coolcept-flex-2-mpp-tracker","status":"publish","type":"product","link":"https:\/\/texus.fi\/en\/kontron-solar-coolcept-flex-2-mpp-tracker\/","title":{"rendered":"Steca - coolcept fleX | 2 MPP-Tracker"},"content":{"rendered":"<p><span data-sheets-root=\"1\">Single-phase inverter with two MPP trackers<\/span><\/p>\n<h3><span data-sheets-root=\"1\">Proven technology - even more flexible<\/span><\/h3>\n<p><span data-sheets-root=\"1\">With coolcept fleX, Kontron Solar GmbH presents the successor generation of the proven Steca coolcept topology. Coolcept fleX offers a creative energy concept for every modern home.<\/span><\/p>\n<p><span data-sheets-root=\"1\">What is coolcept fleX?<\/span><br \/>\n<span data-sheets-root=\"1\">The brand new electronic platform is used as the technological core of the next generation of solar electronics, combining power generation from photovoltaics, load management and even e-mobility. While the coolcept-fleX platform is open with regard to its future use, it is still implemented on a single circuit board. This means that it is now possible to use one and the same device for very different applications.<\/span><\/p>\n<p><span data-sheets-root=\"1\">coolcept fleX inverters<\/span><br \/>\n<span data-sheets-root=\"1\">Coolcept fleX is the core of the new generation of inverters from Steca.<\/span><br \/>\n<span data-sheets-root=\"1\">With rated outputs of 1.5 - 5.0 kW, these achieve the usual high peak efficiencies.<\/span><br \/>\n<span data-sheets-root=\"1\">Your advantages in using coolcept fleX inverters<\/span><\/p>\n<p><span data-sheets-root=\"1\">coolcept fleX is flexible.<\/span><br \/>\n<span data-sheets-root=\"1\">Multiple MPP trackers allow simple or even complicated module arrays to be handled.<\/span><\/p>\n<p><span data-sheets-root=\"1\">coolcept fleX is robust and uncomplicated.<\/span><br \/>\n<span data-sheets-root=\"1\">Indoor and outdoor installation is made possible by the robust IP65 housing. Yet the product range remains one of the lightest in its class and is also easy to install.<\/span><\/p>\n<p><span data-sheets-root=\"1\">coolcept fleX is future-proof.<\/span><br \/>\n<span data-sheets-root=\"1\">Kontron Solar GmbH offers the holistic concept for energy generation, consumption, storage and feed-in for the homes of tomorrow.<\/span><\/p>\n<h3><span data-sheets-root=\"1\">GLOBAL INNOVATION<\/span><\/h3>\n<p><span data-sheets-root=\"1\">One for all<\/span><br \/>\n<span data-sheets-root=\"1\">This all-in-one solution is unmatched in price, offers functions for a wide range of applications, and is even scalable in terms of power requirements: Whether you need one or more MPP trackers, high-voltage or low-voltage storage, or a solution with or without an emergency power supply \u2013 anything is possible. Even charging an electric vehicle directly from a PV generator has already been considered and prepared. The new components and setting options also enable use in a large number of countries.<\/span><\/p>\n<h3><span data-sheets-root=\"1\">Highest efficiency at any input voltage and proven cooling concept<\/span><\/h3>\n<p><span data-sheets-root=\"1\">The maximum efficiencies of the state-of-the-art power electronics topology ensure minimal losses, thus guaranteeing a very long service life thanks to extremely low levels of self-heating.<\/span><\/p>\n<p><strong>Datasheet:<\/strong> <a href=\"https:\/\/texus.fi\/wp-content\/uploads\/2024\/07\/coolceptfleX_2MPP-TrackerproductdatasheetEN-1.pdf\">coolcept+fleX+_+2+MPP-Tracker+productdatasheet+EN<\/a><\/p>","protected":false},"excerpt":{"rendered":"<p>Yksivaiheinen vaihtosuuntaaja, jossa on kaksi MPP-seurantalaitetta Hyv\u00e4ksi todettu tekniikka &#8211; entist\u00e4kin joustavampi Kontron Solar GmbH esittelee coolcept fleX:n my\u00f6t\u00e4 hyv\u00e4ksi havaitun Steca coolcept -topologian seuraavan sukupolven. Coolcept fleX tarjoaa luovan energiakonseptin jokaiseen moderniin kotiin. Mik\u00e4 on coolcept fleX? Upouusi elektroniikka-alusta toimii seuraavan sukupolven aurinkoelektroniikan teknologisena ytimen\u00e4, jossa yhdistyv\u00e4t aurinkos\u00e4hk\u00f6st\u00e4 tuotettu s\u00e4hk\u00f6, kuormanhallinta ja jopa s\u00e4hk\u00f6inen [&hellip;]<\/p>\n","protected":false},"featured_media":731,"comment_status":"open","ping_status":"closed","template":"","meta":[],"product_brand":[],"product_cat":[41,15,43],"product_tag":[],"class_list":{"0":"post-730","1":"product","2":"type-product","3":"status-publish","4":"has-post-thumbnail","6":"product_cat-mpp-tracker","7":"product_cat-products","8":"product_cat-yksivaiheinen","9":"pa_brands-kontron","11":"first","12":"onbackorder","13":"taxable","14":"shipping-taxable","15":"product-type-simple"},"_links":{"self":[{"href":"https:\/\/texus.fi\/en\/wp-json\/wp\/v2\/product\/730","targetHints":{"allow":["GET"]}}],"collection":[{"href":"https:\/\/texus.fi\/en\/wp-json\/wp\/v2\/product"}],"about":[{"href":"https:\/\/texus.fi\/en\/wp-json\/wp\/v2\/types\/product"}],"replies":[{"embeddable":true,"href":"https:\/\/texus.fi\/en\/wp-json\/wp\/v2\/comments?post=730"}],"wp:featuredmedia":[{"embeddable":true,"href":"https:\/\/texus.fi\/en\/wp-json\/wp\/v2\/media\/731"}],"wp:attachment":[{"href":"https:\/\/texus.fi\/en\/wp-json\/wp\/v2\/media?parent=730"}],"wp:term":[{"taxonomy":"product_brand","embeddable":true,"href":"https:\/\/texus.fi\/en\/wp-json\/wp\/v2\/product_brand?post=730"},{"taxonomy":"product_cat","embeddable":true,"href":"https:\/\/texus.fi\/en\/wp-json\/wp\/v2\/product_cat?post=730"},{"taxonomy":"product_tag","embeddable":true,"href":"https:\/\/texus.fi\/en\/wp-json\/wp\/v2\/product_tag?post=730"}],"curies":[{"name":"wp","href":"https:\/\/api.w.org\/{rel}","templated":true}]}}