{"id":782,"date":"2024-08-02T17:41:43","date_gmt":"2024-08-02T14:41:43","guid":{"rendered":"https:\/\/texus.fi\/?post_type=product&#038;p=782"},"modified":"2025-03-05T14:20:40","modified_gmt":"2025-03-05T11:20:40","slug":"oukitel-p1201-portable-power-station-1200w-960wh","status":"publish","type":"product","link":"https:\/\/texus.fi\/en\/oukitel-p1201-portable-power-station-1200w-960wh\/","title":{"rendered":"OUKITEL - P1201 Portable Power Station 1200W\/960Wh"},"content":{"rendered":"<ul>\n<li><span data-sheets-root=\"1\"><strong>960Wh Capacity with 1200W AC Pure Sine Wave<\/strong> Inverter With a 960Wh battery capacity, the P1201 portable power station can always offer a reliable power resource for your home blackouts, camping, and RV travel. The 1200W rated output powers most of your electric devices (fridge, laptop, coffee maker, electric grill, etc. )<\/span><\/li>\n<li><span data-sheets-root=\"1\"><strong>Super-fast Charging and Solar Power Supply<\/strong> The P1201 charges from 0-80% within 1.5 hours by wall outlet. Support max input of 500W, P1201 can be charged by solar panels (12-48V\/15A) in around 2-3 hours.<\/span><\/li>\n<li><span data-sheets-root=\"1\"><strong>Compact and Portable<\/strong> Lightweight and compact size feature great portability and dual foldable handles for easy transportation on the go.<\/span><\/li>\n<li><span data-sheets-root=\"1\"><strong>Safety and Long-lasting<\/strong> The BMS can protect P1201 from over-charge, over-discharge, over-voltage, short-circuit, high-temperature, and more. P1201 is powered by LiFePO4 batteries, which can be used up to 3500 times (80% of original capacity).<\/span><\/li>\n<li><span data-sheets-root=\"1\"><strong>UPS<\/strong> Less than 10ms switchover Uninterruptible Power Supply (UPS) feature allows you to power your essential electric devices (computer, CAPA, fridge, etc.) without damage from the sudden power outage.<\/span><\/li>\n<\/ul>\n<p><strong>Ota yhteytt\u00e4 tilausta varten: sales@texus.fi<\/strong><\/p>\n<p>&nbsp;<\/p>","protected":false},"excerpt":{"rendered":"<p><span data-sheets-root=\"1\"><strong>960Wh Capacity with 1200W AC Pure Sine Wave<\/strong> 960Wh akkukapasiteetin ansiosta kannettava P1201-virta-asema voi aina tarjota luotettavan virtal\u00e4hteen kodin s\u00e4hk\u00f6katkoksia, retkeily\u00e4 ja matkailuautomatkoja varten. 1200W:n nimellisteho antaa virtaa useimpiin s\u00e4hk\u00f6laitteisiisi (j\u00e4\u00e4kaappi, kannettava tietokone, kahvinkeitin, s\u00e4hk\u00f6grilli jne. ).,<\/span><\/p>\n<p><strong>Ota yhteytt\u00e4 tilausta varten: sales@texus.fi<\/strong><\/p>","protected":false},"featured_media":3249,"comment_status":"open","ping_status":"closed","template":"","meta":[],"product_brand":[],"product_cat":[38,121,15,34],"product_tag":[],"class_list":{"0":"post-782","1":"product","2":"type-product","3":"status-publish","4":"has-post-thumbnail","6":"product_cat-kannettava-aurinkogeneraattori","7":"product_cat-muut-tuotteet","8":"product_cat-products","9":"product_cat-virta-asemat","10":"pa_brands-oikitel","12":"first","13":"onbackorder","14":"sale","15":"taxable","16":"shipping-taxable","17":"purchasable","18":"product-type-simple"},"_links":{"self":[{"href":"https:\/\/texus.fi\/en\/wp-json\/wp\/v2\/product\/782","targetHints":{"allow":["GET"]}}],"collection":[{"href":"https:\/\/texus.fi\/en\/wp-json\/wp\/v2\/product"}],"about":[{"href":"https:\/\/texus.fi\/en\/wp-json\/wp\/v2\/types\/product"}],"replies":[{"embeddable":true,"href":"https:\/\/texus.fi\/en\/wp-json\/wp\/v2\/comments?post=782"}],"wp:featuredmedia":[{"embeddable":true,"href":"https:\/\/texus.fi\/en\/wp-json\/wp\/v2\/media\/3249"}],"wp:attachment":[{"href":"https:\/\/texus.fi\/en\/wp-json\/wp\/v2\/media?parent=782"}],"wp:term":[{"taxonomy":"product_brand","embeddable":true,"href":"https:\/\/texus.fi\/en\/wp-json\/wp\/v2\/product_brand?post=782"},{"taxonomy":"product_cat","embeddable":true,"href":"https:\/\/texus.fi\/en\/wp-json\/wp\/v2\/product_cat?post=782"},{"taxonomy":"product_tag","embeddable":true,"href":"https:\/\/texus.fi\/en\/wp-json\/wp\/v2\/product_tag?post=782"}],"curies":[{"name":"wp","href":"https:\/\/api.w.org\/{rel}","templated":true}]}}