{"id":824,"date":"2024-07-26T15:24:48","date_gmt":"2024-07-26T12:24:48","guid":{"rendered":"https:\/\/texus.fi\/?post_type=product&#038;p=824"},"modified":"2025-03-05T14:21:30","modified_gmt":"2025-03-05T11:21:30","slug":"oukitel-400w-portable-solar-panel","status":"publish","type":"product","link":"https:\/\/texus.fi\/en\/oukitel-400w-portable-solar-panel\/","title":{"rendered":"OUKITEL - 400W Portable Solar Panel"},"content":{"rendered":"<ul>\n<li>400W solar power for fast charging<\/li>\n<li>Up to 23% conversion rate<\/li>\n<li>Long-lasting ETFE coating<\/li>\n<li>Compact &amp; Foldable Design<\/li>\n<li>IP65 Splash-Proof Rating<\/li>\n<li>Durable &amp; Weather-Resistant<\/li>\n<li>Eco-Friendly Power Solution<\/li>\n<li>Compatible with OUKITEL and most third party power stations<\/li>\n<\/ul>\n<p><strong>Ota yhteytt\u00e4 tilausta varten: sales@texus.fi<\/strong><\/p>","protected":false},"excerpt":{"rendered":"<p>400W aurinkoenergiaa nopeaa latausta varten Jopa 23 % muuntokurssi Pitk\u00e4kestoinen ETFE-pinnoite Kompakti ja kokoontaitettava muotoilu IP65 roiskevesisuojausluokitus Kest\u00e4v\u00e4 &amp; s\u00e4\u00e4nkest\u00e4v\u00e4 Ymp\u00e4rist\u00f6yst\u00e4v\u00e4llinen virtaratkaisu Yhteensopiva OUKITELin ja useimpien kolmansien osapuolten s\u00e4hk\u00f6asemien kanssa Ota yhteytt\u00e4 tilausta varten: sales@texus.fi<\/p>","protected":false},"featured_media":3246,"comment_status":"open","ping_status":"closed","template":"","meta":[],"product_brand":[],"product_cat":[39,15],"product_tag":[],"class_list":{"0":"post-824","1":"product","2":"type-product","3":"status-publish","4":"has-post-thumbnail","6":"product_cat-kannettavat-aurinkopaneelit","7":"product_cat-products","8":"pa_brands-oikitel","10":"first","11":"onbackorder","12":"sale","13":"taxable","14":"shipping-taxable","15":"purchasable","16":"product-type-simple"},"_links":{"self":[{"href":"https:\/\/texus.fi\/en\/wp-json\/wp\/v2\/product\/824","targetHints":{"allow":["GET"]}}],"collection":[{"href":"https:\/\/texus.fi\/en\/wp-json\/wp\/v2\/product"}],"about":[{"href":"https:\/\/texus.fi\/en\/wp-json\/wp\/v2\/types\/product"}],"replies":[{"embeddable":true,"href":"https:\/\/texus.fi\/en\/wp-json\/wp\/v2\/comments?post=824"}],"wp:featuredmedia":[{"embeddable":true,"href":"https:\/\/texus.fi\/en\/wp-json\/wp\/v2\/media\/3246"}],"wp:attachment":[{"href":"https:\/\/texus.fi\/en\/wp-json\/wp\/v2\/media?parent=824"}],"wp:term":[{"taxonomy":"product_brand","embeddable":true,"href":"https:\/\/texus.fi\/en\/wp-json\/wp\/v2\/product_brand?post=824"},{"taxonomy":"product_cat","embeddable":true,"href":"https:\/\/texus.fi\/en\/wp-json\/wp\/v2\/product_cat?post=824"},{"taxonomy":"product_tag","embeddable":true,"href":"https:\/\/texus.fi\/en\/wp-json\/wp\/v2\/product_tag?post=824"}],"curies":[{"name":"wp","href":"https:\/\/api.w.org\/{rel}","templated":true}]}}