{"id":874,"date":"2024-08-02T17:41:43","date_gmt":"2024-08-02T14:41:43","guid":{"rendered":"https:\/\/texus.fi\/?post_type=product&#038;p=874"},"modified":"2025-03-05T14:20:36","modified_gmt":"2025-03-05T11:20:36","slug":"sosen-700w-portable-power-station","status":"publish","type":"product","link":"https:\/\/texus.fi\/en\/sosen-700w-portable-power-station\/","title":{"rendered":"PEGIANT - 700W Portable Power Station"},"content":{"rendered":"<div class=\"unit-detail_item\">\n<div class=\"unit-detail-description\"><span data-sheets-root=\"1\">Pegiant PE-700 is a powerful, reliable 700W portable power energy solution. High-power AC\/DC, fast charging, 6 ways to recharge. Ideal for camping, self-driving, outdoor cameras, and emergencies. Rugged and fashion design, boosts productivity.<\/span><\/div>\n<\/div>\n<div class=\"unit-detail_item\">\n<div class=\"unit-detail-profile\">\n<ul>\n<li><span data-sheets-root=\"1\">2024 Reddot Winner: Crossbody bag-style design.<\/span><\/li>\n<li><span data-sheets-root=\"1\">307Wh\/700W(1400W Peak).<\/span><\/li>\n<li><span data-sheets-root=\"1\">Lightning-Fast Charging: 0-80% in 50 mins.<\/span><\/li>\n<li><span data-sheets-root=\"1\">10 Years of reliable use.<\/span><\/li>\n<li><span data-sheets-root=\"1\">Charge all your consumer devices.<\/span><\/li>\n<li><span data-sheets-root=\"1\">Easy to use &amp; grab-and-go convenience.<\/span><\/li>\n<li><span data-sheets-root=\"1\">Essential Home Backup: 20ms switch-over.<\/span><\/li>\n<li><span data-sheets-root=\"1\">5 Output modes, power 10 appliances simultaneously.<\/span><\/li>\n<\/ul>\n<div id=\"unit-aln0S4TOqIuqAxu\" class=\"\">\n<div class=\"ce-text_item\">\n<div class=\"ce-text\">\n<h3><span data-sheets-root=\"1\">On-the-Go Portable Power<\/span><\/h3>\n<\/div>\n<\/div>\n<\/div>\n<div id=\"unit-pCOXi2Sjzv8gjV6\" class=\"\">\n<div class=\"ce-text_item\">\n<div class=\"ce-text\">\n<p><strong>307Wh\/700W Crossbody Bag-style Portable Power<\/strong><\/p>\n<\/div>\n<\/div>\n<\/div>\n<div id=\"unit-uNXemfXpWs0eoKn\" class=\"\">\n<div class=\"ce-text_item\">\n<div class=\"ce-text\">\n<p><span data-sheets-root=\"1\">Sosen Innovation's PE-700: Empower your outdoor adventures. Ideal for road trips, camping, sailing, fishing, or outdoor work, its crossbody bag-style design frees your hands completely. With 6 charging methods and superfast charging, uninterrupted power is guaranteed. Stay connected and powered up with PE-700.<\/span><\/p>\n<p><span data-sheets-root=\"1\">Perfect for adventurous souls seeking reliable, on-the-go power.<\/span><\/p>\n<div id=\"unit-U0iQD66IFTFeHro\" class=\"\">\n<div class=\"ce-text_item\">\n<div class=\"ce-text\">\n<p><strong>Product Features<\/strong><\/p>\n<\/div>\n<\/div>\n<\/div>\n<div id=\"unit-kwk9AmieOZDD8WB\" class=\"\">\n<div class=\"ce-text_item\">\n<div class=\"ce-text\">\n<ul>\n<li><span data-sheets-root=\"1\">EV-Class LiFePO4 Battery Cells.<\/span><\/li>\n<li><span data-sheets-root=\"1\">Long life Cycle of 3,000 times to 80%+ Capacity.<\/span><\/li>\n<li><span data-sheets-root=\"1\">Bidirectional Inverter Technology Charging 80% &lt;1h.<\/span><\/li>\n<li><span data-sheets-root=\"1\">ECO Mode (control in APP for option).<\/span><\/li>\n<li><span data-sheets-root=\"1\">8 Safety BMS Protections Modes and 6 Recharging Ways.<\/span><\/li>\n<li><span data-sheets-root=\"1\">5 Output Modes.<\/span><\/li>\n<li><span data-sheets-root=\"1\">10 Output Ports.<\/span><\/li>\n<li><span data-sheets-root=\"1\">700W High Power Output,1400W Peak.<\/span><\/li>\n<li><span data-sheets-root=\"1\">3-year Warranty.<\/span><\/li>\n<\/ul>\n<\/div>\n<\/div>\n<\/div>\n<\/div>\n<\/div>\n<\/div>\n<\/div>\n<\/div>","protected":false},"excerpt":{"rendered":"<p>Pegiant PE-700 on tehokas ja luotettava 700 W:n kannettava energiaratkaisu. Suuritehoinen AC\/DC, nopea lataus, 6 tapaa ladata. Ihanteellinen retkeilyyn, itseajoon, ulkokameroihin ja h\u00e4t\u00e4tilanteisiin. Kest\u00e4v\u00e4 ja muodikas muotoilu, lis\u00e4\u00e4 tuottavuutta. Vuoden 2024 Reddot-voittaja: Ristilaukku-tyylinen muotoilu. 307Wh\/700W (1400W huippu). Salamannopea lataus: 0-80% 50 minuutissa. 10 vuotta luotettavaa k\u00e4ytt\u00f6\u00e4. Lataa kaikki kuluttajalaitteesi. Helppok\u00e4ytt\u00f6inen ja k\u00e4tev\u00e4 napata ja vied\u00e4 [&hellip;]<\/p>\n","protected":false},"featured_media":880,"comment_status":"open","ping_status":"closed","template":"","meta":[],"product_brand":[],"product_cat":[121,15,34],"product_tag":[],"class_list":{"0":"post-874","1":"product","2":"type-product","3":"status-publish","4":"has-post-thumbnail","6":"product_cat-muut-tuotteet","7":"product_cat-products","8":"product_cat-virta-asemat","9":"product_shipping_class-standard-delivery","10":"pa_brands-pegiant","12":"first","13":"outofstock","14":"sale","15":"taxable","16":"shipping-taxable","17":"purchasable","18":"product-type-simple"},"_links":{"self":[{"href":"https:\/\/texus.fi\/en\/wp-json\/wp\/v2\/product\/874","targetHints":{"allow":["GET"]}}],"collection":[{"href":"https:\/\/texus.fi\/en\/wp-json\/wp\/v2\/product"}],"about":[{"href":"https:\/\/texus.fi\/en\/wp-json\/wp\/v2\/types\/product"}],"replies":[{"embeddable":true,"href":"https:\/\/texus.fi\/en\/wp-json\/wp\/v2\/comments?post=874"}],"wp:featuredmedia":[{"embeddable":true,"href":"https:\/\/texus.fi\/en\/wp-json\/wp\/v2\/media\/880"}],"wp:attachment":[{"href":"https:\/\/texus.fi\/en\/wp-json\/wp\/v2\/media?parent=874"}],"wp:term":[{"taxonomy":"product_brand","embeddable":true,"href":"https:\/\/texus.fi\/en\/wp-json\/wp\/v2\/product_brand?post=874"},{"taxonomy":"product_cat","embeddable":true,"href":"https:\/\/texus.fi\/en\/wp-json\/wp\/v2\/product_cat?post=874"},{"taxonomy":"product_tag","embeddable":true,"href":"https:\/\/texus.fi\/en\/wp-json\/wp\/v2\/product_tag?post=874"}],"curies":[{"name":"wp","href":"https:\/\/api.w.org\/{rel}","templated":true}]}}