{"id":884,"date":"2024-07-30T15:17:03","date_gmt":"2024-07-30T12:17:03","guid":{"rendered":"https:\/\/texus.fi\/?post_type=product&#038;p=884"},"modified":"2025-03-05T14:21:28","modified_gmt":"2025-03-05T11:21:28","slug":"kontron-solar-coolcept%c2%b3-flex","status":"publish","type":"product","link":"https:\/\/texus.fi\/en\/kontron-solar-coolcept%c2%b3-flex\/","title":{"rendered":"Steca &#8211; coolcept\u00b3 fleX"},"content":{"rendered":"<h3><span data-sheets-root=\"1\">Three-phase inverter with one MPP tracker<\/span><\/h3>\n<div id=\"productdescription\" class=\"productdescription hdsection\">\n<h3><span data-sheets-root=\"1\">Inverter topology<\/span><\/h3>\n<p><span data-sheets-root=\"1\">The coolcept inverter topology was implemented for the first time in the single-phase StecaGrid inverters and achieved the highest levels of efficiency thanks to its innovative circuitry. The three-phase coolcept\u00b3-fleX inverters also enjoy the advantages that this circuit provides. The three-phase topology is fully reactive current-capable and therefore also equipped for future requirements.<\/span><\/p>\n<h3><span data-sheets-root=\"1\">Always symmetrical<\/span><\/h3>\n<p><span data-sheets-root=\"1\">The advantage of three-phase feed-in is that the solar power produced is always distributed symmetrically on all three grid conductors to the public grid. This is the case with these inverters over the entire power range. The symmetrical feed-in is entirely in the interest of the energy supply companies and also corresponds to the three-phase consumption in the household.<\/span><\/p>\n<h3><span data-sheets-root=\"1\">Highest efficiency with a long service life<\/span><\/h3>\n<p><span data-sheets-root=\"1\">The very high efficiency level results in a peak efficiency of 98.6%, which means that less power loss has to be generated and dissipated to the environment. These are your yield advantages.<\/span><\/p>\n<p><span data-sheets-root=\"1\">As energy is fed into the grid on at least two phases at all times with three-phase feed-in, intermediate energy storage in the unit is not necessary \u2013 as is the case with single-phase feed-in. For example, the coolcept\u00b3-fleX inverters completely eliminate the electrolytic capacitors required for intermediate storage, which can affect the service life of an electronic device if they dry out. The system operator therefore has the prospect of a long service life when using the coolcept\u00b3-fleX inverters.<\/span><\/p>\n<p><span data-sheets-root=\"1\">In addition, a new, unique cooling concept inside the inverters guarantees an even distribution of heat and with it, a long service life for the devices.<\/span><\/p>\n<h3><span data-sheets-root=\"1\">Product design and visualisation<\/span><\/h3>\n<p><span data-sheets-root=\"1\">The StecaGrid has a graphical LCD display that visualises energy yield values, current outputs and the operating parameters of the system. The innovative menu offers the possibility of individually selecting the different measured values. A guided, pre-programmed menu ensures seamless, final commissioning of the unit.<\/span><\/p>\n<h3><span data-sheets-root=\"1\">Assembly<\/span><\/h3>\n<p><span data-sheets-root=\"1\">Weighing just 12 kg, the lightweight units can be mounted effortlessly and securely onto the wall. The wall bracket supplied enables simple and very convenient installation. It is also not necessary to open the unit for installation. All connections as well as the DC isolator are accessible from the outside. For the DC connection, the Sunclix mating connectors are included in the scope of delivery.<\/span><\/p>\n<\/div>\n<div id=\"productproperty\" class=\"productproperty hdsection bg_grey_full mrgntp-1 pddngtp-2 pddngbt-2\">\n<h2><span data-sheets-root=\"1\">Features<\/span><\/h2>\n<h3 class=\"technicaldatatabletitle\"><span data-sheets-root=\"1\">Product Features<\/span><\/h3>\n<ul>\n<li>Highest efficiency<\/li>\n<li>Three-phase, symmetrical grid feeding<\/li>\n<li>Simple installation<\/li>\n<li>Integrated data logger<\/li>\n<li>Low housing temperature at full load<\/li>\n<li>Robust metal casing<\/li>\n<li>Suitable for outdoor installation<\/li>\n<li>Integrated DC circuit breaker<\/li>\n<li>Very long service life<\/li>\n<li>Droop Mode for integration in hybrid systems<\/li>\n<li>Fixed voltage mode for other energy sources<\/li>\n<li>Optimised shadow management using global MPP tracking<\/li>\n<\/ul>\n<h3><span data-sheets-root=\"1\">Displays<\/span><\/h3>\n<ul class=\"technicaldataul\">\n<li><span data-sheets-root=\"1\">Multifunction graphical LC display with backlighting<\/span><\/li>\n<li><span data-sheets-root=\"1\">Animated representation of yield<\/span><\/li>\n<\/ul>\n<h3 class=\"technicaldatatabletitle\"><span data-sheets-root=\"1\">Operation<\/span><\/h3>\n<ul class=\"technicaldataul\">\n<li><span data-sheets-root=\"1\">Simple menu-driven operation<\/span><\/li>\n<li><span data-sheets-root=\"1\">Multilingual menu navigation<\/span><\/li>\n<\/ul>\n<\/div>\n<p><strong>Datasheet:<\/strong> <a href=\"https:\/\/texus.fi\/wp-content\/uploads\/2024\/07\/coolcept\u00b3fleXproductdatasheetEN.pdf\">coolcept\u00b3+fleX+productdatasheet+EN<\/a><\/p>","protected":false},"excerpt":{"rendered":"<p>Kolmivaiheinen vaihtosuuntaaja, jossa on yksi MPP-seurantalaite Taajuusmuuttajan topologia Coolcept-taajuusmuuttajatopologia toteutettiin ensimm\u00e4ist\u00e4 kertaa yksivaiheisissa StecaGrid-taajuusmuuttajissa, ja sen innovatiivisten piirien ansiosta saavutettiin korkein hy\u00f6tysuhde. My\u00f6s kolmivaiheiset coolcept\u00b3-fleX-taajuusmuuttajat hy\u00f6tyv\u00e4t t\u00e4m\u00e4n piirin tarjoamista eduista. Kolmivaiheinen topologia on t\u00e4ysin reaktiivivirtauskykyinen ja siten varustettu my\u00f6s tulevaisuuden vaatimuksia varten. Aina symmetrinen Kolmivaiheisen sy\u00f6t\u00f6n etuna on, ett\u00e4 tuotettu aurinkos\u00e4hk\u00f6 jaetaan aina symmetrisesti kaikkiin [&hellip;]<\/p>\n","protected":false},"featured_media":731,"comment_status":"open","ping_status":"closed","template":"","meta":[],"product_brand":[],"product_cat":[42,41,15],"product_tag":[],"class_list":{"0":"post-884","1":"product","2":"type-product","3":"status-publish","4":"has-post-thumbnail","6":"product_cat-kolmivaiheinen","7":"product_cat-mpp-tracker","8":"product_cat-products","9":"pa_brands-kontron","11":"first","12":"onbackorder","13":"taxable","14":"shipping-taxable","15":"product-type-simple"},"_links":{"self":[{"href":"https:\/\/texus.fi\/en\/wp-json\/wp\/v2\/product\/884","targetHints":{"allow":["GET"]}}],"collection":[{"href":"https:\/\/texus.fi\/en\/wp-json\/wp\/v2\/product"}],"about":[{"href":"https:\/\/texus.fi\/en\/wp-json\/wp\/v2\/types\/product"}],"replies":[{"embeddable":true,"href":"https:\/\/texus.fi\/en\/wp-json\/wp\/v2\/comments?post=884"}],"wp:featuredmedia":[{"embeddable":true,"href":"https:\/\/texus.fi\/en\/wp-json\/wp\/v2\/media\/731"}],"wp:attachment":[{"href":"https:\/\/texus.fi\/en\/wp-json\/wp\/v2\/media?parent=884"}],"wp:term":[{"taxonomy":"product_brand","embeddable":true,"href":"https:\/\/texus.fi\/en\/wp-json\/wp\/v2\/product_brand?post=884"},{"taxonomy":"product_cat","embeddable":true,"href":"https:\/\/texus.fi\/en\/wp-json\/wp\/v2\/product_cat?post=884"},{"taxonomy":"product_tag","embeddable":true,"href":"https:\/\/texus.fi\/en\/wp-json\/wp\/v2\/product_tag?post=884"}],"curies":[{"name":"wp","href":"https:\/\/api.w.org\/{rel}","templated":true}]}}