{"id":889,"date":"2024-07-30T15:28:51","date_gmt":"2024-07-30T12:28:51","guid":{"rendered":"https:\/\/texus.fi\/?post_type=product&#038;p=889"},"modified":"2025-03-05T14:21:27","modified_gmt":"2025-03-05T11:21:27","slug":"kontron-solar-steca-solarix-mppt","status":"publish","type":"product","link":"https:\/\/texus.fi\/en\/kontron-solar-steca-solarix-mppt\/","title":{"rendered":"Steca &#8211; Solarix MPPT"},"content":{"rendered":"<div id=\"productdescription\" class=\"productdescription hdsection\">\n<p><span data-sheets-root=\"1\">Steca Solarix MPPT are solar charge controllers with maximum power point tracking. These are suitable for all common module technologies and are the ideal fit for solar systems with module voltages higher than the battery voltage. In particular, this means that inexpensive PV modules that are used for grid-connected systems can also be used autonomously.<\/span><\/p>\n<p><span data-sheets-root=\"1\">The efficient MPP tracking algorithm from Steca always provides the maximum usable power of the module and therefore significantly increases the energy yield, especially in poor weather conditions (cloud cover, winter, diffused light). The Steca Solarix MPPT charge controllers combine state-of-the-art charging technology with high efficiency, professional battery maintenance with numerous setting options, a modern design, excellent protective functions and an intuitive LC display with menu navigation.<\/span><\/p>\n<\/div>\n<div id=\"productproperty\" class=\"productproperty hdsection bg_grey_full mrgntp-1 pddngtp-2 pddngbt-2\">\n<p><span class=\"pic zoomimagefe\"><img fetchpriority=\"high\" decoding=\"async\" class=\"pic\" src=\"https:\/\/www.kontron-solar.com\/data\/media\/214\/21423_204x280x72x72x100_Steca_Solarix_MPPT_3020_line_drawing_RGB.jpg\" alt=\"Steca Solarix MPPT 3020 line drawing RGB\" width=\"280\" height=\"204\" data-zoompic=\"214\/21423_1166x1600x72x72x100_Steca_Solarix_MPPT_3020_line_drawing_RGB.jpg\" \/><\/span><\/p>\n<h2>Features<\/h2>\n<h3>Product Features<\/h3>\n<ul>\n<li>Maximum Power Point Tracker (MPP tracker)<\/li>\n<li>Voltage and current regulation<\/li>\n<li>Multistage charging technology (also suitable for lithium batteries)<\/li>\n<li>Automatic load reconnection<\/li>\n<li>Temperature compensation<\/li>\n<li>Positive earthing of one or negative earthing of several terminals possible<\/li>\n<li>Monthly equalisation charge<\/li>\n<\/ul>\n<h3>Electronic protection functions<\/h3>\n<ul>\n<li>Overcharge protection<\/li>\n<li>Deep discharge protection<\/li>\n<li>Reverse polarity protection of module, load and battery<\/li>\n<li>Reverse polarity protection by internal fuse<\/li>\n<li>Automatic electronic fuse<\/li>\n<li>Short circuit protection<\/li>\n<li>Overvoltage protection at module input<\/li>\n<li>Open circuit protection without battery<\/li>\n<li>Overtemperature and overload protection<\/li>\n<li>Load disconnection on battery overvoltage<\/li>\n<\/ul>\n<h3>Displays<\/h3>\n<ul>\n<li>Multifunction graphical LC display with backlighting<\/li>\n<\/ul>\n<h3>Operation<\/h3>\n<ul>\n<li>Simple menu-driven operation<\/li>\n<\/ul>\n<h3>Interfaces<\/h3>\n<ul>\n<li>Open Steca RS-232 interface<\/li>\n<\/ul>\n<\/div>\n<p><strong>Datasheet:<\/strong> <a href=\"https:\/\/texus.fi\/wp-content\/uploads\/2024\/07\/StecaSolarixMPPTproductdatasheetEN.pdf\">Steca+Solarix+MPPT+productdatasheet+EN<\/a><\/p>","protected":false},"excerpt":{"rendered":"<p>Steca Solarix MPPT on aurinkolatauss\u00e4\u00e4timi\u00e4, joissa on maksimitehopisteen seuranta. Ne soveltuvat kaikille yleisimmille moduuliteknologioille ja sopivat erinomaisesti aurinkoj\u00e4rjestelmiin, joissa moduulij\u00e4nnite on suurempi kuin akun j\u00e4nnite. T\u00e4m\u00e4 tarkoittaa erityisesti sit\u00e4, ett\u00e4 verkkoon kytketyiss\u00e4 j\u00e4rjestelmiss\u00e4 k\u00e4ytett\u00e4vi\u00e4 edullisia aurinkos\u00e4hk\u00f6moduuleja voidaan k\u00e4ytt\u00e4\u00e4 my\u00f6s itsen\u00e4isesti. Stecan tehokas MPP-seuranta-algoritmi tarjoaa aina moduulin suurimman k\u00e4ytt\u00f6kelpoisen tehon ja lis\u00e4\u00e4 siten merkitt\u00e4v\u00e4sti energiantuottoa erityisesti [&hellip;]<\/p>\n","protected":false},"featured_media":3271,"comment_status":"open","ping_status":"closed","template":"","meta":[],"product_brand":[],"product_cat":[44,15],"product_tag":[],"class_list":{"0":"post-889","1":"product","2":"type-product","3":"status-publish","4":"has-post-thumbnail","6":"product_cat-aurinkolatauksen-ohjain","7":"product_cat-products","8":"pa_brands-kontron","10":"first","11":"onbackorder","12":"taxable","13":"shipping-taxable","14":"product-type-simple"},"_links":{"self":[{"href":"https:\/\/texus.fi\/en\/wp-json\/wp\/v2\/product\/889","targetHints":{"allow":["GET"]}}],"collection":[{"href":"https:\/\/texus.fi\/en\/wp-json\/wp\/v2\/product"}],"about":[{"href":"https:\/\/texus.fi\/en\/wp-json\/wp\/v2\/types\/product"}],"replies":[{"embeddable":true,"href":"https:\/\/texus.fi\/en\/wp-json\/wp\/v2\/comments?post=889"}],"wp:featuredmedia":[{"embeddable":true,"href":"https:\/\/texus.fi\/en\/wp-json\/wp\/v2\/media\/3271"}],"wp:attachment":[{"href":"https:\/\/texus.fi\/en\/wp-json\/wp\/v2\/media?parent=889"}],"wp:term":[{"taxonomy":"product_brand","embeddable":true,"href":"https:\/\/texus.fi\/en\/wp-json\/wp\/v2\/product_brand?post=889"},{"taxonomy":"product_cat","embeddable":true,"href":"https:\/\/texus.fi\/en\/wp-json\/wp\/v2\/product_cat?post=889"},{"taxonomy":"product_tag","embeddable":true,"href":"https:\/\/texus.fi\/en\/wp-json\/wp\/v2\/product_tag?post=889"}],"curies":[{"name":"wp","href":"https:\/\/api.w.org\/{rel}","templated":true}]}}