{"id":892,"date":"2024-07-30T15:37:38","date_gmt":"2024-07-30T12:37:38","guid":{"rendered":"https:\/\/texus.fi\/?post_type=product&#038;p=892"},"modified":"2025-03-05T14:21:25","modified_gmt":"2025-03-05T11:21:25","slug":"kontron-solar-steca-solsum-0606-0808-1010","status":"publish","type":"product","link":"https:\/\/texus.fi\/en\/kontron-solar-steca-solsum-0606-0808-1010\/","title":{"rendered":"Steca &#8211; Solsum 0606 | 0808 | 1010"},"content":{"rendered":"<div id=\"productdescription\" class=\"productdescription hdsection\">\n<p><span data-sheets-root=\"1\">The Steca Solsum generation is one of the most successful and most frequently used charge controllers in solar home systems. With load currents of up to 10 A with automatic switching from 12 V or 24 V, it is ideally suited for devices with up to 240 W power.<\/span><\/p>\n<p><span data-sheets-root=\"1\">The printed circuit board is completely electronically protected and the LED display allows the battery status to be easily read. The connectors allow solar panels, battery and load to be connected easily. The Steca Solsum F operates as an energy-efficient series controller based on PWM.<\/span><\/p>\n<\/div>\n<div id=\"productproperty\" class=\"productproperty hdsection bg_grey_full mrgntp-1 pddngtp-2 pddngbt-2\">\n<p><span class=\"pic zoomimagefe\"><img fetchpriority=\"high\" decoding=\"async\" class=\"pic\" src=\"https:\/\/www.kontron-solar.com\/data\/media\/216\/21637_198x280x72x72x100_solsum_0606_bohrung.jpg\" alt=\"solsum 0606 bohrung\" width=\"280\" height=\"198\" data-zoompic=\"216\/21637_1131x1600x72x72x100_solsum_0606_bohrung.jpg\" \/><\/span><\/p>\n<h2>Features<\/h2>\n<h3>Product Features<\/h3>\n<ul>\n<li>Serial topology with MOSFETs<\/li>\n<li>Automatic detection of voltage<\/li>\n<li>Voltage regulation<\/li>\n<li>PWM control<\/li>\n<li>Multistage charging technology<\/li>\n<li>Current compensated load disconnection<\/li>\n<li>Automatic load reconnection<\/li>\n<li>Temperature compensation<\/li>\n<li>Negative earthing of one or positive earthing of several terminals possible.<\/li>\n<li>Monthly equalisation charge<\/li>\n<\/ul>\n<h3>Electronic protection functions<\/h3>\n<ul>\n<li>Overcharge protection<\/li>\n<li>Deep discharge protection<\/li>\n<li>Reverse polarity protection of module (\u226436 V),load and battery<\/li>\n<li>Automatic electronic fuse<\/li>\n<li>Short circuit protection of load and module<\/li>\n<li>Overvoltage protection at module input<\/li>\n<li>Open circuit protection without battery<\/li>\n<li>Reverse current protection at night<\/li>\n<li>Overtemperature and overload protection<\/li>\n<li>Load disconnection on battery overvoltage<\/li>\n<\/ul>\n<h3>Displays<\/h3>\n<ul>\n<li>Multifunction LED display<\/li>\n<li>Multi-coloured LED<\/li>\n<li>4 LEDs show operating states<\/li>\n<li>for operation, state of charge, fault messages<\/li>\n<\/ul>\n<h3>Options<\/h3>\n<ul>\n<li>Evening or night light function pre-set in the factory or adjustable via Steca PA RC 100<\/li>\n<li>Parameterisation of function values via Steca PA RC 100<\/li>\n<\/ul>\n<h3>Certificates<\/h3>\n<ul>\n<li>Compliant with European Standards (CE)<\/li>\n<li>RoHS compliant<\/li>\n<li>Made in EU<\/li>\n<li>Manufactured according to ISO 9001 and ISO 14001<\/li>\n<\/ul>\n<h3>Accessories<\/h3>\n<ul>\n<li>Steca PA RC100<\/li>\n<\/ul>\n<p><strong>Datasheet:<\/strong> <a href=\"https:\/\/texus.fi\/wp-content\/uploads\/2024\/07\/StecaSolsum0606_0808_1010productdatasheetEN-1.pdf\">Steca+Solsum+0606+_+0808+_+1010+productdatasheet+EN (1)<\/a><\/p>\n<\/div>","protected":false},"excerpt":{"rendered":"<p>Steca Solsum -sukupolvi on yksi menestyneimmist\u00e4 ja yleisimmin k\u00e4ytetyist\u00e4 latauss\u00e4\u00e4timist\u00e4 aurinkokotij\u00e4rjestelmiss\u00e4. Jopa 10 A:n kuormitusvirran ja automaattisen 12 V:n tai 24 V:n kytkenn\u00e4n ansiosta se soveltuu erinomaisesti enint\u00e4\u00e4n 240 W:n tehoisille laitteille. Painettu piirilevy on t\u00e4ysin elektronisesti suojattu, ja LED-n\u00e4yt\u00f6n avulla akun tila on helposti luettavissa. Liittimien avulla aurinkopaneelit, akku ja kuorma voidaan liitt\u00e4\u00e4 helposti. [&hellip;]<\/p>\n","protected":false},"featured_media":3274,"comment_status":"open","ping_status":"closed","template":"","meta":[],"product_brand":[],"product_cat":[44,15],"product_tag":[],"class_list":{"0":"post-892","1":"product","2":"type-product","3":"status-publish","4":"has-post-thumbnail","6":"product_cat-aurinkolatauksen-ohjain","7":"product_cat-products","8":"pa_brands-kontron","10":"first","11":"onbackorder","12":"taxable","13":"shipping-taxable","14":"product-type-simple"},"_links":{"self":[{"href":"https:\/\/texus.fi\/en\/wp-json\/wp\/v2\/product\/892","targetHints":{"allow":["GET"]}}],"collection":[{"href":"https:\/\/texus.fi\/en\/wp-json\/wp\/v2\/product"}],"about":[{"href":"https:\/\/texus.fi\/en\/wp-json\/wp\/v2\/types\/product"}],"replies":[{"embeddable":true,"href":"https:\/\/texus.fi\/en\/wp-json\/wp\/v2\/comments?post=892"}],"wp:featuredmedia":[{"embeddable":true,"href":"https:\/\/texus.fi\/en\/wp-json\/wp\/v2\/media\/3274"}],"wp:attachment":[{"href":"https:\/\/texus.fi\/en\/wp-json\/wp\/v2\/media?parent=892"}],"wp:term":[{"taxonomy":"product_brand","embeddable":true,"href":"https:\/\/texus.fi\/en\/wp-json\/wp\/v2\/product_brand?post=892"},{"taxonomy":"product_cat","embeddable":true,"href":"https:\/\/texus.fi\/en\/wp-json\/wp\/v2\/product_cat?post=892"},{"taxonomy":"product_tag","embeddable":true,"href":"https:\/\/texus.fi\/en\/wp-json\/wp\/v2\/product_tag?post=892"}],"curies":[{"name":"wp","href":"https:\/\/api.w.org\/{rel}","templated":true}]}}