{"id":895,"date":"2024-07-30T15:39:46","date_gmt":"2024-07-30T12:39:46","guid":{"rendered":"https:\/\/texus.fi\/?post_type=product&#038;p=895"},"modified":"2025-03-05T14:21:24","modified_gmt":"2025-03-05T11:21:24","slug":"kontron-solar-steca-solarix-prs","status":"publish","type":"product","link":"https:\/\/texus.fi\/en\/kontron-solar-steca-solarix-prs\/","title":{"rendered":"Steca &#8211; Solarix PRS"},"content":{"rendered":"<div id=\"productdescription\" class=\"productdescription hdsection\">\n<p><span data-sheets-root=\"1\">The Steca Solarix PRS solar charge controller offers impressive simplicity and performance while also boasting a modern design with a convenient display at an extremely attractive price.<\/span><\/p>\n<p><span data-sheets-root=\"1\">Multiple LEDs in different colours provide information about the battery's state of charge at a glance. Modern Steca algorithms are used to ensure optimal battery maintenance. The Steca Solarix PRS charge controllers are equipped with an electronic fuse, offering ideal protection. They operate according to the serial principle and separate the solar module from the battery to protect against overcharging.<\/span><\/p>\n<p><span data-sheets-root=\"1\">For larger projects, charge controllers can also be equipped with special functions, e.g. a night light function and selectable charge termination and deep discharge protection voltages.<\/span><\/p>\n<\/div>\n<div id=\"productproperty\" class=\"productproperty hdsection bg_grey_full mrgntp-1 pddngtp-2 pddngbt-2\">\n<p><span class=\"pic zoomimagefe\"><img fetchpriority=\"high\" decoding=\"async\" class=\"pic\" src=\"https:\/\/www.kontron-solar.com\/data\/media\/212\/21241_228x280x72x72x100_Steca_Solarix_PRS_technische_Zeichnung__2_.jpg\" alt=\"Steca Solarix PRS technische Zeichnung 2 \" width=\"280\" height=\"228\" data-zoompic=\"212\/21241_1303x1600x72x72x100_Steca_Solarix_PRS_technische_Zeichnung__2_.jpg\" \/><\/span><\/p>\n<h2>Features<\/h2>\n<h3>Product Features<\/h3>\n<ul>\n<li>Serial topology with MOSFETs<\/li>\n<li>Automatic detection of voltage<\/li>\n<li>Voltage regulation<\/li>\n<li>PWM control<\/li>\n<li>Multistage charging technology<\/li>\n<li>Current compensated load disconnection<\/li>\n<li>Automatic load reconnection<\/li>\n<li>Temperature compensation<\/li>\n<li>Negative earthing of one or positive earthing of several terminals possible.<\/li>\n<li>Monthly equalisation charge<\/li>\n<\/ul>\n<h3>Electronic protection functions<\/h3>\n<ul>\n<li>Overcharge protection<\/li>\n<li>Deep discharge protection<\/li>\n<li>Reverse polarity protection of module (\u226436 V),load and battery<\/li>\n<li>Automatic electronic fuse<\/li>\n<li>Short circuit protection of load and module<\/li>\n<li>Overvoltage protection at module input<\/li>\n<li>Open circuit protection without battery<\/li>\n<li>Reverse current protection at night<\/li>\n<li>Overtemperature and overload protection<\/li>\n<li>Load disconnection on battery overvoltage<\/li>\n<\/ul>\n<h3>Displays<\/h3>\n<ul>\n<li>Multifunction LED display<\/li>\n<li>Multi-coloured LED<\/li>\n<li>5 LEDs show operating states<\/li>\n<li>for operation, state of charge, fault messages<\/li>\n<\/ul>\n<h3>Options<\/h3>\n<ul>\n<li>Evening or night light function pre-set in the factory or adjustable via Steca PA RC 100<\/li>\n<li>Parameterisation of function values via Steca PA RC 100<\/li>\n<\/ul>\n<h3>Certificates<\/h3>\n<ul>\n<li>Compliant with European Standards (CE)<\/li>\n<li>RoHS compliant<\/li>\n<li>Made in EU<\/li>\n<li>Manufactured according to ISO 9001 and ISO 14001<\/li>\n<\/ul>\n<h3>Accessories<\/h3>\n<ul>\n<li>Steca PA RC100<\/li>\n<\/ul>\n<p><strong>Datasheet:<\/strong> <a href=\"https:\/\/texus.fi\/wp-content\/uploads\/2024\/07\/StecaSolarixPRSproductdatasheetEN.pdf\">Steca+Solarix+PRS+productdatasheet+EN<\/a><\/p>\n<\/div>","protected":false},"excerpt":{"rendered":"<p>Steca Solarix PRS -aurinkolatauss\u00e4\u00e4din on yksinkertaisuudessaan ja suorituskyvylt\u00e4\u00e4n vaikuttava, mutta siin\u00e4 on my\u00f6s moderni muotoilu ja k\u00e4tev\u00e4 n\u00e4ytt\u00f6 eritt\u00e4in edulliseen hintaan. Useat eriv\u00e4riset LED-valot kertovat akun varaustilan yhdell\u00e4 silm\u00e4yksell\u00e4. Nykyaikaisia Steca-algoritmeja k\u00e4ytet\u00e4\u00e4n akun optimaalisen yll\u00e4pidon varmistamiseksi. Steca Solarix PRS -latauss\u00e4\u00e4timet on varustettu elektronisella sulakkeella, joka tarjoaa ihanteellisen suojan. Ne toimivat sarjaperiaatteella ja erottavat aurinkomoduulin ja [&hellip;]<\/p>\n","protected":false},"featured_media":3272,"comment_status":"open","ping_status":"closed","template":"","meta":[],"product_brand":[],"product_cat":[44,15],"product_tag":[],"class_list":{"0":"post-895","1":"product","2":"type-product","3":"status-publish","4":"has-post-thumbnail","6":"product_cat-aurinkolatauksen-ohjain","7":"product_cat-products","8":"pa_brands-kontron","10":"first","11":"onbackorder","12":"taxable","13":"shipping-taxable","14":"product-type-simple"},"_links":{"self":[{"href":"https:\/\/texus.fi\/en\/wp-json\/wp\/v2\/product\/895","targetHints":{"allow":["GET"]}}],"collection":[{"href":"https:\/\/texus.fi\/en\/wp-json\/wp\/v2\/product"}],"about":[{"href":"https:\/\/texus.fi\/en\/wp-json\/wp\/v2\/types\/product"}],"replies":[{"embeddable":true,"href":"https:\/\/texus.fi\/en\/wp-json\/wp\/v2\/comments?post=895"}],"wp:featuredmedia":[{"embeddable":true,"href":"https:\/\/texus.fi\/en\/wp-json\/wp\/v2\/media\/3272"}],"wp:attachment":[{"href":"https:\/\/texus.fi\/en\/wp-json\/wp\/v2\/media?parent=895"}],"wp:term":[{"taxonomy":"product_brand","embeddable":true,"href":"https:\/\/texus.fi\/en\/wp-json\/wp\/v2\/product_brand?post=895"},{"taxonomy":"product_cat","embeddable":true,"href":"https:\/\/texus.fi\/en\/wp-json\/wp\/v2\/product_cat?post=895"},{"taxonomy":"product_tag","embeddable":true,"href":"https:\/\/texus.fi\/en\/wp-json\/wp\/v2\/product_tag?post=895"}],"curies":[{"name":"wp","href":"https:\/\/api.w.org\/{rel}","templated":true}]}}