{"id":901,"date":"2024-07-30T15:47:29","date_gmt":"2024-07-30T12:47:29","guid":{"rendered":"https:\/\/texus.fi\/?post_type=product&#038;p=901"},"modified":"2025-03-05T14:21:21","modified_gmt":"2025-03-05T11:21:21","slug":"steca-solarix-pli","status":"publish","type":"product","link":"https:\/\/texus.fi\/en\/steca-solarix-pli\/","title":{"rendered":"Steca &#8211; Solarix PLI"},"content":{"rendered":"<p><span data-sheets-root=\"1\">All-in-one package: Supplies consumers, charges batteries, allows connection to the power grid<\/span><\/p>\n<div id=\"productdescription\" class=\"productdescription hdsection\">\n<p><span data-sheets-root=\"1\">The Steca Solarix PLI is the first product from Kontron Solar GmbH to offer an all-in-one package. It allows users to supply consumers with 230 V AC power, charges the battery with an integrated MPPT charge controller, and at the same time permits connection to a generator or an available electricity grid. All in one device. This means that solar energy, for example, can be the top-priority power supply. And if that isn\u2019t enough, a generator can be started or the supply can be switched to the public grid. At the same time, the battery can also be recharged by either the generator or the grid.<\/span><\/p>\n<p><span data-sheets-root=\"1\">Given its very quick switchover time of up to 10 ms and its flexible energy priority selection, the Solarix PLI also acts as an uninterruptible power supply. With a dual overload capability, even difficult loads such as large AC motors can be started reliably. The maximum power point tracker in the integrated charge controller ensures that, even in adverse weather conditions, the maximum output is obtained from the PV modules in order to optimally charge the battery and supply the consumers with power at the same time.<\/span><\/p>\n<p><span data-sheets-root=\"1\">NEW: Fernlite - The monitoring solution for off-grid PLI inverters. Monitoring allows for effective central operation and management of large-scale PV solar systems.<\/span><\/p>\n<\/div>\n<div id=\"productproperty\" class=\"productproperty hdsection bg_grey_full mrgntp-1 pddngtp-2 pddngbt-2\">\n<p><span class=\"pic zoomimagefe\"><img fetchpriority=\"high\" decoding=\"async\" class=\"pic\" src=\"https:\/\/www.kontron-solar.com\/data\/media\/210\/21050_229x280x72x72x100_Unbenannt.jpg\" alt=\"Unbenannt\" width=\"280\" height=\"229\" data-zoompic=\"210\/21050_565x691x72x72x100_Unbenannt.jpg\" \/><\/span><\/p>\n<h2>Features<\/h2>\n<h3>Product Features<\/h3>\n<ul>\n<li>True sine wave voltage<\/li>\n<li>High overload capacity<\/li>\n<li>Integrated MPP tracker<\/li>\n<li>Multistage charging technology<\/li>\n<li>Monthly equalisation charge<\/li>\n<li>Auxiliary contact for starting the generator<\/li>\n<li>Adjustable cut-off voltages<\/li>\n<li>Battery type: gel \/ liquid lead battery<\/li>\n<li>Lightweight construction<\/li>\n<li>Easy Installation<\/li>\n<\/ul>\n<h3>Electronic protection functions<\/h3>\n<ul>\n<li>Overcharge protection<\/li>\n<li>Reverse polarity protection of modules, for battery via fuse<\/li>\n<li>Deep discharge protection<\/li>\n<li>Short circuit protection of load and module<\/li>\n<li>Reverse polarity protection by internal fuse<\/li>\n<li>Reverse current protection at night<\/li>\n<li>Overtemperature and overload protection<\/li>\n<li>Acoustic alarm<\/li>\n<li>PE connection<\/li>\n<\/ul>\n<h3>Displays<\/h3>\n<ul>\n<li>Graphical LC display<\/li>\n<li>3 multi-coloured LEDs show operating states<\/li>\n<\/ul>\n<h3>Operation<\/h3>\n<ul>\n<li>Simple menu-driven operation<\/li>\n<li>Programming by buttons<\/li>\n<\/ul>\n<h3>Interfaces<\/h3>\n<ul>\n<li>RS-232 serial interface to PC<\/li>\n<\/ul>\n<h3>Options<\/h3>\n<ul>\n<li>Interconnectable in parallel or in three phases (parallel kit required)<\/li>\n<\/ul>\n<h3>Certificates<\/h3>\n<ul>\n<li>Compliant with European Standards (CE)<\/li>\n<li>RoHS compliant<\/li>\n<li>Manufactured according to ISO 9001 and ISO 14001<\/li>\n<\/ul>\n<p><strong>Datasheet:<\/strong> <a href=\"https:\/\/texus.fi\/wp-content\/uploads\/2024\/07\/StecaSolarixPLIproductdatasheetEN.pdf\">Steca+Solarix+PLI+productdatasheet+EN<\/a><\/p>\n<\/div>","protected":false},"excerpt":{"rendered":"<p>All-in-one-paketti: Sy\u00f6tt\u00e4\u00e4 kuluttajat, lataa akut, mahdollistaa yhteyden s\u00e4hk\u00f6verkkoon. Steca Solarix PLI on Kontron Solar GmbH:n ensimm\u00e4inen tuote, joka tarjoaa kokonaispaketin. Sen avulla k\u00e4ytt\u00e4j\u00e4t voivat sy\u00f6tt\u00e4\u00e4 kuluttajille 230 V:n vaihtovirtaa, ladata akun integroidulla MPPT-latauss\u00e4\u00e4timell\u00e4 ja liitt\u00e4\u00e4 sen samalla generaattoriin tai k\u00e4ytett\u00e4viss\u00e4 olevaan s\u00e4hk\u00f6verkkoon. Kaikki yhdess\u00e4 laitteessa. T\u00e4m\u00e4 tarkoittaa, ett\u00e4 esimerkiksi aurinkoenergia voi olla ensisijainen virtal\u00e4hde. Ja [&hellip;]<\/p>\n","protected":false},"featured_media":903,"comment_status":"open","ping_status":"closed","template":"","meta":[],"product_brand":[],"product_cat":[36,15,45],"product_tag":[],"class_list":{"0":"post-901","1":"product","2":"type-product","3":"status-publish","4":"has-post-thumbnail","6":"product_cat-invertterit","7":"product_cat-products","8":"product_cat-siniaaltoinvertterit","9":"pa_brands-kontron","11":"first","12":"onbackorder","13":"taxable","14":"shipping-taxable","15":"product-type-simple"},"_links":{"self":[{"href":"https:\/\/texus.fi\/en\/wp-json\/wp\/v2\/product\/901","targetHints":{"allow":["GET"]}}],"collection":[{"href":"https:\/\/texus.fi\/en\/wp-json\/wp\/v2\/product"}],"about":[{"href":"https:\/\/texus.fi\/en\/wp-json\/wp\/v2\/types\/product"}],"replies":[{"embeddable":true,"href":"https:\/\/texus.fi\/en\/wp-json\/wp\/v2\/comments?post=901"}],"wp:featuredmedia":[{"embeddable":true,"href":"https:\/\/texus.fi\/en\/wp-json\/wp\/v2\/media\/903"}],"wp:attachment":[{"href":"https:\/\/texus.fi\/en\/wp-json\/wp\/v2\/media?parent=901"}],"wp:term":[{"taxonomy":"product_brand","embeddable":true,"href":"https:\/\/texus.fi\/en\/wp-json\/wp\/v2\/product_brand?post=901"},{"taxonomy":"product_cat","embeddable":true,"href":"https:\/\/texus.fi\/en\/wp-json\/wp\/v2\/product_cat?post=901"},{"taxonomy":"product_tag","embeddable":true,"href":"https:\/\/texus.fi\/en\/wp-json\/wp\/v2\/product_tag?post=901"}],"curies":[{"name":"wp","href":"https:\/\/api.w.org\/{rel}","templated":true}]}}