{"id":904,"date":"2024-08-13T10:38:30","date_gmt":"2024-08-13T07:38:30","guid":{"rendered":"https:\/\/texus.fi\/?post_type=product&#038;p=904"},"modified":"2025-03-05T14:20:03","modified_gmt":"2025-03-05T11:20:03","slug":"steca-aj","status":"publish","type":"product","link":"https:\/\/texus.fi\/en\/steca-aj\/","title":{"rendered":"Steca &#8211; AJ"},"content":{"rendered":"<p><span data-sheets-root=\"1\">Inverters with different DC input voltages and a variety of power classes<\/span><\/p>\n<div id=\"productdescription\" class=\"productdescription hdsection\">\n<p><span data-sheets-root=\"1\">The Steca AJ inverter series is characterised above all by the variety of available power classes and different DC input voltages it offers.<\/span><\/p>\n<p><span data-sheets-root=\"1\">This means that the ideal inverter can be selected for every application. The cables for connecting the battery and the loads are already pre-assembled on the Steca AJ and help facilitate the device installation. The automatic standby mode significantly reduces the inverter's self-consumption. The excellent overload capacity of the Steca AJ inverters ensures that even critical loads can be operated without any problems.<\/span><\/p>\n<\/div>\n<div id=\"productproperty\" class=\"productproperty hdsection bg_grey_full mrgntp-1 pddngtp-2 pddngbt-2\">\n<p><span class=\"pic zoomimagefe\"><img fetchpriority=\"high\" decoding=\"async\" class=\"pic\" src=\"https:\/\/www.kontron-solar.com\/data\/media\/186\/18650_224x280x72x72x100_Steca_AJ_technische_Zeichnung.jpg\" alt=\"Steca AJ technische Zeichnung\" width=\"280\" height=\"224\" data-zoompic=\"186\/18650_1278x1600x72x72x100_Steca_AJ_technische_Zeichnung.jpg\" \/><\/span><\/p>\n<h2><span data-sheets-root=\"1\">Features<\/span><\/h2>\n<h3 class=\"technicaldatatabletitle\"><span data-sheets-root=\"1\">Product Features<\/span><\/h3>\n<ul class=\"technicaldataul\">\n<li><span data-sheets-root=\"1\">True sine wave voltage<\/span><\/li>\n<li><span data-sheets-root=\"1\">Excellent overload capabilities<\/span><\/li>\n<li><span data-sheets-root=\"1\">Optimal battery protection<\/span><\/li>\n<li><span data-sheets-root=\"1\">Automatic load detection<\/span><\/li>\n<li><span data-sheets-root=\"1\">Best reliability<\/span><\/li>\n<\/ul>\n<h3 class=\"technicaldatatabletitle\"><span data-sheets-root=\"1\">Electronic protection functions<\/span><\/h3>\n<ul class=\"technicaldataul\">\n<li><span data-sheets-root=\"1\">Deep discharge protection<\/span><\/li>\n<li><span data-sheets-root=\"1\">Battery overvoltage shutdown<\/span><\/li>\n<li><span data-sheets-root=\"1\">Short circuit protection<\/span><\/li>\n<li><span data-sheets-root=\"1\">Overtemperature and overload protection<\/span><\/li>\n<li><span data-sheets-root=\"1\">Reverse polarity protection by internal fuse (except Steca AJ 2100-12)<\/span><\/li>\n<li><span data-sheets-root=\"1\">Acoustic alarm at deep discharge or overheating<\/span><\/li>\n<\/ul>\n<h3 class=\"technicaldatatabletitle\"><span data-sheets-root=\"1\">Displays<\/span><\/h3>\n<ul class=\"technicaldataul\">\n<li><span data-sheets-root=\"1\">Multi-coloured LED shows operating states<\/span><\/li>\n<\/ul>\n<h3 class=\"technicaldatatabletitle\"><span data-sheets-root=\"1\">Operation<\/span><\/h3>\n<ul class=\"technicaldataul\">\n<li><span data-sheets-root=\"1\">Main switch<\/span><\/li>\n<li><span data-sheets-root=\"1\">Adjustable load detection<\/span><\/li>\n<\/ul>\n<h3 class=\"technicaldatatabletitle\"><span data-sheets-root=\"1\">Options<\/span><\/h3>\n<ul class=\"technicaldataul\">\n<li><span data-sheets-root=\"1\">Types with 115 V \/ 50 Hz, 115 V \/ 60 Hz or 230 V \/ 60 Hz<\/span><\/li>\n<li><span data-sheets-root=\"1\">Model with protective lacquered mainboard<\/span><\/li>\n<li><span data-sheets-root=\"1\">Remote control JT8 (On\/Off, LED) for connection to Steca AJ 1000-12 to Steca AJ 2400-24<\/span><\/li>\n<\/ul>\n<h3 class=\"technicaldatatabletitle\"><span data-sheets-root=\"1\">Certificates<\/span><\/h3>\n<ul class=\"technicaldataul\">\n<li><span data-sheets-root=\"1\">Compliant with European Standards (CE)<\/span><\/li>\n<li><span data-sheets-root=\"1\">RoHS compliant<\/span><\/li>\n<li><span data-sheets-root=\"1\">Made in Europe<\/span><\/li>\n<\/ul>\n<p>Datasheet: <a href=\"https:\/\/texus.fi\/wp-content\/uploads\/2024\/07\/StecaAJproductdatasheetEN.pdf\">Steca+AJ+productdatasheet+EN<\/a><\/p>\n<\/div>","protected":false},"excerpt":{"rendered":"<p>Vaihtosuuntaajat, joissa on eri tasaj\u00e4nnitteit\u00e4 ja erilaisia teholuokkia. Steca AJ -taajuusmuuttajasarjalle on ominaista ennen kaikkea k\u00e4ytett\u00e4viss\u00e4 olevien teholuokkien ja eri tasaj\u00e4nnitteiden valikoima. T\u00e4m\u00e4 tarkoittaa, ett\u00e4 jokaiseen sovellukseen voidaan valita ihanteellinen taajuusmuuttaja. Akun ja kuormien liitt\u00e4miseen tarkoitetut kaapelit on jo valmiiksi asennettu Steca AJ:ss\u00e4, ja ne helpottavat laitteen asennusta. Automaattinen valmiustila v\u00e4hent\u00e4\u00e4 merkitt\u00e4v\u00e4sti invertterin omaa kulutusta. [&hellip;]<\/p>\n","protected":false},"featured_media":3270,"comment_status":"open","ping_status":"closed","template":"","meta":[],"product_brand":[],"product_cat":[36,15,45],"product_tag":[],"class_list":{"0":"post-904","1":"product","2":"type-product","3":"status-publish","4":"has-post-thumbnail","6":"product_cat-invertterit","7":"product_cat-products","8":"product_cat-siniaaltoinvertterit","9":"pa_brands-kontron","11":"first","12":"onbackorder","13":"taxable","14":"shipping-taxable","15":"product-type-simple"},"_links":{"self":[{"href":"https:\/\/texus.fi\/en\/wp-json\/wp\/v2\/product\/904","targetHints":{"allow":["GET"]}}],"collection":[{"href":"https:\/\/texus.fi\/en\/wp-json\/wp\/v2\/product"}],"about":[{"href":"https:\/\/texus.fi\/en\/wp-json\/wp\/v2\/types\/product"}],"replies":[{"embeddable":true,"href":"https:\/\/texus.fi\/en\/wp-json\/wp\/v2\/comments?post=904"}],"wp:featuredmedia":[{"embeddable":true,"href":"https:\/\/texus.fi\/en\/wp-json\/wp\/v2\/media\/3270"}],"wp:attachment":[{"href":"https:\/\/texus.fi\/en\/wp-json\/wp\/v2\/media?parent=904"}],"wp:term":[{"taxonomy":"product_brand","embeddable":true,"href":"https:\/\/texus.fi\/en\/wp-json\/wp\/v2\/product_brand?post=904"},{"taxonomy":"product_cat","embeddable":true,"href":"https:\/\/texus.fi\/en\/wp-json\/wp\/v2\/product_cat?post=904"},{"taxonomy":"product_tag","embeddable":true,"href":"https:\/\/texus.fi\/en\/wp-json\/wp\/v2\/product_tag?post=904"}],"curies":[{"name":"wp","href":"https:\/\/api.w.org\/{rel}","templated":true}]}}