{"id":907,"date":"2024-07-30T15:54:10","date_gmt":"2024-07-30T12:54:10","guid":{"rendered":"https:\/\/texus.fi\/?post_type=product&#038;p=907"},"modified":"2025-03-05T14:21:20","modified_gmt":"2025-03-05T11:21:20","slug":"steca-xtender","status":"publish","type":"product","link":"https:\/\/texus.fi\/en\/steca-xtender\/","title":{"rendered":"Steca &#8211; Xtender"},"content":{"rendered":"<p><span data-sheets-root=\"1\">Combination of inverter and battery charger with switching function<\/span><\/p>\n<div id=\"productdescription\" class=\"productdescription hdsection\">\n<p><span data-sheets-root=\"1\">The basic functions of the Steca Xtender combi inverters are the inverter, the battery charger, the switching function and the support of external AC sources. These functions can be combined and controlled completely automatically. The inverters offer exceptional ease of use and very good utilisation of the available energy.<\/span><\/p>\n<p><span data-sheets-root=\"1\">The Steca Xtender can be fully adjusted via remote control. When software with new functions becomes available, it can be transferred to the system, allowing the Steca Xtender is always stay up to date. Several Steca Xtenders can be connected together in parallel and three-phase. This allows up to nine Steca Xtenders to work together.<\/span><\/p>\n<h3><span data-sheets-root=\"1\">Multifunctional contacts<\/span><\/h3>\n<p><span data-sheets-root=\"1\">These potential-free contacts can be programmed for many different applications. You can react to any event outside or inside the inverter (grid availability, battery voltage, fault messages, etc.). They can also be programmed as timers or switched during certain times (at night, at weekends, etc.). This means that they can serve as a generator starting device, to switch off less important consumers, to indicate a malfunction, to charge the battery depending on the situation, etc.<\/span><\/p>\n<h3><span data-sheets-root=\"1\">Smart-boost function<\/span><\/h3>\n<p><span data-sheets-root=\"1\">The Smart-boost function can be used to increase the power of another AC source, such as a generator or charging port. Even if this involves special loads (inductive, asymmetrical, with high switch-on current). You can also combine the Steca Xtender with almost any existing inverter to increase the available power.<\/span><\/p>\n<\/div>\n<div id=\"productproperty\" class=\"productproperty hdsection bg_grey_full mrgntp-1 pddngtp-2 pddngbt-2\">\n<p><span class=\"pic zoomimagefe\"><img fetchpriority=\"high\" decoding=\"async\" class=\"pic\" src=\"https:\/\/www.kontron-solar.com\/data\/media\/204\/20421_701x280x72x72x100_Steca_Xtender_XTS_XTM_XTH_technische_Zeichnung.jpg\" alt=\"Steca Xtender XTS XTM XTH technische Zeichnung\" width=\"280\" height=\"701\" data-zoompic=\"204\/20421_2955x1181x72x72x100_Steca_Xtender_XTS_XTM_XTH_technische_Zeichnung.jpg\" \/><\/span><\/p>\n<h2><span data-sheets-root=\"1\">Features<\/span><\/h2>\n<h3>Product Features<\/h3>\n<ul>\n<li>True sine wave voltage<\/li>\n<li>Excellent overload capabilities<\/li>\n<li>Optimal battery protection<\/li>\n<li>Adjustable integrated battery charger<\/li>\n<li>Multistage programmable battery charger with PFC<\/li>\n<li>Automatic load detection<\/li>\n<li>Standby load detection adjustable over a wide range, starting from a low value<\/li>\n<li>Parallel connectable<\/li>\n<li>Best reliability<\/li>\n<li>Can be used as a back-up system or uninterruptible power supply (UPS)<\/li>\n<li>Multifunction contact<\/li>\n<li>Adjustable power sharing<\/li>\n<li>Reliable and noiseless with any kind of load<\/li>\n<li>Support of sources of alternating current (Smart Boost)<\/li>\n<li>Automatic support for peak loads (Power Shaving)<\/li>\n<li>Ultra-fast transfer relay<\/li>\n<li>High efficiency<\/li>\n<li>Control by digital signal processor (DSP)<\/li>\n<\/ul>\n<h3>Electronic protection functions<\/h3>\n<ul>\n<li>Deep discharge protection<\/li>\n<li>Battery overvoltage shutdown<\/li>\n<li>Short circuit protection<\/li>\n<li>Overtemperature and overload protection<\/li>\n<li>Reverse polarity protection by internal fuse (except Steca Xtender XTH 3000)<\/li>\n<li>Acoustic alarm at deep discharge or overheating<\/li>\n<\/ul>\n<h3>Displays<\/h3>\n<ul>\n<li>5 LEDs show operating states<\/li>\n<\/ul>\n<h3>Operation<\/h3>\n<ul>\n<li>Main switch<\/li>\n<li>Adjustable load detection<\/li>\n<\/ul>\n<h3>Options<\/h3>\n<ul>\n<li>Type with 115 V \/ 60 Hz (except Steca Xtender XTH 8000-48)<\/li>\n<li>Model with protective lacquered mainboard<\/li>\n<\/ul>\n<h3>Certificates<\/h3>\n<ul>\n<li>Compliant with European Standards (CE)<\/li>\n<li>RoHS compliant<\/li>\n<li>Made in Europe<\/li>\n<\/ul>\n<h3>Accessories<\/h3>\n<ul>\n<li>Remote control and display Steca RCC-02<\/li>\n<li>Remote control and display Steca RCC-03<\/li>\n<li>Steca X-Connect system<\/li>\n<li>Battery temperature sensor Steca BTS-01<\/li>\n<li>Integrated cooling unit ECF-01<\/li>\n<li>Communications cable<\/li>\n<li>Steca BSP-500\/1200<\/li>\n<\/ul>\n<p><strong>Datasheet:<\/strong> <a href=\"https:\/\/texus.fi\/wp-content\/uploads\/2024\/07\/StecaXtenderproductdatasheetEN.pdf\">Steca+Xtender+productdatasheet+EN<\/a><\/p>\n<\/div>","protected":false},"excerpt":{"rendered":"<p>Invertterin ja akkulaturin yhdistelm\u00e4, jossa on kytkent\u00e4toiminto Steca Xtender -yhdistelm\u00e4invertterien perustoiminnot ovat invertteri, akkulaturi, kytkent\u00e4toiminto ja ulkoisten vaihtovirtal\u00e4hteiden tuki. N\u00e4it\u00e4 toimintoja voidaan yhdist\u00e4\u00e4 ja ohjata t\u00e4ysin automaattisesti. Invertterit ovat poikkeuksellisen helppok\u00e4ytt\u00f6isi\u00e4 ja k\u00e4ytett\u00e4viss\u00e4 olevan energian hy\u00f6dynt\u00e4minen on eritt\u00e4in hyv\u00e4\u00e4. Steca Xtender voidaan t\u00e4ysin s\u00e4\u00e4t\u00e4\u00e4 kaukos\u00e4\u00e4timell\u00e4. Kun uusia toimintoja sis\u00e4lt\u00e4v\u00e4 ohjelmisto tulee saataville, se voidaan siirt\u00e4\u00e4 [&hellip;]<\/p>\n","protected":false},"featured_media":3276,"comment_status":"open","ping_status":"closed","template":"","meta":[],"product_brand":[],"product_cat":[36,15],"product_tag":[],"class_list":{"0":"post-907","1":"product","2":"type-product","3":"status-publish","4":"has-post-thumbnail","6":"product_cat-invertterit","7":"product_cat-products","8":"pa_brands-kontron","10":"first","11":"onbackorder","12":"taxable","13":"shipping-taxable","14":"product-type-simple"},"_links":{"self":[{"href":"https:\/\/texus.fi\/en\/wp-json\/wp\/v2\/product\/907","targetHints":{"allow":["GET"]}}],"collection":[{"href":"https:\/\/texus.fi\/en\/wp-json\/wp\/v2\/product"}],"about":[{"href":"https:\/\/texus.fi\/en\/wp-json\/wp\/v2\/types\/product"}],"replies":[{"embeddable":true,"href":"https:\/\/texus.fi\/en\/wp-json\/wp\/v2\/comments?post=907"}],"wp:featuredmedia":[{"embeddable":true,"href":"https:\/\/texus.fi\/en\/wp-json\/wp\/v2\/media\/3276"}],"wp:attachment":[{"href":"https:\/\/texus.fi\/en\/wp-json\/wp\/v2\/media?parent=907"}],"wp:term":[{"taxonomy":"product_brand","embeddable":true,"href":"https:\/\/texus.fi\/en\/wp-json\/wp\/v2\/product_brand?post=907"},{"taxonomy":"product_cat","embeddable":true,"href":"https:\/\/texus.fi\/en\/wp-json\/wp\/v2\/product_cat?post=907"},{"taxonomy":"product_tag","embeddable":true,"href":"https:\/\/texus.fi\/en\/wp-json\/wp\/v2\/product_tag?post=907"}],"curies":[{"name":"wp","href":"https:\/\/api.w.org\/{rel}","templated":true}]}}