{"id":2693,"date":"2024-12-10T12:12:15","date_gmt":"2024-12-10T09:12:15","guid":{"rendered":"https:\/\/texus.fi\/about-us-2\/"},"modified":"2025-08-16T06:41:20","modified_gmt":"2025-08-16T03:41:20","slug":"about-us-2","status":"publish","type":"page","link":"https:\/\/texus.fi\/fi\/about-us-2\/","title":{"rendered":"About us"},"content":{"rendered":"\t\t<div data-elementor-type=\"wp-page\" data-elementor-id=\"2693\" class=\"elementor elementor-2693\" data-elementor-post-type=\"page\">\n\t\t\t\t<div class=\"elementor-element elementor-element-22a24599 e-flex e-con-boxed e-con e-parent\" data-id=\"22a24599\" data-element_type=\"container\" data-e-type=\"container\" data-settings=\"{&quot;background_background&quot;:&quot;classic&quot;}\">\n\t\t\t\t\t<div class=\"e-con-inner\">\n\t\t<div class=\"elementor-element elementor-element-39c6f4a9 e-con-full e-flex e-con e-child\" data-id=\"39c6f4a9\" data-element_type=\"container\" data-e-type=\"container\" data-settings=\"{&quot;background_background&quot;:&quot;classic&quot;}\">\n\t\t\t\t<div class=\"elementor-element elementor-element-2499bab5 elementor-widget elementor-widget-heading\" data-id=\"2499bab5\" data-element_type=\"widget\" data-e-type=\"widget\" data-widget_type=\"heading.default\">\n\t\t\t\t<div class=\"elementor-widget-container\">\n\t\t\t\t\t<h1 class=\"elementor-heading-title elementor-size-default\">Tietoa meist\u00e4<\/h1>\t\t\t\t<\/div>\n\t\t\t\t<\/div>\n\t\t\t\t<div class=\"elementor-element elementor-element-445d7922 elementor-widget__width-initial elementor-widget elementor-widget-text-editor\" data-id=\"445d7922\" data-element_type=\"widget\" data-e-type=\"widget\" data-widget_type=\"text-editor.default\">\n\t\t\t\t<div class=\"elementor-widget-container\">\n\t\t\t\t\t\t\t\t\t<h4><b>Sitoumuksemme vihre\u00e4mp\u00e4\u00e4n tulevaisuuteen<\/b><\/h4><p>Vuodesta 2018 l\u00e4htien Texus on ollut teollisuuden ylij\u00e4\u00e4m\u00e4varaston hallinnan ja energian kierr\u00e4tyksen edell\u00e4k\u00e4vij\u00e4. Toimintamme perustuu vankkumattomaan sitoutumiseemme kest\u00e4v\u00e4\u00e4n kehitykseen, ja siksi ymp\u00e4rist\u00f6yst\u00e4v\u00e4llinen teknologia on kaiken toimintamme ytimess\u00e4. Suomesta k\u00e4sin p\u00e4\u00e4tavoitteemme on integroida kest\u00e4v\u00e4n kehityksen viimeisimm\u00e4t innovaatiot osaksi palveluitamme, joita tarjoamme arvostetuille asiakkaillemme.<\/p><h4><b>Onko varastossanne hy\u00f6dynt\u00e4m\u00e4t\u00f6nt\u00e4 p\u00e4\u00e4omaa?<\/b><\/h4><p>Nykyp\u00e4iv\u00e4n valmistavassa teollisuudessa tehokkuus on kaikki kaikessa. Yritysten varastoihin kertyy kuitenkin usein k\u00e4ytt\u00e4m\u00e4tt\u00f6mi\u00e4 varaosia tuotantolinjojen koneisiin ja robotteihin. N\u00e4m\u00e4 komponentit sitovat p\u00e4\u00e4omaa ja voivat aiheuttaa merkitt\u00e4vi\u00e4 taloudellisia menetyksi\u00e4. Jos yrityksell\u00e4nne on ylij\u00e4\u00e4m\u00e4osia varastossa, me voimme auttaa muuttamaan ne tuotoksi.<\/p><h4><b>Miksi kumppaniksi?<\/b><\/h4><ul><li><p><b>Muuta ylij\u00e4\u00e4m\u00e4 rahaksi:<\/b> Yhdist\u00e4mme teid\u00e4t ostajiin, jotka tarvitsevat juuri teid\u00e4n komponenttejanne. Muutamme k\u00e4ytt\u00e4m\u00e4tt\u00f6m\u00e4n varaston tuotoksi \u2013 t\u00e4ysin ilman kuluja. Toimittajaksi liittyminen on maksutonta.<\/p><\/li><li><p><b>Vaivaton prosessi:<\/b> Teemme varaosien myynnist\u00e4 helppoa. Luomme tehokkaan yhteyden myyjien ja ostajien v\u00e4lille, mik\u00e4 takaa kaikille osapuolille hy\u00f6dyllisen lopputuloksen.<\/p><\/li><\/ul><h4><b>Innovatiivisia tuotteita kest\u00e4v\u00e4\u00e4n tulevaisuuteen<\/b><\/h4><p>Texus tekee yhteisty\u00f6t\u00e4 alan johtavien valmistajien kanssa tarjotakseen huippuluokan tuotteita kest\u00e4v\u00e4n kehityksen edist\u00e4miseksi. Tuotevalikoimaamme kuuluvat muun muassa tehokkaat aurinkopaneelit, \u00e4lykk\u00e4\u00e4t auringonseurantaj\u00e4rjestelm\u00e4t, invertterit sek\u00e4 energiankulutuksen seurantaohjelmistot. Jokainen tuote on huolella valittu maksimoimaan energiatehokkuus ja pienent\u00e4m\u00e4\u00e4n ymp\u00e4rist\u00f6vaikutuksia.<\/p><h4><b>Vahvuutta kumppanuuksista<\/b><\/h4><p>Me Texuksella uskomme yhteisty\u00f6n voimaan. Strategiset kumppanuutemme alan johtavien valmistajien kanssa mahdollistavat sen, ett\u00e4 voimme tarjota asiakkaillemme luotettavaa ja korkealaatuista teknologiaa. N\u00e4m\u00e4 kumppanuudet ovat avainasemassa missiossamme, joka on kauniimman maailman luominen innovatiivisten ja ymp\u00e4rist\u00f6yst\u00e4v\u00e4llisten ratkaisujen avulla.<\/p><h4><b>Tule mukaan matkallemme<\/b><\/h4><p>Kutsumme sinut mukaan rakentamaan kest\u00e4v\u00e4mp\u00e4\u00e4 tulevaisuutta. Valitsemalla Texuksen et ainoastaan investoi alan parhaisiin tuotteisiin, vaan my\u00f6s osallistut maailmanlaajuiseen ty\u00f6h\u00f6n ymp\u00e4rist\u00f6n hyv\u00e4ksi. Luodaan yhdess\u00e4 tehokkaampi ja kauniimpi maailma.<\/p><h4 style=\"text-align: right;\"><strong>Texus-tiimi \u00a0<\/strong><\/h4><div><strong><a href=\"https:\/\/texus.fi\/?attachment_id=3009\" rel=\"attachment wp-att-3009\"><img decoding=\"async\" class=\"alignright\" src=\"https:\/\/texus.fi\/wp-content\/uploads\/2024\/12\/Texus-Logo-son.png\" alt=\"\" width=\"181\" height=\"68\"><\/a><\/strong><\/div>\t\t\t\t\t\t\t\t<\/div>\n\t\t\t\t<\/div>\n\t\t\t\t<\/div>\n\t\t\t\t\t<\/div>\n\t\t\t\t<\/div>\n\t\t\t\t<\/div>\n\t\t","protected":false},"excerpt":{"rendered":"<p>Tietoa meist\u00e4 Sitoumuksemme vihre\u00e4mp\u00e4\u00e4n tulevaisuuteen Vuodesta 2018 l\u00e4htien Texus on ollut teollisuuden ylij\u00e4\u00e4m\u00e4varaston hallinnan ja energian kierr\u00e4tyksen edell\u00e4k\u00e4vij\u00e4. Toimintamme perustuu vankkumattomaan sitoutumiseemme kest\u00e4v\u00e4\u00e4n kehitykseen, ja siksi ymp\u00e4rist\u00f6yst\u00e4v\u00e4llinen teknologia on kaiken toimintamme ytimess\u00e4. Suomesta k\u00e4sin p\u00e4\u00e4tavoitteemme on integroida kest\u00e4v\u00e4n kehityksen viimeisimm\u00e4t innovaatiot osaksi palveluitamme, joita tarjoamme arvostetuille asiakkaillemme. Onko varastossanne hy\u00f6dynt\u00e4m\u00e4t\u00f6nt\u00e4 p\u00e4\u00e4omaa? Nykyp\u00e4iv\u00e4n valmistavassa teollisuudessa tehokkuus [&hellip;]<\/p>\n","protected":false},"author":1,"featured_media":0,"parent":0,"menu_order":0,"comment_status":"closed","ping_status":"closed","template":"","meta":{"footnotes":""},"class_list":["post-2693","page","type-page","status-publish","hentry"],"_hostinger_reach_plugin_has_subscription_block":false,"_hostinger_reach_plugin_is_elementor":false,"_links":{"self":[{"href":"https:\/\/texus.fi\/fi\/wp-json\/wp\/v2\/pages\/2693","targetHints":{"allow":["GET"]}}],"collection":[{"href":"https:\/\/texus.fi\/fi\/wp-json\/wp\/v2\/pages"}],"about":[{"href":"https:\/\/texus.fi\/fi\/wp-json\/wp\/v2\/types\/page"}],"author":[{"embeddable":true,"href":"https:\/\/texus.fi\/fi\/wp-json\/wp\/v2\/users\/1"}],"replies":[{"embeddable":true,"href":"https:\/\/texus.fi\/fi\/wp-json\/wp\/v2\/comments?post=2693"}],"version-history":[{"count":29,"href":"https:\/\/texus.fi\/fi\/wp-json\/wp\/v2\/pages\/2693\/revisions"}],"predecessor-version":[{"id":5465,"href":"https:\/\/texus.fi\/fi\/wp-json\/wp\/v2\/pages\/2693\/revisions\/5465"}],"wp:attachment":[{"href":"https:\/\/texus.fi\/fi\/wp-json\/wp\/v2\/media?parent=2693"}],"curies":[{"name":"wp","href":"https:\/\/api.w.org\/{rel}","templated":true}]}}