{"id":3352,"date":"2024-12-25T16:13:03","date_gmt":"2024-12-25T13:13:03","guid":{"rendered":"https:\/\/texus.fi\/?page_id=3352"},"modified":"2025-01-17T15:05:18","modified_gmt":"2025-01-17T12:05:18","slug":"privacy-policy-2","status":"publish","type":"page","link":"https:\/\/texus.fi\/fi\/privacy-policy-2\/","title":{"rendered":"Privacy Policy"},"content":{"rendered":"\t\t<div data-elementor-type=\"wp-page\" data-elementor-id=\"3352\" class=\"elementor elementor-3352\" data-elementor-post-type=\"page\">\n\t\t\t\t<div class=\"elementor-element elementor-element-770ad8b e-flex e-con-boxed e-con e-parent\" data-id=\"770ad8b\" data-element_type=\"container\" data-e-type=\"container\">\n\t\t\t\t\t<div class=\"e-con-inner\">\n\t\t<div class=\"elementor-element elementor-element-c7259c9 e-con-full e-flex e-con e-child\" data-id=\"c7259c9\" data-element_type=\"container\" data-e-type=\"container\" data-settings=\"{&quot;background_background&quot;:&quot;classic&quot;}\">\n\t\t\t\t<div class=\"elementor-element elementor-element-9b34111 elementor-widget elementor-widget-heading\" data-id=\"9b34111\" data-element_type=\"widget\" data-e-type=\"widget\" data-widget_type=\"heading.default\">\n\t\t\t\t<div class=\"elementor-widget-container\">\n\t\t\t\t\t<h1 class=\"elementor-heading-title elementor-size-default\">Tietosuojaseloste<\/h1>\t\t\t\t<\/div>\n\t\t\t\t<\/div>\n\t\t\t\t<div class=\"elementor-element elementor-element-ffa45a6 elementor-widget__width-initial elementor-widget elementor-widget-text-editor\" data-id=\"ffa45a6\" data-element_type=\"widget\" data-e-type=\"widget\" data-widget_type=\"text-editor.default\">\n\t\t\t\t<div class=\"elementor-widget-container\">\n\t\t\t\t\t\t\t\t\t<p style=\"font-weight: 400;\"><strong>Viimeksi p\u00e4ivitetty:<\/strong>\u00a025.12.2024<\/p><p style=\"font-weight: 400;\">Tervetuloa\u00a0<strong>Texus Oy:n<\/strong>\u00a0sivuille. Yksityisyytesi on meille eritt\u00e4in t\u00e4rke\u00e4\u00e4. T\u00e4ss\u00e4 tietosuojak\u00e4yt\u00e4nn\u00f6ss\u00e4 kerrotaan, miten ker\u00e4\u00e4mme, k\u00e4yt\u00e4mme ja suojaamme henkil\u00f6tietojasi, kun vierailet verkkosivustollamme\u00a0<a href=\"http:\/\/texus.fi\/\">texus.fi<\/a>.<\/p><p style=\"font-weight: 400;\"><strong>1.<\/strong>\u00a0<strong>Ker\u00e4\u00e4m\u00e4mme tiedot<\/strong>\u00a0Voimme ker\u00e4t\u00e4 seuraavanlaisia tietoja:<\/p><ul style=\"font-weight: 400;\"><li><strong>Henkil\u00f6kohtaiset tiedot:<\/strong>\u00a0Nimi, s\u00e4hk\u00f6postiosoite, puhelinnumero, laskutus- ja toimitusosoite.<\/li><li><strong>Maksutiedot:<\/strong>\u00a0Luotto-\/pankkikorttitiedot, maksuportin tiedot.<\/li><li><strong>Tilaustiedot:<\/strong>\u00a0Tiedot ostamistasi tuotteista.<\/li><li><strong>Tekniset tiedot:<\/strong>\u00a0IP-osoite, selaimen tyyppi, laitetiedot.<\/li><li><strong>Ev\u00e4steet ja seurantatekniikat:<\/strong>\u00a0Ev\u00e4steiden ja analytiikkaty\u00f6kalujen avulla ker\u00e4tyt tiedot.<\/li><\/ul><p>\u00a0<\/p><p><strong>2. Miten k\u00e4yt\u00e4mme tietojasi <\/strong>K\u00e4yt\u00e4mme tietojasi seuraaviin tarkoituksiin:<\/p><ul style=\"font-weight: 400;\"><li>Tilausten ja tapahtumien k\u00e4sittelyyn.<\/li><li>Asiakastuen tarjoamiseen.<\/li><li>Parantaaksemme verkkosivustoamme ja palveluitamme.<\/li><li>l\u00e4hett\u00e4\u00e4ksemme mainostarjouksia ja p\u00e4ivityksi\u00e4 (jos olet valinnut sen).<\/li><li>Lakis\u00e4\u00e4teisten velvoitteiden noudattamiseen.<\/li><\/ul><p>\u00a0<\/p><p><strong>3.<\/strong> Tietojesi jakaminen Emme myy henkil\u00f6tietojasi kolmansille osapuolille. Voimme kuitenkin jakaa tietojasi seuraaville tahoille:<\/p><ul style=\"font-weight: 400;\"><li><strong>Palveluntarjoajat:<\/strong>\u00a0Maksuprosessorit, toimituskumppanit, IT-tuki.<\/li><li><strong>Lailliset viranomaiset:<\/strong>\u00a0Kun laki niin vaatii.<\/li><\/ul><p>\u00a0<\/p><p><strong>4. Tietoturva K\u00e4yt\u00e4mme <\/strong>alan standardien mukaisia turvatoimia suojellaksemme tietojasi luvattomalta k\u00e4yt\u00f6lt\u00e4, paljastamiselta tai tuhoamiselta.<\/p><p><strong>5. Ev\u00e4steet <\/strong>Verkkosivustomme k\u00e4ytt\u00e4\u00e4 ev\u00e4steit\u00e4 k\u00e4ytt\u00e4j\u00e4kokemuksen parantamiseksi, verkkosivuston suorituskyvyn analysoimiseksi ja henkil\u00f6kohtaisen sis\u00e4ll\u00f6n tarjoamiseksi. Voit hallita ev\u00e4steasetuksia selaimesi asetuksista.<\/p><p><strong>6. Oikeutesi <\/strong>Sinulla on oikeus:<\/p><ul style=\"font-weight: 400;\"><li>P\u00e4\u00e4st\u00e4 k\u00e4siksi henkil\u00f6kohtaisiin tietoihin, p\u00e4ivitt\u00e4\u00e4 niit\u00e4 tai poistaa ne.<\/li><li>Peruuttaa suostumus markkinointiviestint\u00e4\u00e4n.<\/li><li>tehd\u00e4 valitus tietosuojaviranomaiselle.<\/li><\/ul><p>\u00a0<\/p><p><strong>7. Kolmansien osapuolten linkit <\/strong>Verkkosivustomme voi sis\u00e4lt\u00e4\u00e4 linkkej\u00e4 kolmansien osapuolten verkkosivustoille. Emme ole vastuussa niiden tietosuojak\u00e4yt\u00e4nn\u00f6ist\u00e4.<\/p><p><strong>8. Muutokset t\u00e4h\u00e4n k\u00e4yt\u00e4nt\u00f6\u00f6n <\/strong>Saatamme p\u00e4ivitt\u00e4\u00e4 t\u00e4t\u00e4 tietosuojak\u00e4yt\u00e4nt\u00f6\u00e4 m\u00e4\u00e4r\u00e4ajoin. Kaikki muutokset julkaistaan t\u00e4ll\u00e4 sivulla.<\/p><p><strong>9. Ota yhteytt\u00e4 <\/strong>Jos sinulla on kysytt\u00e4v\u00e4\u00e4 t\u00e4st\u00e4 tietosuojak\u00e4yt\u00e4nn\u00f6st\u00e4, ota meihin yhteytt\u00e4:<\/p><p style=\"font-weight: 400;\"><strong>Texus Oy<\/strong><br \/>Y-tunnus: 3428904-1<br \/>Osoite: Mattilanm\u00e4ki 15 B 8, 33610, Tampere, Finland<br \/>S\u00e4hk\u00f6posti: sales@texus.fi<br \/>Puh: +358442488399<\/p><p style=\"font-weight: 400;\">K\u00e4ytt\u00e4m\u00e4ll\u00e4 verkkosivustoamme hyv\u00e4ksyt t\u00e4m\u00e4n tietosuojaselosteen ehdot.<\/p><p style=\"text-align: left;\"><strong><span style=\"font-weight: 400;\">Kiitos, ett\u00e4 valitsit\u00a0<strong>Texus Oy:n.<\/strong><\/span> <\/strong><\/p><div><strong><a href=\"https:\/\/texus.fi\/?attachment_id=3009\" rel=\"attachment wp-att-3009\"><img decoding=\"async\" class=\" wp-image-3009 alignright\" src=\"https:\/\/texus.fi\/wp-content\/uploads\/2024\/12\/Texus-Logo-son.png\" alt=\"\" width=\"181\" height=\"68\" srcset=\"https:\/\/texus.fi\/wp-content\/uploads\/2024\/12\/Texus-Logo-son.png 1280w, https:\/\/texus.fi\/wp-content\/uploads\/2024\/12\/Texus-Logo-son-300x113.png 300w, https:\/\/texus.fi\/wp-content\/uploads\/2024\/12\/Texus-Logo-son-1024x385.png 1024w, https:\/\/texus.fi\/wp-content\/uploads\/2024\/12\/Texus-Logo-son-768x289.png 768w, https:\/\/texus.fi\/wp-content\/uploads\/2024\/12\/Texus-Logo-son-600x225.png 600w\" sizes=\"(max-width: 181px) 100vw, 181px\" \/><\/a><\/strong><\/div>\t\t\t\t\t\t\t\t<\/div>\n\t\t\t\t<\/div>\n\t\t\t\t<\/div>\n\t\t\t\t\t<\/div>\n\t\t\t\t<\/div>\n\t\t\t\t<\/div>\n\t\t","protected":false},"excerpt":{"rendered":"<p>Tietosuojaseloste Viimeksi p\u00e4ivitetty:\u00a025.12.2024 Tervetuloa\u00a0Texus Oy:n\u00a0sivuille. Yksityisyytesi on meille eritt\u00e4in t\u00e4rke\u00e4\u00e4. T\u00e4ss\u00e4 tietosuojak\u00e4yt\u00e4nn\u00f6ss\u00e4 kerrotaan, miten ker\u00e4\u00e4mme, k\u00e4yt\u00e4mme ja suojaamme henkil\u00f6tietojasi, kun vierailet verkkosivustollamme\u00a0texus.fi. 1.\u00a0Ker\u00e4\u00e4m\u00e4mme tiedot\u00a0Voimme ker\u00e4t\u00e4 seuraavanlaisia tietoja: Henkil\u00f6kohtaiset tiedot:\u00a0Nimi, s\u00e4hk\u00f6postiosoite, puhelinnumero, laskutus- ja toimitusosoite. Maksutiedot:\u00a0Luotto-\/pankkikorttitiedot, maksuportin tiedot. Tilaustiedot:\u00a0Tiedot ostamistasi tuotteista. Tekniset tiedot:\u00a0IP-osoite, selaimen tyyppi, laitetiedot. Ev\u00e4steet ja seurantatekniikat:\u00a0Ev\u00e4steiden ja analytiikkaty\u00f6kalujen avulla ker\u00e4tyt tiedot. \u00a0 2. [&hellip;]<\/p>\n","protected":false},"author":1,"featured_media":0,"parent":0,"menu_order":0,"comment_status":"closed","ping_status":"closed","template":"","meta":{"footnotes":""},"class_list":["post-3352","page","type-page","status-publish","hentry"],"_hostinger_reach_plugin_has_subscription_block":false,"_hostinger_reach_plugin_is_elementor":false,"_links":{"self":[{"href":"https:\/\/texus.fi\/fi\/wp-json\/wp\/v2\/pages\/3352","targetHints":{"allow":["GET"]}}],"collection":[{"href":"https:\/\/texus.fi\/fi\/wp-json\/wp\/v2\/pages"}],"about":[{"href":"https:\/\/texus.fi\/fi\/wp-json\/wp\/v2\/types\/page"}],"author":[{"embeddable":true,"href":"https:\/\/texus.fi\/fi\/wp-json\/wp\/v2\/users\/1"}],"replies":[{"embeddable":true,"href":"https:\/\/texus.fi\/fi\/wp-json\/wp\/v2\/comments?post=3352"}],"version-history":[{"count":22,"href":"https:\/\/texus.fi\/fi\/wp-json\/wp\/v2\/pages\/3352\/revisions"}],"predecessor-version":[{"id":3601,"href":"https:\/\/texus.fi\/fi\/wp-json\/wp\/v2\/pages\/3352\/revisions\/3601"}],"wp:attachment":[{"href":"https:\/\/texus.fi\/fi\/wp-json\/wp\/v2\/media?parent=3352"}],"curies":[{"name":"wp","href":"https:\/\/api.w.org\/{rel}","templated":true}]}}