{"id":1022,"date":"2024-08-02T16:20:07","date_gmt":"2024-08-02T13:20:07","guid":{"rendered":"https:\/\/texus.fi\/?post_type=product&#038;p=1022"},"modified":"2025-03-05T14:21:12","modified_gmt":"2025-03-05T11:21:12","slug":"tsun-titan-mp3000","status":"publish","type":"product","link":"https:\/\/texus.fi\/fi\/tsun-titan-mp3000\/","title":{"rendered":"TSUN &#8211; TITAN MP3000"},"content":{"rendered":"<p><span data-sheets-root=\"1\">Vaativampiin ymp\u00e4rist\u00f6ihin TSUN TSOL-MP3000 tukee jopa kuutta suuritehoista paneelia kerrallaan, ja sen suurin l\u00e4ht\u00f6teho on jopa 3000 W. Invertteri asennetaan suoraan aurinkomoduulin l\u00e4helle varjoon ja se vastaa vain liitetyist\u00e4 moduuleista. T\u00e4m\u00e4 mikroinvertteri sopii siksi erinomaisesti pieniin j\u00e4rjestelmiin ja moduulialueille, joilla on osittainen varjostus.<\/span><\/p>\n<p><strong>Tietolehti:<\/strong> <a href=\"https:\/\/texus.fi\/wp-content\/uploads\/2024\/08\/Datasheet_TITAN-Microinverter-TSOL-MP2250MP3000MS3000.pdf\">Datasheet_TITAN Microinverter TSOL-MP2250MP3000MS3000<\/a><\/p>\n","protected":false},"excerpt":{"rendered":"<p><span data-sheets-root=\"1\">Vaativampiin ymp\u00e4rist\u00f6ihin TSUN TSOL-MP3000 tukee jopa kuutta suuritehoista paneelia kerrallaan, ja sen suurin l\u00e4ht\u00f6teho on jopa 3000 W. Invertteri asennetaan suoraan aurinkomoduulin l\u00e4helle varjoon ja se vastaa vain liitetyist\u00e4 moduuleista. T\u00e4m\u00e4 mikroinvertteri sopii siksi erinomaisesti pieniin j\u00e4rjestelmiin ja moduulialueille, joilla on osittainen varjostus.<\/span><\/p>\n","protected":false},"featured_media":1023,"comment_status":"open","ping_status":"closed","template":"","meta":[],"product_brand":[],"product_cat":[36,51,15],"product_tag":[],"class_list":{"0":"post-1022","1":"product","2":"type-product","3":"status-publish","4":"has-post-thumbnail","6":"product_cat-invertterit","7":"product_cat-mikroinvertteri","8":"product_cat-products","9":"pa_brands-tsun","11":"first","12":"outofstock","13":"taxable","14":"shipping-taxable","15":"product-type-simple"},"_links":{"self":[{"href":"https:\/\/texus.fi\/fi\/wp-json\/wp\/v2\/product\/1022","targetHints":{"allow":["GET"]}}],"collection":[{"href":"https:\/\/texus.fi\/fi\/wp-json\/wp\/v2\/product"}],"about":[{"href":"https:\/\/texus.fi\/fi\/wp-json\/wp\/v2\/types\/product"}],"replies":[{"embeddable":true,"href":"https:\/\/texus.fi\/fi\/wp-json\/wp\/v2\/comments?post=1022"}],"wp:featuredmedia":[{"embeddable":true,"href":"https:\/\/texus.fi\/fi\/wp-json\/wp\/v2\/media\/1023"}],"wp:attachment":[{"href":"https:\/\/texus.fi\/fi\/wp-json\/wp\/v2\/media?parent=1022"}],"wp:term":[{"taxonomy":"product_brand","embeddable":true,"href":"https:\/\/texus.fi\/fi\/wp-json\/wp\/v2\/product_brand?post=1022"},{"taxonomy":"product_cat","embeddable":true,"href":"https:\/\/texus.fi\/fi\/wp-json\/wp\/v2\/product_cat?post=1022"},{"taxonomy":"product_tag","embeddable":true,"href":"https:\/\/texus.fi\/fi\/wp-json\/wp\/v2\/product_tag?post=1022"}],"curies":[{"name":"wp","href":"https:\/\/api.w.org\/{rel}","templated":true}]}}