{"id":1025,"date":"2024-08-02T16:26:18","date_gmt":"2024-08-02T13:26:18","guid":{"rendered":"https:\/\/texus.fi\/?post_type=product&#038;p=1025"},"modified":"2025-03-05T14:21:05","modified_gmt":"2025-03-05T11:21:05","slug":"tsun-titan-ms3000","status":"publish","type":"product","link":"https:\/\/texus.fi\/fi\/tsun-titan-ms3000\/","title":{"rendered":"TSUN &#8211; TITAN MS3000"},"content":{"rendered":"<div class=\"intro\">\n<div class=\"intro\"><span data-sheets-root=\"1\">Vaativampiin ymp\u00e4rist\u00f6ihin TSUN TSOL-MS3000 tukee jopa kahdeksaa suuritehoista paneelia kerrallaan, ja sen suurin l\u00e4ht\u00f6teho on jopa 3000 W. Invertteri asennetaan suoraan aurinkomoduulin l\u00e4helle varjoon ja se vastaa vain liitetyist\u00e4 moduuleista. T\u00e4m\u00e4 mikroinvertteri sopii siksi erinomaisesti pieniin j\u00e4rjestelmiin ja moduulialueille, joilla on osittainen varjostus.<\/span><\/div>\n<\/div>\n<div class=\"button\"><\/div>\n<div><strong>Tietolehti:<\/strong> <a href=\"https:\/\/texus.fi\/wp-content\/uploads\/2024\/08\/Datasheet_TITAN-Microinverter-TSOL-MP2250MP3000MS3000.pdf\">Datasheet_TITAN Microinverter TSOL-MP2250MP3000MS3000<\/a><\/div>\n","protected":false},"excerpt":{"rendered":"<div class=\"intro\">\n<div class=\"intro\"><span data-sheets-root=\"1\">Vaativampiin ymp\u00e4rist\u00f6ihin TSUN TSOL-MS3000 tukee jopa kahdeksaa suuritehoista paneelia kerrallaan, ja sen suurin l\u00e4ht\u00f6teho on jopa 3000 W. Invertteri asennetaan suoraan aurinkomoduulin l\u00e4helle varjoon ja se vastaa vain liitetyist\u00e4 moduuleista. T\u00e4m\u00e4 mikroinvertteri sopii siksi erinomaisesti pieniin j\u00e4rjestelmiin ja moduulialueille, joilla on osittainen varjostus.<\/span><\/div>\n<\/div>\n<div class=\"button\"><\/div>\n","protected":false},"featured_media":1026,"comment_status":"open","ping_status":"closed","template":"","meta":[],"product_brand":[],"product_cat":[36,51,15],"product_tag":[],"class_list":{"0":"post-1025","1":"product","2":"type-product","3":"status-publish","4":"has-post-thumbnail","6":"product_cat-invertterit","7":"product_cat-mikroinvertteri","8":"product_cat-products","9":"pa_brands-tsun","11":"first","12":"onbackorder","13":"taxable","14":"shipping-taxable","15":"product-type-simple"},"_links":{"self":[{"href":"https:\/\/texus.fi\/fi\/wp-json\/wp\/v2\/product\/1025","targetHints":{"allow":["GET"]}}],"collection":[{"href":"https:\/\/texus.fi\/fi\/wp-json\/wp\/v2\/product"}],"about":[{"href":"https:\/\/texus.fi\/fi\/wp-json\/wp\/v2\/types\/product"}],"replies":[{"embeddable":true,"href":"https:\/\/texus.fi\/fi\/wp-json\/wp\/v2\/comments?post=1025"}],"wp:featuredmedia":[{"embeddable":true,"href":"https:\/\/texus.fi\/fi\/wp-json\/wp\/v2\/media\/1026"}],"wp:attachment":[{"href":"https:\/\/texus.fi\/fi\/wp-json\/wp\/v2\/media?parent=1025"}],"wp:term":[{"taxonomy":"product_brand","embeddable":true,"href":"https:\/\/texus.fi\/fi\/wp-json\/wp\/v2\/product_brand?post=1025"},{"taxonomy":"product_cat","embeddable":true,"href":"https:\/\/texus.fi\/fi\/wp-json\/wp\/v2\/product_cat?post=1025"},{"taxonomy":"product_tag","embeddable":true,"href":"https:\/\/texus.fi\/fi\/wp-json\/wp\/v2\/product_tag?post=1025"}],"curies":[{"name":"wp","href":"https:\/\/api.w.org\/{rel}","templated":true}]}}