{"id":1055,"date":"2024-08-02T17:14:48","date_gmt":"2024-08-02T14:14:48","guid":{"rendered":"https:\/\/texus.fi\/?post_type=product&#038;p=1055"},"modified":"2025-03-05T14:20:47","modified_gmt":"2025-03-05T11:20:47","slug":"tsun-1-in-1-ms400","status":"publish","type":"product","link":"https:\/\/texus.fi\/fi\/tsun-1-in-1-ms400\/","title":{"rendered":"TSUN &#8211; 1-in-1 MS350"},"content":{"rendered":"<div class=\"intro\">\n<div class=\"intro\">\n<div class=\"intro\">\n<div class=\"intro\">\n<div class=\"intro\">\n<div class=\"intro\">\n<div class=\"intro\">\n<div class=\"intro\">\n<div class=\"intro\">\n<div class=\"intro\">\n<div class=\"intro\">\n<div class=\"intro\">\n<div class=\"intro\"><span data-sheets-root=\"1\">TSUN TSOL-MS350 on eritt\u00e4in tehokas mikroinvertteri, joka voidaan liitt\u00e4\u00e4 yhteen aurinkopaneeliin. Ne asennetaan yleens\u00e4 katolle paneelien alle. Mikroinvertteri on eritt\u00e4in kannettava, sill\u00e4 se painaa vain 2,1 kg, ja se on helppo asentaa. Se voidaan my\u00f6s yhdist\u00e4\u00e4 muihin TSUN-mikroinverttereihin, jolloin aurinkos\u00e4hk\u00f6asennuksen joustavuus on optimaalinen.<\/span><\/div>\n<\/div>\n<\/div>\n<\/div>\n<\/div>\n<\/div>\n<\/div>\n<\/div>\n<\/div>\n<\/div>\n<\/div>\n<\/div>\n<\/div>\n<div class=\"button\"><\/div>\n<div><strong>Tietolehti:<\/strong> <a href=\"https:\/\/texus.fi\/wp-content\/uploads\/2024\/08\/Datasheet_GEN3-Microinverter-TSOL-MS300MS350MS400-1.pdf\">Datasheet_GEN3 Microinverter TSOL-MS300MS350MS400<\/a><\/div>\n","protected":false},"excerpt":{"rendered":"<div class=\"intro\">\n<div class=\"intro\">\n<div class=\"intro\">\n<div class=\"intro\">\n<div class=\"intro\">\n<div class=\"intro\">\n<div class=\"intro\">\n<div class=\"intro\">\n<div class=\"intro\">\n<div class=\"intro\"><span data-sheets-root=\"1\">TSUN TSOL-MS350 on eritt\u00e4in tehokas mikroinvertteri, joka voidaan liitt\u00e4\u00e4 yhteen aurinkopaneeliin. Ne asennetaan yleens\u00e4 katolle paneelien alle. Mikroinvertteri on eritt\u00e4in kannettava, sill\u00e4 se painaa vain 2,1 kg, ja se on helppo asentaa. Se voidaan my\u00f6s yhdist\u00e4\u00e4 muihin TSUN-mikroinverttereihin, jolloin aurinkos\u00e4hk\u00f6asennuksen joustavuus on optimaalinen.<\/span><\/div>\n<\/div>\n<\/div>\n<\/div>\n<\/div>\n<\/div>\n<\/div>\n<\/div>\n<\/div>\n<\/div>\n","protected":false},"featured_media":1051,"comment_status":"open","ping_status":"closed","template":"","meta":[],"product_brand":[],"product_cat":[36,51,15],"product_tag":[],"class_list":{"0":"post-1055","1":"product","2":"type-product","3":"status-publish","4":"has-post-thumbnail","6":"product_cat-invertterit","7":"product_cat-mikroinvertteri","8":"product_cat-products","9":"pa_brands-tsun","11":"first","12":"outofstock","13":"taxable","14":"shipping-taxable","15":"product-type-simple"},"_links":{"self":[{"href":"https:\/\/texus.fi\/fi\/wp-json\/wp\/v2\/product\/1055","targetHints":{"allow":["GET"]}}],"collection":[{"href":"https:\/\/texus.fi\/fi\/wp-json\/wp\/v2\/product"}],"about":[{"href":"https:\/\/texus.fi\/fi\/wp-json\/wp\/v2\/types\/product"}],"replies":[{"embeddable":true,"href":"https:\/\/texus.fi\/fi\/wp-json\/wp\/v2\/comments?post=1055"}],"wp:featuredmedia":[{"embeddable":true,"href":"https:\/\/texus.fi\/fi\/wp-json\/wp\/v2\/media\/1051"}],"wp:attachment":[{"href":"https:\/\/texus.fi\/fi\/wp-json\/wp\/v2\/media?parent=1055"}],"wp:term":[{"taxonomy":"product_brand","embeddable":true,"href":"https:\/\/texus.fi\/fi\/wp-json\/wp\/v2\/product_brand?post=1055"},{"taxonomy":"product_cat","embeddable":true,"href":"https:\/\/texus.fi\/fi\/wp-json\/wp\/v2\/product_cat?post=1055"},{"taxonomy":"product_tag","embeddable":true,"href":"https:\/\/texus.fi\/fi\/wp-json\/wp\/v2\/product_tag?post=1055"}],"curies":[{"name":"wp","href":"https:\/\/api.w.org\/{rel}","templated":true}]}}