{"id":1069,"date":"2024-08-06T14:26:33","date_gmt":"2024-08-06T11:26:33","guid":{"rendered":"https:\/\/texus.fi\/?post_type=product&#038;p=1069"},"modified":"2025-03-05T14:20:34","modified_gmt":"2025-03-05T11:20:34","slug":"tsun-hybrid-microinverter-mh2000","status":"publish","type":"product","link":"https:\/\/texus.fi\/fi\/tsun-hybrid-microinverter-mh2000\/","title":{"rendered":"TSUN &#8211; Hybridi-mikroinvertteri MH2000"},"content":{"rendered":"<div class=\"left fadeInUp wow animated\" data-wow-duration=\"2s\">\n<div class=\"intro\"><span data-sheets-root=\"1\">Hybridimikroinvertteri on yksi loppuk\u00e4ytt\u00e4jille suunnitellun plug and play -tallennusj\u00e4rjestelm\u00e4n keskeisist\u00e4 komponenteista.<\/span><\/div>\n<div class=\"intro\"><span data-sheets-root=\"1\">Hybridimikroinvertteri, joka on kytketty aurinkopaneelien ja akun v\u00e4liin, voi ladata ylim\u00e4\u00e4r\u00e4isen s\u00e4hk\u00f6energian akkuun ja vapauttaa sen tarvittaessa.<\/span><\/div>\n<\/div>\n<div><\/div>\n<div><strong>Tietolehti:<\/strong> <a href=\"https:\/\/texus.fi\/wp-content\/uploads\/2024\/08\/HybridMicroinverter.pdf\">HybridMicroinverter<\/a><\/div>\n<div class=\"image\"><\/div>\n","protected":false},"excerpt":{"rendered":"<div class=\"intro\"><span data-sheets-root=\"1\">Hybridimikroinvertteri on yksi loppuk\u00e4ytt\u00e4jille suunnitellun plug and play -tallennusj\u00e4rjestelm\u00e4n keskeisist\u00e4 komponenteista.<\/span><\/div>\n<div class=\"intro\"><span data-sheets-root=\"1\">Hybridimikroinvertteri, joka on kytketty aurinkopaneelien ja akun v\u00e4liin, voi ladata ylim\u00e4\u00e4r\u00e4isen s\u00e4hk\u00f6energian akkuun ja vapauttaa sen tarvittaessa.<\/span><\/div>\n","protected":false},"featured_media":1071,"comment_status":"open","ping_status":"closed","template":"","meta":[],"product_brand":[],"product_cat":[37,36,15],"product_tag":[],"class_list":{"0":"post-1069","1":"product","2":"type-product","3":"status-publish","4":"has-post-thumbnail","6":"product_cat-hybridivaihtosuuntaajat","7":"product_cat-invertterit","8":"product_cat-products","9":"pa_brands-tsun","11":"first","12":"outofstock","13":"taxable","14":"shipping-taxable","15":"product-type-simple"},"_links":{"self":[{"href":"https:\/\/texus.fi\/fi\/wp-json\/wp\/v2\/product\/1069","targetHints":{"allow":["GET"]}}],"collection":[{"href":"https:\/\/texus.fi\/fi\/wp-json\/wp\/v2\/product"}],"about":[{"href":"https:\/\/texus.fi\/fi\/wp-json\/wp\/v2\/types\/product"}],"replies":[{"embeddable":true,"href":"https:\/\/texus.fi\/fi\/wp-json\/wp\/v2\/comments?post=1069"}],"wp:featuredmedia":[{"embeddable":true,"href":"https:\/\/texus.fi\/fi\/wp-json\/wp\/v2\/media\/1071"}],"wp:attachment":[{"href":"https:\/\/texus.fi\/fi\/wp-json\/wp\/v2\/media?parent=1069"}],"wp:term":[{"taxonomy":"product_brand","embeddable":true,"href":"https:\/\/texus.fi\/fi\/wp-json\/wp\/v2\/product_brand?post=1069"},{"taxonomy":"product_cat","embeddable":true,"href":"https:\/\/texus.fi\/fi\/wp-json\/wp\/v2\/product_cat?post=1069"},{"taxonomy":"product_tag","embeddable":true,"href":"https:\/\/texus.fi\/fi\/wp-json\/wp\/v2\/product_tag?post=1069"}],"curies":[{"name":"wp","href":"https:\/\/api.w.org\/{rel}","templated":true}]}}