{"id":1072,"date":"2024-08-06T14:32:49","date_gmt":"2024-08-06T11:32:49","guid":{"rendered":"https:\/\/texus.fi\/?post_type=product&#038;p=1072"},"modified":"2025-03-05T14:20:33","modified_gmt":"2025-03-05T11:20:33","slug":"tsun-hybrid-storage-unit","status":"publish","type":"product","link":"https:\/\/texus.fi\/fi\/tsun-hybrid-storage-unit\/","title":{"rendered":"TSUN &#8211; Hybridivarastointiyksikk\u00f6"},"content":{"rendered":"<p><span data-sheets-root=\"1\">Hybrid Storage Unit (HSU) on yksi loppuk\u00e4ytt\u00e4jille suunnitellun plug and play -tallennusj\u00e4rjestelm\u00e4n keskeisist\u00e4 komponenteista.<\/span><\/p>\n<p><strong>Tietolehti:<\/strong> <a href=\"https:\/\/texus.fi\/wp-content\/uploads\/2024\/08\/Hybrid-Storage-Unit.pdf\">Hybrid Storage Unit<\/a><\/p>\n","protected":false},"excerpt":{"rendered":"<p><span data-sheets-root=\"1\">Hybrid Storage Unit (HSU) on yksi loppuk\u00e4ytt\u00e4jille suunnitellun plug and play -tallennusj\u00e4rjestelm\u00e4n keskeisist\u00e4 komponenteista.<\/span><\/p>\n","protected":false},"featured_media":1074,"comment_status":"open","ping_status":"closed","template":"","meta":[],"product_brand":[],"product_cat":[35,15],"product_tag":[],"class_list":{"0":"post-1072","1":"product","2":"type-product","3":"status-publish","4":"has-post-thumbnail","6":"product_cat-ess-ratkaisut","7":"product_cat-products","8":"pa_brands-tsun","10":"first","11":"outofstock","12":"taxable","13":"shipping-taxable","14":"product-type-simple"},"_links":{"self":[{"href":"https:\/\/texus.fi\/fi\/wp-json\/wp\/v2\/product\/1072","targetHints":{"allow":["GET"]}}],"collection":[{"href":"https:\/\/texus.fi\/fi\/wp-json\/wp\/v2\/product"}],"about":[{"href":"https:\/\/texus.fi\/fi\/wp-json\/wp\/v2\/types\/product"}],"replies":[{"embeddable":true,"href":"https:\/\/texus.fi\/fi\/wp-json\/wp\/v2\/comments?post=1072"}],"wp:featuredmedia":[{"embeddable":true,"href":"https:\/\/texus.fi\/fi\/wp-json\/wp\/v2\/media\/1074"}],"wp:attachment":[{"href":"https:\/\/texus.fi\/fi\/wp-json\/wp\/v2\/media?parent=1072"}],"wp:term":[{"taxonomy":"product_brand","embeddable":true,"href":"https:\/\/texus.fi\/fi\/wp-json\/wp\/v2\/product_brand?post=1072"},{"taxonomy":"product_cat","embeddable":true,"href":"https:\/\/texus.fi\/fi\/wp-json\/wp\/v2\/product_cat?post=1072"},{"taxonomy":"product_tag","embeddable":true,"href":"https:\/\/texus.fi\/fi\/wp-json\/wp\/v2\/product_tag?post=1072"}],"curies":[{"name":"wp","href":"https:\/\/api.w.org\/{rel}","templated":true}]}}