{"id":1083,"date":"2024-08-06T14:52:14","date_gmt":"2024-08-06T11:52:14","guid":{"rendered":"https:\/\/texus.fi\/?post_type=product&#038;p=1083"},"modified":"2025-03-05T14:20:30","modified_gmt":"2025-03-05T11:20:30","slug":"tsun-p1000-portable-station-accessory-compatible-with-dcu1000","status":"publish","type":"product","link":"https:\/\/texus.fi\/fi\/tsun-p1000-portable-station-accessory-compatible-with-dcu1000\/","title":{"rendered":"TSUN &#8211; P1000 &#8211; Kannettavan aseman lis\u00e4varuste (yhteensopiva DCU1000:n kanssa)"},"content":{"rendered":"<p class=\"p1\"><span data-sheets-root=\"1\">Tulo 600W &#8211; AC l\u00e4ht\u00f6 1000W<\/span><\/p>\n<p><span data-sheets-root=\"1\">DC Coupled Unit (DCU) on yksi loppuk\u00e4ytt\u00e4jille suunnitelluista plug and play -tallennusj\u00e4rjestelmist\u00e4.<\/span><\/p>\n<p><span data-sheets-root=\"1\">DC Coupled Unit, joka on kytketty aurinkopaneelien ja parvekemikroinvertterin v\u00e4liin, voi varastoida ylim\u00e4\u00e4r\u00e4isen s\u00e4hk\u00f6energian akkuun ja purkaa sen tarvittaessa.<\/span><\/p>\n<p><strong>Tietolehti:<\/strong> <a href=\"https:\/\/texus.fi\/wp-content\/uploads\/2024\/08\/DCU-Foldpage.pdf\">DCU-Foldpage<\/a><\/p>\n","protected":false},"excerpt":{"rendered":"<p class=\"p1\"><span data-sheets-root=\"1\">Tulo 600W &#8211; AC l\u00e4ht\u00f6 1000W<\/span><\/p>\n<p><span data-sheets-root=\"1\">DC Coupled Unit (DCU) on yksi loppuk\u00e4ytt\u00e4jille suunnitelluista plug and play -tallennusj\u00e4rjestelmist\u00e4.<\/span><\/p>\n<p><span data-sheets-root=\"1\">DC Coupled Unit, joka on kytketty aurinkopaneelien ja parvekemikroinvertterin v\u00e4liin, voi varastoida ylim\u00e4\u00e4r\u00e4isen s\u00e4hk\u00f6energian akkuun ja purkaa sen tarvittaessa.<\/span><\/p>\n","protected":false},"featured_media":3287,"comment_status":"open","ping_status":"closed","template":"","meta":[],"product_brand":[],"product_cat":[38,121,15,34],"product_tag":[],"class_list":{"0":"post-1083","1":"product","2":"type-product","3":"status-publish","4":"has-post-thumbnail","6":"product_cat-kannettava-aurinkogeneraattori","7":"product_cat-muut-tuotteet","8":"product_cat-products","9":"product_cat-virta-asemat","10":"pa_brands-tsun","12":"first","13":"outofstock","14":"taxable","15":"shipping-taxable","16":"product-type-simple"},"_links":{"self":[{"href":"https:\/\/texus.fi\/fi\/wp-json\/wp\/v2\/product\/1083","targetHints":{"allow":["GET"]}}],"collection":[{"href":"https:\/\/texus.fi\/fi\/wp-json\/wp\/v2\/product"}],"about":[{"href":"https:\/\/texus.fi\/fi\/wp-json\/wp\/v2\/types\/product"}],"replies":[{"embeddable":true,"href":"https:\/\/texus.fi\/fi\/wp-json\/wp\/v2\/comments?post=1083"}],"wp:featuredmedia":[{"embeddable":true,"href":"https:\/\/texus.fi\/fi\/wp-json\/wp\/v2\/media\/3287"}],"wp:attachment":[{"href":"https:\/\/texus.fi\/fi\/wp-json\/wp\/v2\/media?parent=1083"}],"wp:term":[{"taxonomy":"product_brand","embeddable":true,"href":"https:\/\/texus.fi\/fi\/wp-json\/wp\/v2\/product_brand?post=1083"},{"taxonomy":"product_cat","embeddable":true,"href":"https:\/\/texus.fi\/fi\/wp-json\/wp\/v2\/product_cat?post=1083"},{"taxonomy":"product_tag","embeddable":true,"href":"https:\/\/texus.fi\/fi\/wp-json\/wp\/v2\/product_tag?post=1083"}],"curies":[{"name":"wp","href":"https:\/\/api.w.org\/{rel}","templated":true}]}}