{"id":1086,"date":"2024-08-06T17:11:37","date_gmt":"2024-08-06T14:11:37","guid":{"rendered":"https:\/\/texus.fi\/?post_type=product&#038;p=1086"},"modified":"2025-03-05T14:20:27","modified_gmt":"2025-03-05T11:20:27","slug":"topband-rs-r51100a-heated-version-is-available","status":"publish","type":"product","link":"https:\/\/texus.fi\/fi\/topband-rs-r51100a-heated-version-is-available\/","title":{"rendered":"Topband &#8211; RS-R51100A (saatavana my\u00f6s l\u00e4mmitetty versio)"},"content":{"rendered":"<p><strong>Vihre\u00e4 energia<\/strong><\/p>\n<p>Topbandin asuink\u00e4ytt\u00f6\u00f6n tarkoitettu energiavarastointij\u00e4rjestelm\u00e4 saa energiaa kattojen aurinkoenergian tuotantolaitteista, kotitalouksien tuuliturbiinista ja sosiaalisten s\u00e4hk\u00f6njakeluj\u00e4rjestelmien edullisesta tehosta. T\u00e4t\u00e4 j\u00e4rjestelm\u00e4\u00e4 voidaan k\u00e4ytt\u00e4\u00e4 ruuhka-aikoina, eik\u00e4 se t\u00e4yt\u00e4 ainoastaan h\u00e4t\u00e4tilanteita, vaan on my\u00f6s hy\u00f6dyllinen perheen s\u00e4hk\u00f6kustannusten s\u00e4\u00e4st\u00e4miseksi.<\/p>\n<p>Kodinkoneiden muotoilu, kaunis ulkon\u00e4k\u00f6, helppo k\u00e4ytt\u00e4\u00e4.Yst\u00e4v\u00e4llinen ihmisen ja koneen v\u00e4linen k\u00e4ytt\u00f6liittym\u00e4.<\/p>\n<p><strong>Tutustu litiumparistojen etuihin<\/strong><\/p>\n<p>Topband-kotitalouksien energiavarastointij\u00e4rjestelm\u00e4 saa energiaa kattojen aurinkoenergiantuotantolaitteista, kotitalouksien tuuliturbiinista ja sosiaalisten s\u00e4hk\u00f6njakeluj\u00e4rjestelmien edullisesta tehosta. T\u00e4t\u00e4 j\u00e4rjestelm\u00e4\u00e4 voidaan k\u00e4ytt\u00e4\u00e4 ruuhka-aikoina, eik\u00e4 se t\u00e4yt\u00e4 ainoastaan h\u00e4t\u00e4tilanteita, vaan on my\u00f6s hy\u00f6dyllinen perheen s\u00e4hk\u00f6kustannusten s\u00e4\u00e4st\u00e4miseksi.<\/p>\n<p><strong>Helppok\u00e4ytt\u00f6inen, yksil\u00f6llinen ohjaus<\/strong><\/p>\n<p>Tuki WiFi-kommunikaatiolle ja pilvipalvelualustalle; tuki online-tiedonsiirrolle energiaportaaliin; tuki mobiilip\u00e4\u00e4telaitteen visualisoinnille ja yksil\u00f6lliselle ohjaukselle.<\/p>\n<p><strong>Tietolehti:<\/strong> <a href=\"https:\/\/texus.fi\/wp-content\/uploads\/2024\/08\/Residential-ESS-RS-R-series.pdf\">Residential ESS RS-R series<\/a><\/p>\n","protected":false},"excerpt":{"rendered":"<p><strong>Vihre\u00e4 energia<\/strong><\/p>\n<p>Topbandin asuink\u00e4ytt\u00f6\u00f6n tarkoitettu energiavarastointij\u00e4rjestelm\u00e4 saa energiaa kattojen aurinkoenergian tuotantolaitteista, kotitalouksien tuuliturbiinista ja sosiaalisten s\u00e4hk\u00f6njakeluj\u00e4rjestelmien edullisesta tehosta. T\u00e4t\u00e4 j\u00e4rjestelm\u00e4\u00e4 voidaan k\u00e4ytt\u00e4\u00e4 ruuhka-aikoina, eik\u00e4 se t\u00e4yt\u00e4 ainoastaan h\u00e4t\u00e4tilanteita, vaan on my\u00f6s hy\u00f6dyllinen perheen s\u00e4hk\u00f6kustannusten s\u00e4\u00e4st\u00e4miseksi.<\/p>\n<p>Kodinkoneiden muotoilu, kaunis ulkon\u00e4k\u00f6, helppo k\u00e4ytt\u00e4\u00e4.Yst\u00e4v\u00e4llinen ihmisen ja koneen v\u00e4linen k\u00e4ytt\u00f6liittym\u00e4.<\/p>\n<p><strong>Tutustu litiumparistojen etuihin<\/strong><\/p>\n<p>Topband-kotitalouksien energiavarastointij\u00e4rjestelm\u00e4 saa energiaa kattojen aurinkoenergiantuotantolaitteista, kotitalouksien tuuliturbiinista ja sosiaalisten s\u00e4hk\u00f6njakeluj\u00e4rjestelmien edullisesta tehosta. T\u00e4t\u00e4 j\u00e4rjestelm\u00e4\u00e4 voidaan k\u00e4ytt\u00e4\u00e4 ruuhka-aikoina, eik\u00e4 se t\u00e4yt\u00e4 ainoastaan h\u00e4t\u00e4tilanteita, vaan on my\u00f6s hy\u00f6dyllinen perheen s\u00e4hk\u00f6kustannusten s\u00e4\u00e4st\u00e4miseksi.<\/p>\n<p><strong>Helppok\u00e4ytt\u00f6inen, yksil\u00f6llinen ohjaus<\/strong><\/p>\n<p>Tuki WiFi-kommunikaatiolle ja pilvipalvelualustalle; tuki online-tiedonsiirrolle energiaportaaliin; tuki mobiilip\u00e4\u00e4telaitteen visualisoinnille ja yksil\u00f6lliselle ohjaukselle.<\/p>\n","protected":false},"featured_media":1090,"comment_status":"open","ping_status":"closed","template":"","meta":[],"product_brand":[],"product_cat":[35,15],"product_tag":[],"class_list":{"0":"post-1086","1":"product","2":"type-product","3":"status-publish","4":"has-post-thumbnail","6":"product_cat-ess-ratkaisut","7":"product_cat-products","8":"pa_brands-topband","10":"first","11":"outofstock","12":"taxable","13":"shipping-taxable","14":"product-type-simple"},"_links":{"self":[{"href":"https:\/\/texus.fi\/fi\/wp-json\/wp\/v2\/product\/1086","targetHints":{"allow":["GET"]}}],"collection":[{"href":"https:\/\/texus.fi\/fi\/wp-json\/wp\/v2\/product"}],"about":[{"href":"https:\/\/texus.fi\/fi\/wp-json\/wp\/v2\/types\/product"}],"replies":[{"embeddable":true,"href":"https:\/\/texus.fi\/fi\/wp-json\/wp\/v2\/comments?post=1086"}],"wp:featuredmedia":[{"embeddable":true,"href":"https:\/\/texus.fi\/fi\/wp-json\/wp\/v2\/media\/1090"}],"wp:attachment":[{"href":"https:\/\/texus.fi\/fi\/wp-json\/wp\/v2\/media?parent=1086"}],"wp:term":[{"taxonomy":"product_brand","embeddable":true,"href":"https:\/\/texus.fi\/fi\/wp-json\/wp\/v2\/product_brand?post=1086"},{"taxonomy":"product_cat","embeddable":true,"href":"https:\/\/texus.fi\/fi\/wp-json\/wp\/v2\/product_cat?post=1086"},{"taxonomy":"product_tag","embeddable":true,"href":"https:\/\/texus.fi\/fi\/wp-json\/wp\/v2\/product_tag?post=1086"}],"curies":[{"name":"wp","href":"https:\/\/api.w.org\/{rel}","templated":true}]}}