{"id":1091,"date":"2024-08-06T17:24:50","date_gmt":"2024-08-06T14:24:50","guid":{"rendered":"https:\/\/texus.fi\/?post_type=product&#038;p=1091"},"modified":"2025-03-05T14:20:25","modified_gmt":"2025-03-05T11:20:25","slug":"pytes-v5","status":"publish","type":"product","link":"https:\/\/texus.fi\/fi\/pytes-v5\/","title":{"rendered":"Pytes &#8211; V5"},"content":{"rendered":"<p class=\"txt\"><span data-sheets-root=\"1\">Uusi LFP-akku kodin energian varastointij\u00e4rjestelm\u00e4\u00e4n.<\/span><\/p>\n<p class=\"txt\"><span data-sheets-root=\"1\">Se auttaa s\u00e4\u00e4st\u00e4m\u00e4\u00e4n rahaa s\u00e4hk\u00f6laskussa, kun sit\u00e4 k\u00e4ytet\u00e4\u00e4n ruuhkahuipun aikana, ja antaa sinulle varmuutta s\u00e4hk\u00f6katkojen varalta, kun s\u00e4hk\u00f6\u00e4 varastoidaan joko aurinkopaneeleista tai s\u00e4hk\u00f6verkosta.<\/span><\/p>\n<div class=\"share\"><strong>Tietolehti:<\/strong> <a href=\"https:\/\/texus.fi\/wp-content\/uploads\/2024\/08\/d397016dc21c0a2af9802400c14e98e3.pdf\">V5<\/a><\/div>\n<div><\/div>\n<div><a href=\"https:\/\/texus.fi\/wp-content\/uploads\/2024\/08\/240511144315625.webp\"><img fetchpriority=\"high\" decoding=\"async\" class=\"aligncenter size-full wp-image-1094\" src=\"https:\/\/texus.fi\/wp-content\/uploads\/2024\/08\/240511144315625.webp\" alt=\"\" width=\"1920\" height=\"805\" srcset=\"https:\/\/texus.fi\/wp-content\/uploads\/2024\/08\/240511144315625.webp 1920w, https:\/\/texus.fi\/wp-content\/uploads\/2024\/08\/240511144315625-300x126.webp 300w, https:\/\/texus.fi\/wp-content\/uploads\/2024\/08\/240511144315625-1024x429.webp 1024w, https:\/\/texus.fi\/wp-content\/uploads\/2024\/08\/240511144315625-768x322.webp 768w, https:\/\/texus.fi\/wp-content\/uploads\/2024\/08\/240511144315625-1536x644.webp 1536w, https:\/\/texus.fi\/wp-content\/uploads\/2024\/08\/240511144315625-600x252.webp 600w\" sizes=\"(max-width: 1920px) 100vw, 1920px\" \/><\/a><\/div>\n","protected":false},"excerpt":{"rendered":"<p class=\"txt\"><span data-sheets-root=\"1\">Uusi LFP-akku kodin energian varastointij\u00e4rjestelm\u00e4\u00e4n.<\/span><\/p>\n<p class=\"txt\"><span data-sheets-root=\"1\">Se auttaa s\u00e4\u00e4st\u00e4m\u00e4\u00e4n rahaa s\u00e4hk\u00f6laskussa, kun sit\u00e4 k\u00e4ytet\u00e4\u00e4n ruuhkahuipun aikana, ja antaa sinulle varmuutta s\u00e4hk\u00f6katkojen varalta, kun s\u00e4hk\u00f6\u00e4 varastoidaan joko aurinkopaneeleista tai s\u00e4hk\u00f6verkosta.<\/span><\/p>\n","protected":false},"featured_media":3251,"comment_status":"open","ping_status":"closed","template":"","meta":[],"product_brand":[],"product_cat":[35,15],"product_tag":[],"class_list":{"0":"post-1091","1":"product","2":"type-product","3":"status-publish","4":"has-post-thumbnail","6":"product_cat-ess-ratkaisut","7":"product_cat-products","8":"pa_brands-pytes","10":"first","11":"outofstock","12":"taxable","13":"shipping-taxable","14":"product-type-simple"},"_links":{"self":[{"href":"https:\/\/texus.fi\/fi\/wp-json\/wp\/v2\/product\/1091","targetHints":{"allow":["GET"]}}],"collection":[{"href":"https:\/\/texus.fi\/fi\/wp-json\/wp\/v2\/product"}],"about":[{"href":"https:\/\/texus.fi\/fi\/wp-json\/wp\/v2\/types\/product"}],"replies":[{"embeddable":true,"href":"https:\/\/texus.fi\/fi\/wp-json\/wp\/v2\/comments?post=1091"}],"wp:featuredmedia":[{"embeddable":true,"href":"https:\/\/texus.fi\/fi\/wp-json\/wp\/v2\/media\/3251"}],"wp:attachment":[{"href":"https:\/\/texus.fi\/fi\/wp-json\/wp\/v2\/media?parent=1091"}],"wp:term":[{"taxonomy":"product_brand","embeddable":true,"href":"https:\/\/texus.fi\/fi\/wp-json\/wp\/v2\/product_brand?post=1091"},{"taxonomy":"product_cat","embeddable":true,"href":"https:\/\/texus.fi\/fi\/wp-json\/wp\/v2\/product_cat?post=1091"},{"taxonomy":"product_tag","embeddable":true,"href":"https:\/\/texus.fi\/fi\/wp-json\/wp\/v2\/product_tag?post=1091"}],"curies":[{"name":"wp","href":"https:\/\/api.w.org\/{rel}","templated":true}]}}