{"id":1098,"date":"2024-12-28T15:09:28","date_gmt":"2024-12-28T12:09:28","guid":{"rendered":"https:\/\/texus.fi\/?post_type=product&#038;p=1098"},"modified":"2025-06-06T11:59:14","modified_gmt":"2025-06-06T08:59:14","slug":"pytes-e-box-48100r","status":"publish","type":"product","link":"https:\/\/texus.fi\/fi\/pytes-e-box-48100r\/","title":{"rendered":"Pytes &#8211; E-Box 48100R"},"content":{"rendered":"<p class=\"p1\"><span data-sheets-root=\"1\">E-BOX-sarja, uuden sukupolven LFP-akku kodin energian varastointij\u00e4rjestelm\u00e4\u00e4n. Se tarjoaa sinulle turvallisen, hyvin suunnitellun ja suorituskykyisen LFP-standardiakun. Akkupaketti on kompakti, helppo asentaa, huoltovapaa, ja se voidaan ottaa k\u00e4ytt\u00f6\u00f6n energiavarastoj\u00e4rjestelm\u00e4n rakennuspalikkana rinnakkain koottuna. Sit\u00e4 k\u00e4ytet\u00e4\u00e4n laajalti kotisovelluksissa, pieniss\u00e4 kaupallisissa ja teollisissa energiavarastointij\u00e4rjestelmiss\u00e4 sek\u00e4 teleasemilla.<\/span><\/p>\n","protected":false},"excerpt":{"rendered":"<p><span data-sheets-root=\"1\">E-BOX-sarja, uuden sukupolven LFP-akku kodin energian varastointij\u00e4rjestelm\u00e4\u00e4n. Se tarjoaa sinulle turvallisen, hyvin suunnitellun ja suorituskykyisen LFP-standardiakun. Akkupaketti on kompakti, helppo asentaa, huoltovapaa, ja se voidaan ottaa k\u00e4ytt\u00f6\u00f6n energiavarastoj\u00e4rjestelm\u00e4n rakennuspalikkana rinnakkain koottuna. Sit\u00e4 k\u00e4ytet\u00e4\u00e4n laajalti kotisovelluksissa, pieniss\u00e4 kaupallisissa ja teollisissa energiavarastointij\u00e4rjestelmiss\u00e4 sek\u00e4 teleasemilla.<\/span><\/p>\n","protected":false},"featured_media":3197,"comment_status":"open","ping_status":"closed","template":"","meta":[],"product_brand":[],"product_cat":[35,15],"product_tag":[],"class_list":{"0":"post-1098","1":"product","2":"type-product","3":"status-publish","4":"has-post-thumbnail","6":"product_cat-ess-ratkaisut","7":"product_cat-products","8":"pa_brands-pytes","10":"first","11":"outofstock","12":"taxable","13":"shipping-taxable","14":"product-type-simple"},"_links":{"self":[{"href":"https:\/\/texus.fi\/fi\/wp-json\/wp\/v2\/product\/1098","targetHints":{"allow":["GET"]}}],"collection":[{"href":"https:\/\/texus.fi\/fi\/wp-json\/wp\/v2\/product"}],"about":[{"href":"https:\/\/texus.fi\/fi\/wp-json\/wp\/v2\/types\/product"}],"replies":[{"embeddable":true,"href":"https:\/\/texus.fi\/fi\/wp-json\/wp\/v2\/comments?post=1098"}],"wp:featuredmedia":[{"embeddable":true,"href":"https:\/\/texus.fi\/fi\/wp-json\/wp\/v2\/media\/3197"}],"wp:attachment":[{"href":"https:\/\/texus.fi\/fi\/wp-json\/wp\/v2\/media?parent=1098"}],"wp:term":[{"taxonomy":"product_brand","embeddable":true,"href":"https:\/\/texus.fi\/fi\/wp-json\/wp\/v2\/product_brand?post=1098"},{"taxonomy":"product_cat","embeddable":true,"href":"https:\/\/texus.fi\/fi\/wp-json\/wp\/v2\/product_cat?post=1098"},{"taxonomy":"product_tag","embeddable":true,"href":"https:\/\/texus.fi\/fi\/wp-json\/wp\/v2\/product_tag?post=1098"}],"curies":[{"name":"wp","href":"https:\/\/api.w.org\/{rel}","templated":true}]}}