{"id":1145,"date":"2024-08-12T11:08:02","date_gmt":"2024-08-12T08:08:02","guid":{"rendered":"https:\/\/texus.fi\/?post_type=product&#038;p=1145"},"modified":"2025-03-05T14:20:22","modified_gmt":"2025-03-05T11:20:22","slug":"mercury-series-expandable-portable-power-station-m1200","status":"publish","type":"product","link":"https:\/\/texus.fi\/fi\/mercury-series-expandable-portable-power-station-m1200\/","title":{"rendered":"Marstek &#8211; Mercury-sarjan laajennettava kannettava virta-asema M1200"},"content":{"rendered":"<p>Akun kapasiteetti: 1030Wh<\/p>\n<p>Akku:LiFePO4<\/p>\n<p>Yksitt\u00e4inen solu Capacity:23Ah@3.2V\/pcs<\/p>\n<p>Elinkaari: 6000+ sykli\u00e4 80 %:n kapasiteetin saavuttamiseen<\/p>\n<p>Indikaattori: APP\/TFT-n\u00e4ytt\u00f6<\/p>\n<p>Varastointil\u00e4mp\u00f6tila: -20\u00b0C~60\u00b0C<\/p>\n<p>K\u00e4ytt\u00f6l\u00e4mp\u00f6tila: 0\u00b0C~50\u00b0C<\/p>\n<p>Materiaali: ABS+PC+metalli<\/p>\n<p>Paino13\u00b10.5kg<\/p>\n<p>Mitat :400*195*200mm<\/p>\n<p>Aurinkolatausj\u00e4rjestelm\u00e4: MPPT-laturis\u00e4\u00e4din<\/p>\n<p>Tulo:1 AC 1000W Max (220V~240V@50Hz) 2. XT60 800W Max.<\/p>\n<p>L\u00e4ht\u00f6:<\/p>\n<p>1. AC 1200W Max (220V ~ 240V50Hz)<\/p>\n<p>2.USB A :18W Max<\/p>\n<p>3.USB C 1: 100W Max<\/p>\n<p>4.USB C 2: 100W Max<\/p>\n<p>5.DC5525: 120W (12V 10A )<\/p>\n<p>6.Car laturi: 120W (12V 10A)<\/p>\n<p>&nbsp;<\/p>\n<p>Laajennettava kapasiteetti, enint\u00e4\u00e4n 10752Wh.<\/p>\n<p>Suuritehoinen aurinkolataus, se tukee aurinkopaneelin latausta 800W &#8211; 5500W.<\/p>\n<p>Kaksisuuntainen invertteritekniikka, AC-tulon ollessa jopa 3600W, voimalaitos voidaan ladata t\u00e4yteen noin 1 tunnissa.<\/p>\n<p>Eritt\u00e4in alhainen valmiustilan virrankulutus, voimalaitos valvoo automaattisesti ty\u00f6tilaa ja kytkee valmiustilan p\u00e4\u00e4lle ja pois sen mukaisesti.<\/p>\n<p>Kuusi BMS:n lataus- ja purkaussuojaustapaa.<\/p>\n","protected":false},"excerpt":{"rendered":"<p>Akun kapasiteetti: 1030Wh<\/p>\n<p>Akku:LiFePO4<\/p>\n<p>Yksitt\u00e4inen solu Capacity:23Ah@3.2V\/pcs<\/p>\n<p>Elinkaari: 6000+ sykli\u00e4 80 %:n kapasiteetin saavuttamiseen<\/p>\n<p>Indikaattori: APP\/TFT-n\u00e4ytt\u00f6<\/p>\n<p>Varastointil\u00e4mp\u00f6tila: -20\u00b0C~60\u00b0C<\/p>\n<p>K\u00e4ytt\u00f6l\u00e4mp\u00f6tila: 0\u00b0C~50\u00b0C<\/p>\n<p>Materiaali: ABS+PC+metalli<\/p>\n<p>Paino13\u00b10.5kg<\/p>\n<p>Mitat :400*195*200mm<\/p>\n<p>Aurinkolatausj\u00e4rjestelm\u00e4: MPPT-laturis\u00e4\u00e4din<\/p>\n","protected":false},"featured_media":3235,"comment_status":"open","ping_status":"closed","template":"","meta":[],"product_brand":[],"product_cat":[121,15,34],"product_tag":[],"class_list":{"0":"post-1145","1":"product","2":"type-product","3":"status-publish","4":"has-post-thumbnail","6":"product_cat-muut-tuotteet","7":"product_cat-products","8":"product_cat-virta-asemat","9":"pa_brands-marstek","11":"first","12":"outofstock","13":"taxable","14":"shipping-taxable","15":"product-type-simple"},"_links":{"self":[{"href":"https:\/\/texus.fi\/fi\/wp-json\/wp\/v2\/product\/1145","targetHints":{"allow":["GET"]}}],"collection":[{"href":"https:\/\/texus.fi\/fi\/wp-json\/wp\/v2\/product"}],"about":[{"href":"https:\/\/texus.fi\/fi\/wp-json\/wp\/v2\/types\/product"}],"replies":[{"embeddable":true,"href":"https:\/\/texus.fi\/fi\/wp-json\/wp\/v2\/comments?post=1145"}],"wp:featuredmedia":[{"embeddable":true,"href":"https:\/\/texus.fi\/fi\/wp-json\/wp\/v2\/media\/3235"}],"wp:attachment":[{"href":"https:\/\/texus.fi\/fi\/wp-json\/wp\/v2\/media?parent=1145"}],"wp:term":[{"taxonomy":"product_brand","embeddable":true,"href":"https:\/\/texus.fi\/fi\/wp-json\/wp\/v2\/product_brand?post=1145"},{"taxonomy":"product_cat","embeddable":true,"href":"https:\/\/texus.fi\/fi\/wp-json\/wp\/v2\/product_cat?post=1145"},{"taxonomy":"product_tag","embeddable":true,"href":"https:\/\/texus.fi\/fi\/wp-json\/wp\/v2\/product_tag?post=1145"}],"curies":[{"name":"wp","href":"https:\/\/api.w.org\/{rel}","templated":true}]}}