{"id":1172,"date":"2024-08-12T13:33:00","date_gmt":"2024-08-12T10:33:00","guid":{"rendered":"https:\/\/texus.fi\/?post_type=product&#038;p=1172"},"modified":"2025-03-05T14:20:19","modified_gmt":"2025-03-05T11:20:19","slug":"topband-tb600-portable-power-station-600w","status":"publish","type":"product","link":"https:\/\/texus.fi\/fi\/topband-tb600-portable-power-station-600w\/","title":{"rendered":"Topband &#8211; TB600 &#8211; Kannettava virta-asema 600W"},"content":{"rendered":"<div class=\"woocommerce-product-details__short-description\">\n<p><span data-sheets-root=\"1\">Kannettava virta-asema on ihanteellinen kannettava virtal\u00e4hderatkaisu moniin toimintoihin kotona, ulkona ja h\u00e4t\u00e4tilanteissa.<\/span><\/p>\n<\/div>\n<div class=\"product_meta realfactory-title-font\"><a href=\"https:\/\/texus.fi\/wp-content\/uploads\/2024\/08\/WhatsApp-Image-2024-08-12-at-13.19.17-1.jpeg\"><img fetchpriority=\"high\" decoding=\"async\" class=\"aligncenter size-full wp-image-1173\" src=\"https:\/\/texus.fi\/wp-content\/uploads\/2024\/08\/WhatsApp-Image-2024-08-12-at-13.19.17-1.jpeg\" alt=\"\" width=\"1600\" height=\"960\" srcset=\"https:\/\/texus.fi\/wp-content\/uploads\/2024\/08\/WhatsApp-Image-2024-08-12-at-13.19.17-1.jpeg 1600w, https:\/\/texus.fi\/wp-content\/uploads\/2024\/08\/WhatsApp-Image-2024-08-12-at-13.19.17-1-300x180.jpeg 300w, https:\/\/texus.fi\/wp-content\/uploads\/2024\/08\/WhatsApp-Image-2024-08-12-at-13.19.17-1-1024x614.jpeg 1024w, https:\/\/texus.fi\/wp-content\/uploads\/2024\/08\/WhatsApp-Image-2024-08-12-at-13.19.17-1-768x461.jpeg 768w, https:\/\/texus.fi\/wp-content\/uploads\/2024\/08\/WhatsApp-Image-2024-08-12-at-13.19.17-1-1536x922.jpeg 1536w, https:\/\/texus.fi\/wp-content\/uploads\/2024\/08\/WhatsApp-Image-2024-08-12-at-13.19.17-1-600x360.jpeg 600w\" sizes=\"(max-width: 1600px) 100vw, 1600px\" \/><\/a><\/div>\n","protected":false},"excerpt":{"rendered":"<p><span data-sheets-root=\"1\">Kannettava virta-asema on ihanteellinen kannettava virtal\u00e4hderatkaisu moniin toimintoihin kotona, ulkona ja h\u00e4t\u00e4tilanteissa.<\/span><\/p>\n","protected":false},"featured_media":1174,"comment_status":"open","ping_status":"closed","template":"","meta":[],"product_brand":[],"product_cat":[38,121,15,34],"product_tag":[],"class_list":{"0":"post-1172","1":"product","2":"type-product","3":"status-publish","4":"has-post-thumbnail","6":"product_cat-kannettava-aurinkogeneraattori","7":"product_cat-muut-tuotteet","8":"product_cat-products","9":"product_cat-virta-asemat","10":"pa_brands-topband","12":"first","13":"outofstock","14":"taxable","15":"shipping-taxable","16":"product-type-simple"},"_links":{"self":[{"href":"https:\/\/texus.fi\/fi\/wp-json\/wp\/v2\/product\/1172","targetHints":{"allow":["GET"]}}],"collection":[{"href":"https:\/\/texus.fi\/fi\/wp-json\/wp\/v2\/product"}],"about":[{"href":"https:\/\/texus.fi\/fi\/wp-json\/wp\/v2\/types\/product"}],"replies":[{"embeddable":true,"href":"https:\/\/texus.fi\/fi\/wp-json\/wp\/v2\/comments?post=1172"}],"wp:featuredmedia":[{"embeddable":true,"href":"https:\/\/texus.fi\/fi\/wp-json\/wp\/v2\/media\/1174"}],"wp:attachment":[{"href":"https:\/\/texus.fi\/fi\/wp-json\/wp\/v2\/media?parent=1172"}],"wp:term":[{"taxonomy":"product_brand","embeddable":true,"href":"https:\/\/texus.fi\/fi\/wp-json\/wp\/v2\/product_brand?post=1172"},{"taxonomy":"product_cat","embeddable":true,"href":"https:\/\/texus.fi\/fi\/wp-json\/wp\/v2\/product_cat?post=1172"},{"taxonomy":"product_tag","embeddable":true,"href":"https:\/\/texus.fi\/fi\/wp-json\/wp\/v2\/product_tag?post=1172"}],"curies":[{"name":"wp","href":"https:\/\/api.w.org\/{rel}","templated":true}]}}