{"id":1187,"date":"2024-08-12T15:58:51","date_gmt":"2024-08-12T12:58:51","guid":{"rendered":"https:\/\/texus.fi\/?post_type=product&#038;p=1187"},"modified":"2025-03-05T14:20:17","modified_gmt":"2025-03-05T11:20:17","slug":"swiss-solar-ibex-132mwt-graphene-400-410","status":"publish","type":"product","link":"https:\/\/texus.fi\/fi\/swiss-solar-ibex-132mwt-graphene-400-410\/","title":{"rendered":"Swiss Solar &#8211; IBEX 132MWT-GRAPHENE 400-410"},"content":{"rendered":"<h2><span data-sheets-root=\"1\">GRAFEENIPINNOITETEKNOLOGIA<\/span><\/h2>\n<ul>\n<li><span data-sheets-root=\"1\">Positiivinen tehotoleranssi (0+5W) taattu<\/span><\/li>\n<li><span data-sheets-root=\"1\">T\u00e4ysin musta: T\u00e4ysin musta muotoilu tyylikk\u00e4\u00e4mpi\u00e4 sovelluksia varten<\/span><\/li>\n<li><span data-sheets-root=\"1\">Innovatiivinen ulkoasu: Innovatiivinen takakosketinmoduulien asettelun ep\u00e4symmetrinen muotoilu korkeamman hy\u00f6tysuhteen tehon saavuttamiseksi.<\/span><\/li>\n<li><span data-sheets-root=\"1\">Korkea suorituskyky h\u00e4m\u00e4r\u00e4ss\u00e4. Toimii pilvisin\u00e4, sateisina p\u00e4ivin\u00e4<\/span><\/li>\n<li><span data-sheets-root=\"1\">Korkea luotettavuus: johtavan takalevyn 2D-kapselointi est\u00e4\u00e4 hitsausj\u00e4nnityksen ja mikros\u00e4r\u00f6jen syntymisen, mik\u00e4 v\u00e4hent\u00e4\u00e4 hajoamista useissa ankarissa testausolosuhteissa.<\/span><\/li>\n<li><span data-sheets-root=\"1\">Lyijyt\u00f6n: Ymp\u00e4rist\u00f6yst\u00e4v\u00e4llisell\u00e4 PV-suunnittelulla saavutetaan lyijyt\u00f6n MWT-moduuli ilman juotosmateriaaleja.<\/span><\/li>\n<li><span data-sheets-root=\"1\">20,9 % moduulin hy\u00f6tysuhde<\/span><\/li>\n<li><span data-sheets-root=\"1\">Kennon koko (166\u00d783 mm)<\/span><\/li>\n<\/ul>\n<h3><span data-sheets-root=\"1\">IDEAALINEN<\/span><\/h3>\n<ul class=\"applications-list custom_list\">\n<li class=\"applications-list--item\">\n<div class=\"application-icon-inner\"><span data-sheets-root=\"1\">Yksityinen kattoasennus<\/span><\/div>\n<\/li>\n<li class=\"applications-list--item\">\n<div class=\"application-icon-inner\"><span data-sheets-root=\"1\">Kaupallinen ja teollinen<\/span><\/div>\n<\/li>\n<li class=\"applications-list--item\">\n<div class=\"application-icon-inner\"><span data-sheets-root=\"1\">Maahan asennettavat aurinkovoimalat<\/span><\/div>\n<\/li>\n<\/ul>\n<p><strong>Tietolehti:<\/strong> <a href=\"https:\/\/texus.fi\/?attachment_id=1188\" rel=\"attachment wp-att-1188\">IBEX-132MWT-GRAPHENE-400-410<\/a><\/p>\n","protected":false},"excerpt":{"rendered":"<ul>\n<li><span data-sheets-root=\"1\">Positiivinen tehotoleranssi (0+5W) taattu<\/span><\/li>\n<li><span data-sheets-root=\"1\">T\u00e4ysin musta: T\u00e4ysin musta muotoilu tyylikk\u00e4\u00e4mpi\u00e4 sovelluksia varten<\/span><\/li>\n<li><span data-sheets-root=\"1\">Innovatiivinen ulkoasu: Innovatiivinen takakosketinmoduulien asettelun ep\u00e4symmetrinen muotoilu korkeamman hy\u00f6tysuhteen tehon saavuttamiseksi.<\/span><\/li>\n<li><span data-sheets-root=\"1\">Korkea suorituskyky h\u00e4m\u00e4r\u00e4ss\u00e4. Toimii pilvisin\u00e4, sateisina p\u00e4ivin\u00e4<\/span><\/li>\n<li><span data-sheets-root=\"1\">Korkea luotettavuus: johtavan takalevyn 2D-kapselointi est\u00e4\u00e4 hitsausj\u00e4nnityksen ja mikros\u00e4r\u00f6jen syntymisen, mik\u00e4 v\u00e4hent\u00e4\u00e4 hajoamista useissa ankarissa testausolosuhteissa.<\/span><\/li>\n<li><span data-sheets-root=\"1\">Lyijyt\u00f6n: Ymp\u00e4rist\u00f6yst\u00e4v\u00e4llisell\u00e4 PV-suunnittelulla saavutetaan lyijyt\u00f6n MWT-moduuli ilman juotosmateriaaleja.<\/span><\/li>\n<li><span data-sheets-root=\"1\">20,9 % moduulin hy\u00f6tysuhde<\/span><\/li>\n<li><span data-sheets-root=\"1\">Kennon koko (166\u00d783 mm)<\/span><\/li>\n<\/ul>\n","protected":false},"featured_media":3281,"comment_status":"open","ping_status":"closed","template":"","meta":[],"product_brand":[],"product_cat":[27,29,15],"product_tag":[],"class_list":{"0":"post-1187","1":"product","2":"type-product","3":"status-publish","4":"has-post-thumbnail","6":"product_cat-aurinkopaneelit","7":"product_cat-monofacial","8":"product_cat-products","9":"pa_brands-swiss-solar","11":"first","12":"outofstock","13":"taxable","14":"shipping-taxable","15":"product-type-simple"},"_links":{"self":[{"href":"https:\/\/texus.fi\/fi\/wp-json\/wp\/v2\/product\/1187","targetHints":{"allow":["GET"]}}],"collection":[{"href":"https:\/\/texus.fi\/fi\/wp-json\/wp\/v2\/product"}],"about":[{"href":"https:\/\/texus.fi\/fi\/wp-json\/wp\/v2\/types\/product"}],"replies":[{"embeddable":true,"href":"https:\/\/texus.fi\/fi\/wp-json\/wp\/v2\/comments?post=1187"}],"wp:featuredmedia":[{"embeddable":true,"href":"https:\/\/texus.fi\/fi\/wp-json\/wp\/v2\/media\/3281"}],"wp:attachment":[{"href":"https:\/\/texus.fi\/fi\/wp-json\/wp\/v2\/media?parent=1187"}],"wp:term":[{"taxonomy":"product_brand","embeddable":true,"href":"https:\/\/texus.fi\/fi\/wp-json\/wp\/v2\/product_brand?post=1187"},{"taxonomy":"product_cat","embeddable":true,"href":"https:\/\/texus.fi\/fi\/wp-json\/wp\/v2\/product_cat?post=1187"},{"taxonomy":"product_tag","embeddable":true,"href":"https:\/\/texus.fi\/fi\/wp-json\/wp\/v2\/product_tag?post=1187"}],"curies":[{"name":"wp","href":"https:\/\/api.w.org\/{rel}","templated":true}]}}