{"id":1219,"date":"2024-08-29T14:00:24","date_gmt":"2024-08-29T11:00:24","guid":{"rendered":"https:\/\/texus.fi\/?post_type=product&#038;p=1219"},"modified":"2025-03-05T14:19:53","modified_gmt":"2025-03-05T11:19:53","slug":"swiss-solar-ibex66m-eiger-660-665-full-black","status":"publish","type":"product","link":"https:\/\/texus.fi\/fi\/swiss-solar-ibex66m-eiger-660-665-full-black\/","title":{"rendered":"Swiss Solar &#8211; IBEX66M-EiGER 660-665 T\u00c4YDELLINEN MUSTA"},"content":{"rendered":"<h2><span data-sheets-root=\"1\">EIGER TECHNOLOGY<\/span><\/h2>\n<ul>\n<li>\n<p class=\"p1\"><span data-sheets-root=\"1\">Positiivinen tehotoleranssi (0+5W) taattu<\/span><\/p>\n<\/li>\n<li>\n<p class=\"p1\"><span data-sheets-root=\"1\">Monoliittinen perk-solurakennetekniikka (alhaiset vastusominaisuudet) hyv\u00e4ksyt\u00e4\u00e4n (moduulien suurin muuntotehokkuus on jopa 21,41 %).<\/span><\/p>\n<\/li>\n<li>\n<p class=\"p1\"><span data-sheets-root=\"1\">Pienempi vastus kennojen v\u00e4lill\u00e4 V\u00e4hemm\u00e4n mikros\u00e4r\u00f6j\u00e4, suurempi l\u00e4ht\u00f6teho<\/span><\/p>\n<\/li>\n<li>\n<p class=\"p1\"><span data-sheets-root=\"1\">Korkea suorituskyky h\u00e4m\u00e4r\u00e4ss\u00e4. Toimii pilvisin\u00e4, sateisina p\u00e4ivin\u00e4<\/span><\/p>\n<\/li>\n<li>\n<p class=\"p1\"><span data-sheets-root=\"1\">\u00c4\u00c4RIMM\u00c4ISTEN S\u00c4\u00c4OLOSUHTEIDEN LUOKITUS. Korkean teknologian alumiiniseosrunko, joka on sertifioitu suurille lumi- (5400 Pa) ja tuulikuormille (3800 Pa).<\/span><\/p>\n<\/li>\n<li>\n<p class=\"p1\"><span data-sheets-root=\"1\">ERITT\u00c4IN VAHVA RUNKO. Ylivuotos\u00e4ili\u00f6 on vedenpit\u00e4v\u00e4 kaksikerroksinen. Alumiinirunko parantaa mekaanisen kuormituksen lujuutta 10 %.<\/span><\/p>\n<\/li>\n<\/ul>\n<p><strong>Tietolehti:<\/strong> <a href=\"https:\/\/texus.fi\/?attachment_id=1221\" rel=\"attachment wp-att-1221\">IBEX-66M-EiGER-660-665-BLACK<\/a><\/p>\n","protected":false},"excerpt":{"rendered":"<ul>\n<li>\n<p class=\"p1\"><span data-sheets-root=\"1\">Positiivinen tehotoleranssi (0+5W) taattu<\/span><\/p>\n<\/li>\n<li>\n<p class=\"p1\"><span data-sheets-root=\"1\">Monoliittinen perk-solurakennetekniikka (alhaiset vastusominaisuudet) hyv\u00e4ksyt\u00e4\u00e4n (moduulien suurin muuntotehokkuus on jopa 21,41 %).<\/span><\/p>\n<\/li>\n<li>\n<p class=\"p1\"><span data-sheets-root=\"1\">Pienempi vastus kennojen v\u00e4lill\u00e4 V\u00e4hemm\u00e4n mikros\u00e4r\u00f6j\u00e4, suurempi l\u00e4ht\u00f6teho<\/span><\/p>\n<\/li>\n<li>\n<p class=\"p1\"><span data-sheets-root=\"1\">Korkea suorituskyky h\u00e4m\u00e4r\u00e4ss\u00e4. Toimii pilvisin\u00e4, sateisina p\u00e4ivin\u00e4<\/span><\/p>\n<\/li>\n<li>\n<p class=\"p1\"><span data-sheets-root=\"1\">\u00c4\u00c4RIMM\u00c4ISTEN S\u00c4\u00c4OLOSUHTEIDEN LUOKITUS. Korkean teknologian alumiiniseosrunko, joka on sertifioitu suurille lumi- (5400 Pa) ja tuulikuormille (3800 Pa).<\/span><\/p>\n<\/li>\n<li>\n<p class=\"p1\"><span data-sheets-root=\"1\">ERITT\u00c4IN VAHVA RUNKO. Ylivuotos\u00e4ili\u00f6 on vedenpit\u00e4v\u00e4 kaksikerroksinen. Alumiinirunko parantaa mekaanisen kuormituksen lujuutta 10 %.<\/span><\/p>\n<\/li>\n<\/ul>\n","protected":false},"featured_media":3282,"comment_status":"open","ping_status":"closed","template":"","meta":[],"product_brand":[],"product_cat":[27,29,15],"product_tag":[],"class_list":{"0":"post-1219","1":"product","2":"type-product","3":"status-publish","4":"has-post-thumbnail","6":"product_cat-aurinkopaneelit","7":"product_cat-monofacial","8":"product_cat-products","9":"pa_brands-swiss-solar","11":"first","12":"onbackorder","13":"taxable","14":"shipping-taxable","15":"product-type-simple"},"_links":{"self":[{"href":"https:\/\/texus.fi\/fi\/wp-json\/wp\/v2\/product\/1219","targetHints":{"allow":["GET"]}}],"collection":[{"href":"https:\/\/texus.fi\/fi\/wp-json\/wp\/v2\/product"}],"about":[{"href":"https:\/\/texus.fi\/fi\/wp-json\/wp\/v2\/types\/product"}],"replies":[{"embeddable":true,"href":"https:\/\/texus.fi\/fi\/wp-json\/wp\/v2\/comments?post=1219"}],"wp:featuredmedia":[{"embeddable":true,"href":"https:\/\/texus.fi\/fi\/wp-json\/wp\/v2\/media\/3282"}],"wp:attachment":[{"href":"https:\/\/texus.fi\/fi\/wp-json\/wp\/v2\/media?parent=1219"}],"wp:term":[{"taxonomy":"product_brand","embeddable":true,"href":"https:\/\/texus.fi\/fi\/wp-json\/wp\/v2\/product_brand?post=1219"},{"taxonomy":"product_cat","embeddable":true,"href":"https:\/\/texus.fi\/fi\/wp-json\/wp\/v2\/product_cat?post=1219"},{"taxonomy":"product_tag","embeddable":true,"href":"https:\/\/texus.fi\/fi\/wp-json\/wp\/v2\/product_tag?post=1219"}],"curies":[{"name":"wp","href":"https:\/\/api.w.org\/{rel}","templated":true}]}}