{"id":1291,"date":"2024-08-19T11:03:39","date_gmt":"2024-08-19T08:03:39","guid":{"rendered":"https:\/\/texus.fi\/?post_type=product&#038;p=1291"},"modified":"2025-03-05T14:19:59","modified_gmt":"2025-03-05T11:19:59","slug":"must-lp2100-series-51-2v-280-300ah","status":"publish","type":"product","link":"https:\/\/texus.fi\/fi\/must-lp2100-series-51-2v-280-300ah\/","title":{"rendered":"Must &#8211; LP2100 Series (51.2V-280\/300Ah)"},"content":{"rendered":"<h1 class=\"product_title entry-title\">LP2100 Series (51.2V-280\/300Ah)<\/h1>\n<div class=\"woocommerce-product-details__short-description\">\n<h3><span data-sheets-root=\"1\">LiFePO4-akku 14336Wh\/15360Wh<\/span><\/h3>\n<p><span data-sheets-root=\"1\">LP2100-sarja on erityisesti kotisovelluksiin suunniteltu litiumakku, jonka suorituskyky on ylivoimainen. Yhteensopiva MUST PV\/EP\/PH -invertterisarjan kanssa, yhden luukun ratkaisu voidaan suunnitella LP2100-sarjan avulla, mik\u00e4 s\u00e4\u00e4st\u00e4\u00e4 arvokasta aikaa ja rahaa, ihanteellinen ratkaisu suuriin koteihin ja pieniin kaupallisiin kohteisiin, joissa on vahva kapasiteetti 14,3 kWh\/15,3 kWh.<\/span><\/p>\n<\/div>\n","protected":false},"excerpt":{"rendered":"<p>LP2100 Series (51.2V-280\/300Ah) LiFePO4-akku 14336Wh\/15360Wh LP2100-sarja on erityisesti kotisovelluksiin suunniteltu litiumakku, jonka suorituskyky on ylivoimainen. Yhteensopiva MUST PV\/EP\/PH -invertterisarjan kanssa, yhden luukun ratkaisu voidaan suunnitella LP2100-sarjan avulla, mik\u00e4 s\u00e4\u00e4st\u00e4\u00e4 arvokasta aikaa ja rahaa, ihanteellinen ratkaisu suuriin koteihin ja pieniin kaupallisiin kohteisiin, joissa on vahva kapasiteetti 14,3 kWh\/15,3 kWh.<\/p>\n","protected":false},"featured_media":1295,"comment_status":"open","ping_status":"closed","template":"","meta":[],"product_brand":[],"product_cat":[35,15],"product_tag":[],"class_list":{"0":"post-1291","1":"product","2":"type-product","3":"status-publish","4":"has-post-thumbnail","6":"product_cat-ess-ratkaisut","7":"product_cat-products","8":"pa_brands-must","10":"first","11":"outofstock","12":"taxable","13":"shipping-taxable","14":"product-type-simple"},"_links":{"self":[{"href":"https:\/\/texus.fi\/fi\/wp-json\/wp\/v2\/product\/1291","targetHints":{"allow":["GET"]}}],"collection":[{"href":"https:\/\/texus.fi\/fi\/wp-json\/wp\/v2\/product"}],"about":[{"href":"https:\/\/texus.fi\/fi\/wp-json\/wp\/v2\/types\/product"}],"replies":[{"embeddable":true,"href":"https:\/\/texus.fi\/fi\/wp-json\/wp\/v2\/comments?post=1291"}],"wp:featuredmedia":[{"embeddable":true,"href":"https:\/\/texus.fi\/fi\/wp-json\/wp\/v2\/media\/1295"}],"wp:attachment":[{"href":"https:\/\/texus.fi\/fi\/wp-json\/wp\/v2\/media?parent=1291"}],"wp:term":[{"taxonomy":"product_brand","embeddable":true,"href":"https:\/\/texus.fi\/fi\/wp-json\/wp\/v2\/product_brand?post=1291"},{"taxonomy":"product_cat","embeddable":true,"href":"https:\/\/texus.fi\/fi\/wp-json\/wp\/v2\/product_cat?post=1291"},{"taxonomy":"product_tag","embeddable":true,"href":"https:\/\/texus.fi\/fi\/wp-json\/wp\/v2\/product_tag?post=1291"}],"curies":[{"name":"wp","href":"https:\/\/api.w.org\/{rel}","templated":true}]}}