{"id":1370,"date":"2025-04-30T08:59:03","date_gmt":"2025-04-30T05:59:03","guid":{"rendered":"https:\/\/texus.fi\/?post_type=product&#038;p=1370"},"modified":"2025-04-29T15:25:07","modified_gmt":"2025-04-29T12:25:07","slug":"vitirover-outdoor","status":"publish","type":"product","link":"https:\/\/texus.fi\/fi\/vitirover-outdoor\/","title":{"rendered":"Vitirover &#8211; Outdoor Pro iGPS 4&#215;4"},"content":{"rendered":"<div id=\"comp-jcjmtx8m\" class=\"HcOXKn SxM0TO QxJLC3 comp-jcjmtx8m wixui-rich-text\" data-testid=\"richTextElement\">\n<p class=\"font_8 wixui-rich-text__text\"><span data-sheets-root=\"1\">MITAT \/ PAINO<\/span><\/p>\n<ul class=\"font_8 wixui-rich-text__text\">\n<li class=\"wixui-rich-text__text\">\n<p class=\"font_8 wixui-rich-text__text\"><span data-sheets-root=\"1\">Pituus x leveys x korkeus: 29 &#8221;1\/2 x 15&#8221; 1\/3 x 11 &#8221;2\/5&#8221;.<\/span><\/p>\n<\/li>\n<li class=\"wixui-rich-text__text\">\n<p class=\"font_8 wixui-rich-text__text\"><span data-sheets-root=\"1\">Paino : 40 lbs.<\/span><\/p>\n<\/li>\n<\/ul>\n<p class=\"font_8 wixui-rich-text__text\"><span data-sheets-root=\"1\">LIIKKUMINEN<\/span><\/p>\n<ul class=\"font_8 wixui-rich-text__text\">\n<li class=\"wixui-rich-text__text\">\n<p class=\"font_8 wixui-rich-text__text\"><span data-sheets-root=\"1\">Autonominen : Move Management -ohjelmisto, joka kattaa koko maa-alueen.<\/span><\/p>\n<\/li>\n<li class=\"wixui-rich-text__text\">\n<p class=\"font_8 wixui-rich-text__text\"><span data-sheets-root=\"1\">\u00c4lyk\u00e4s : havaitsee esteet ja p\u00e4\u00e4see mahdollisimman l\u00e4helle niit\u00e4 leikatakseen ruohoa alle 1\/2 tuuman et\u00e4isyydelt\u00e4 esteest\u00e4.<\/span><\/p>\n<\/li>\n<li class=\"wixui-rich-text__text\">\n<p class=\"font_8 wixui-rich-text__text\"><span data-sheets-root=\"1\">Py\u00f6r\u00e4veto : 4<\/span><\/p>\n<\/li>\n<li class=\"wixui-rich-text__text\">\n<p class=\"font_8 wixui-rich-text__text\"><span data-sheets-root=\"1\">Moottori : 1 moottori py\u00f6r\u00e4\u00e4 kohti<\/span><\/p>\n<\/li>\n<li class=\"wixui-rich-text__text\">\n<p class=\"font_8 wixui-rich-text__text\"><span data-sheets-root=\"1\">Suurin kaltevuus : 15%<\/span><\/p>\n<\/li>\n<li class=\"wixui-rich-text__text\">\n<p class=\"font_8 wixui-rich-text__text\"><span data-sheets-root=\"1\">Nopeus : 1000 ft\/tunti<\/span><\/p>\n<\/li>\n<\/ul>\n<p class=\"font_8 wixui-rich-text__text\"><span data-sheets-root=\"1\">LEIKKUUJ\u00c4RJESTELM\u00c4<\/span><\/p>\n<ul class=\"font_8 wixui-rich-text__text\">\n<li class=\"wixui-rich-text__text\">\n<p class=\"font_8 wixui-rich-text__text\"><span data-sheets-root=\"1\">Kaikenlainen ruoho<\/span><\/p>\n<\/li>\n<li class=\"wixui-rich-text__text\">\n<p class=\"font_8 wixui-rich-text__text\"><span data-sheets-root=\"1\">Leikkuulohko : 2 tai 3 py\u00f6riv\u00e4\u00e4 hiomalaikkaa.<\/span><\/p>\n<\/li>\n<li class=\"wixui-rich-text__text\">\n<p class=\"font_8 wixui-rich-text__text\"><span data-sheets-root=\"1\">Leikkuuleveys : 12&#8243; 2\/3<\/span><\/p>\n<\/li>\n<li class=\"wixui-rich-text__text\">\n<p class=\"font_8 wixui-rich-text__text\"><span data-sheets-root=\"1\">Leikkuukorkeus : S\u00e4\u00e4dett\u00e4viss\u00e4 1&#8243; 2\/3 &#8211; 4&#8243; asti.<\/span><\/p>\n<\/li>\n<li class=\"wixui-rich-text__text\">\n<p class=\"font_8 wixui-rich-text__text\"><span data-sheets-root=\"1\">Tarkkuus : &lt; 1\/4&#8243; esteest\u00e4.<\/span><\/p>\n<\/li>\n<\/ul>\n<p class=\"font_8 wixui-rich-text__text\"><br class=\"wixui-rich-text__text\" \/><span data-sheets-root=\"1\">LEIKKUUN NOPEUS<\/span><\/p>\n<ul class=\"font_8 wixui-rich-text__text\">\n<li class=\"wixui-rich-text__text\">\n<p class=\"font_8 wixui-rich-text__text\"><span data-sheets-root=\"1\">Noin 13 p\u00e4iv\u00e4\u00e4 per jakso ja 2,5 hehtaarin peltoalaa kohti (noin 12 jaksoa per niittokausi). <\/span><\/p>\n<\/li>\n<li class=\"wixui-rich-text__text\">\n<p class=\"font_8 wixui-rich-text__text\">Peitetty pinta-ala (Riippuen tontin tyypist\u00e4 (esteiden\/hehtaarien lukum\u00e4\u00e4r\u00e4, kaltevuus, maaper\u00e4,&#8230;).<\/p>\n<\/li>\n<\/ul>\n<ul class=\"font_8 wixui-rich-text__text\">\n<li class=\"wixui-rich-text__text\">\n<p class=\"font_8 wixui-rich-text__text\"><span data-sheets-root=\"1\">Robottia kohti : ~2,5 hehtaaria<\/span><\/p>\n<\/li>\n<li class=\"wixui-rich-text__text\">\n<p class=\"font_8 wixui-rich-text__text\"><span data-sheets-root=\"1\">Karjaa kohti: noin 125 hehtaaria<\/span><\/p>\n<\/li>\n<\/ul>\n<p class=\"font_8 wixui-rich-text__text\"><span data-sheets-root=\"1\">KARJAA KOSKEVAT TIEDOT<\/span><\/p>\n<ul class=\"font_8 wixui-rich-text__text\">\n<li class=\"wixui-rich-text__text\">\n<p class=\"font_8 wixui-rich-text__text\"><span data-sheets-root=\"1\">Robottien m\u00e4\u00e4r\u00e4 laumaa kohti : 50<\/span><\/p>\n<\/li>\n<li class=\"wixui-rich-text__text\">\n<p class=\"font_8 wixui-rich-text__text\"><span data-sheets-root=\"1\">Yksi paimen laumaa kohti<\/span><\/p>\n<\/li>\n<\/ul>\n<p class=\"font_8 wixui-rich-text__text\"><span data-sheets-root=\"1\">VIRTAL\u00c4HDE<\/span><\/p>\n<ul class=\"font_8 wixui-rich-text__text\">\n<li class=\"wixui-rich-text__text\">\n<p class=\"font_8 wixui-rich-text__text\"><span data-sheets-root=\"1\">P\u00e4\u00e4asiallinen : 1 aurinkopaneeli<\/span><\/p>\n<\/li>\n<li class=\"wixui-rich-text__text\">\n<p class=\"font_8 wixui-rich-text__text\"><span data-sheets-root=\"1\">Toissijainen : Ladattava akku<\/span><\/p>\n<\/li>\n<li class=\"wixui-rich-text__text\">\n<p class=\"font_8 wixui-rich-text__text\"><span data-sheets-root=\"1\">Kulutus: ~20W<\/span><\/p>\n<\/li>\n<\/ul>\n<p class=\"font_8 wixui-rich-text__text\"><span data-sheets-root=\"1\">GPS-J\u00c4RJESTELM\u00c4<\/span><\/p>\n<ul class=\"font_8 wixui-rich-text__text\">\n<li class=\"wixui-rich-text__text\">\n<p class=\"font_8 wixui-rich-text__text\"><span data-sheets-root=\"1\">2 GPS-j\u00e4rjestelm\u00e4\u00e4 robotissa<\/span><\/p>\n<\/li>\n<li class=\"wixui-rich-text__text\">\n<p class=\"font_8 wixui-rich-text__text\"><span data-sheets-root=\"1\">Havaintotarkkuus: senttimetrinen (RTK) tai metrinen.<\/span><\/p>\n<\/li>\n<li class=\"wixui-rich-text__text\">\n<p class=\"font_8 wixui-rich-text__text\"><span data-sheets-root=\"1\">Valinnainen monikanavainen RTK (GPS, GLONASS, BEIDOU, GALILEO).<\/span><\/p>\n<\/li>\n<\/ul>\n<p class=\"font_8 wixui-rich-text__text\"><span data-sheets-root=\"1\">S\u00c4\u00c4NKEST\u00c4VYYS<\/span><\/p>\n<ul class=\"font_8 wixui-rich-text__text\">\n<li class=\"wixui-rich-text__text\">\n<p class=\"font_8 wixui-rich-text__text\"><span data-sheets-root=\"1\">Kaikki s\u00e4\u00e4olosuhteet<\/span><\/p>\n<\/li>\n<li class=\"wixui-rich-text__text\">\n<p class=\"font_8 wixui-rich-text__text\"><span data-sheets-root=\"1\">UV-suojaus<\/span><\/p>\n<\/li>\n<li class=\"wixui-rich-text__text\">\n<p class=\"font_8 wixui-rich-text__text\"><span data-sheets-root=\"1\">Tropiikiksi muuttuminen<\/span><\/p>\n<\/li>\n<\/ul>\n<p class=\"font_8 wixui-rich-text__text\"><span data-sheets-root=\"1\">YMP\u00c4RIST\u00d6KRITEERIT<\/span><\/p>\n<ul class=\"font_8 wixui-rich-text__text\">\n<li class=\"wixui-rich-text__text\">\n<p class=\"font_8 wixui-rich-text__text\"><span data-sheets-root=\"1\">CO\u00b2-p\u00e4\u00e4st\u00f6t: Ei ole.<\/span><\/p>\n<\/li>\n<li class=\"wixui-rich-text__text\">\n<p class=\"font_8 wixui-rich-text__text\"><span data-sheets-root=\"1\">Kemiallinen pilaantuminen : Ei ole<\/span><\/p>\n<\/li>\n<li class=\"wixui-rich-text__text\">\n<p class=\"font_8 wixui-rich-text__text\"><span data-sheets-root=\"1\">\u00c4\u00e4nitaso : Ymp\u00e4rist\u00f6melu [40 dB(A)]<\/span><\/p>\n<\/li>\n<li class=\"wixui-rich-text__text\">\n<p class=\"font_8 wixui-rich-text__text\"><span data-sheets-root=\"1\">Vaatimustenmukaisuus : WEEE- ja ROHS-yhteensopiva<\/span><\/p>\n<\/li>\n<\/ul>\n<p class=\"font_8 wixui-rich-text__text\"><span data-sheets-root=\"1\">VARKAUDENESTOJ\u00c4RJESTELM\u00c4<\/span><\/p>\n<ul class=\"font_8 wixui-rich-text__text\">\n<li class=\"wixui-rich-text__text\">\n<p class=\"font_8 wixui-rich-text__text\"><span data-sheets-root=\"1\">Sovelluksen tekem\u00e4 et\u00e4j\u00e4\u00e4dytys<\/span><\/p>\n<\/li>\n<li class=\"wixui-rich-text__text\">\n<p class=\"font_8 wixui-rich-text__text\"><span data-sheets-root=\"1\">Varkaudenestoturva : GPS-paikannusj\u00e4rjestelm\u00e4, jossa on 15 p\u00e4iv\u00e4n akun toiminta-aika<\/span><\/p>\n<\/li>\n<li class=\"wixui-rich-text__text\">\n<p class=\"font_8 wixui-rich-text__text\"><span data-sheets-root=\"1\">Varkausturva : pysyv\u00e4 GPS-paikannusmenetelm\u00e4<\/span><\/p>\n<\/li>\n<\/ul>\n<p class=\"font_8 wixui-rich-text__text\"><span class=\"color_35 wixui-rich-text__text\"><span class=\"wixui-rich-text__text\">ORIGIN\u200b<\/span><\/span><\/p>\n<ul class=\"font_8 color_35 wixui-rich-text__text\">\n<li class=\"wixui-rich-text__text\">\n<p class=\"font_8 wixui-rich-text__text\"><span data-sheets-root=\"1\">Suunniteltu Ranskassa<\/span><\/p>\n<\/li>\n<\/ul>\n<\/div>\n","protected":false},"excerpt":{"rendered":"<p>MITAT \/ PAINO Pituus x leveys x korkeus: 29 &#8221;1\/2 x 15&#8221; 1\/3 x 11 &#8221;2\/5&#8221;. Paino : 40 lbs. LIIKKUMINEN Autonominen : Move Management -ohjelmisto, joka kattaa koko maa-alueen. \u00c4lyk\u00e4s : havaitsee esteet ja p\u00e4\u00e4see mahdollisimman l\u00e4helle niit\u00e4 leikatakseen ruohoa alle 1\/2 tuuman et\u00e4isyydelt\u00e4 esteest\u00e4. Py\u00f6r\u00e4veto : 4 Moottori : 1 moottori py\u00f6r\u00e4\u00e4 kohti [&hellip;]<\/p>\n","protected":false},"featured_media":3194,"comment_status":"open","ping_status":"closed","template":"","meta":[],"product_brand":[],"product_cat":[121,15,78],"product_tag":[],"class_list":{"0":"post-1370","1":"product","2":"type-product","3":"status-publish","4":"has-post-thumbnail","6":"product_cat-muut-tuotteet","7":"product_cat-products","8":"product_cat-robotit","9":"pa_brands-vitirover","11":"first","12":"outofstock","13":"taxable","14":"shipping-taxable","15":"product-type-simple"},"_links":{"self":[{"href":"https:\/\/texus.fi\/fi\/wp-json\/wp\/v2\/product\/1370","targetHints":{"allow":["GET"]}}],"collection":[{"href":"https:\/\/texus.fi\/fi\/wp-json\/wp\/v2\/product"}],"about":[{"href":"https:\/\/texus.fi\/fi\/wp-json\/wp\/v2\/types\/product"}],"replies":[{"embeddable":true,"href":"https:\/\/texus.fi\/fi\/wp-json\/wp\/v2\/comments?post=1370"}],"wp:featuredmedia":[{"embeddable":true,"href":"https:\/\/texus.fi\/fi\/wp-json\/wp\/v2\/media\/3194"}],"wp:attachment":[{"href":"https:\/\/texus.fi\/fi\/wp-json\/wp\/v2\/media?parent=1370"}],"wp:term":[{"taxonomy":"product_brand","embeddable":true,"href":"https:\/\/texus.fi\/fi\/wp-json\/wp\/v2\/product_brand?post=1370"},{"taxonomy":"product_cat","embeddable":true,"href":"https:\/\/texus.fi\/fi\/wp-json\/wp\/v2\/product_cat?post=1370"},{"taxonomy":"product_tag","embeddable":true,"href":"https:\/\/texus.fi\/fi\/wp-json\/wp\/v2\/product_tag?post=1370"}],"curies":[{"name":"wp","href":"https:\/\/api.w.org\/{rel}","templated":true}]}}