{"id":1408,"date":"2024-08-27T08:39:48","date_gmt":"2024-08-27T05:39:48","guid":{"rendered":"https:\/\/texus.fi\/?post_type=product&#038;p=1408"},"modified":"2025-03-05T14:19:57","modified_gmt":"2025-03-05T11:19:57","slug":"osda-oda-144mhd-182-topcon-550-590w-18291mm","status":"publish","type":"product","link":"https:\/\/texus.fi\/fi\/osda-oda-144mhd-182-topcon-550-590w-18291mm\/","title":{"rendered":"OSDA &#8211; ODA-144MHD (182 TOPCon) &#8211; 550-590W &#8211; 182*91mm"},"content":{"rendered":"<div>\n<p><strong>SMBB Technology<\/strong><\/p>\n<p>Parempi valon talteenotto ja virran ker\u00e4\u00e4minen parantavat moduulin tehoa ja luotettavuutta.<\/p>\n<p><strong>PID Vastus<\/strong><\/p>\n<p>Erinomainen Anti-PID-ominaisuuksien takuu optimoidun massatuotantoprosessin ja materiaalien hallinnan avulla.<\/p>\n<p><strong>Suurempi teho<\/strong><\/p>\n<p>Moduulin teho kasvaa yleens\u00e4 5-25 %, mik\u00e4 alentaa huomattavasti LCOE:t\u00e4 ja parantaa IRR:\u00e4\u00e4.<\/p>\n<p><strong>Tehostettu mekaaninen kuormitus<\/strong><\/p>\n<p>Sertifioitu kest\u00e4m\u00e4\u00e4n: tuulikuorma (2400 Pascal) ja lumikuorma (5400 Pascal).<\/p>\n<\/div>\n<div class=\"t\">\n<p><strong>Tietolehti: <a href=\"https:\/\/texus.fi\/?attachment_id=1409\" rel=\"attachment wp-att-1409\">ODA-144MHD<\/a><\/strong><\/p>\n<\/div>\n","protected":false},"excerpt":{"rendered":"<p><strong>SMBB Technology<\/strong><\/p>\n<p>Parempi valon talteenotto ja virran ker\u00e4\u00e4minen parantavat moduulin tehoa ja luotettavuutta.<\/p>\n<p><strong>PID Vastus<\/strong><\/p>\n<p>Erinomainen Anti-PID-ominaisuuksien takuu optimoidun massatuotantoprosessin ja materiaalien hallinnan avulla.<\/p>\n<p><strong>Suurempi teho<\/strong><\/p>\n<p>Moduulin teho kasvaa yleens\u00e4 5-25 %, mik\u00e4 alentaa huomattavasti LCOE:t\u00e4 ja parantaa IRR:\u00e4\u00e4.<\/p>\n<p><strong>Tehostettu mekaaninen kuormitus<\/strong><\/p>\n<p>Sertifioitu kest\u00e4m\u00e4\u00e4n: tuulikuorma (2400 Pascal) ja lumikuorma (5400 Pascal).<\/p>\n","protected":false},"featured_media":3245,"comment_status":"open","ping_status":"closed","template":"","meta":[],"product_brand":[],"product_cat":[27,28,15],"product_tag":[],"class_list":{"0":"post-1408","1":"product","2":"type-product","3":"status-publish","4":"has-post-thumbnail","6":"product_cat-aurinkopaneelit","7":"product_cat-bifacial","8":"product_cat-products","9":"pa_brands-osda","11":"first","12":"outofstock","13":"taxable","14":"shipping-taxable","15":"product-type-simple"},"_links":{"self":[{"href":"https:\/\/texus.fi\/fi\/wp-json\/wp\/v2\/product\/1408","targetHints":{"allow":["GET"]}}],"collection":[{"href":"https:\/\/texus.fi\/fi\/wp-json\/wp\/v2\/product"}],"about":[{"href":"https:\/\/texus.fi\/fi\/wp-json\/wp\/v2\/types\/product"}],"replies":[{"embeddable":true,"href":"https:\/\/texus.fi\/fi\/wp-json\/wp\/v2\/comments?post=1408"}],"wp:featuredmedia":[{"embeddable":true,"href":"https:\/\/texus.fi\/fi\/wp-json\/wp\/v2\/media\/3245"}],"wp:attachment":[{"href":"https:\/\/texus.fi\/fi\/wp-json\/wp\/v2\/media?parent=1408"}],"wp:term":[{"taxonomy":"product_brand","embeddable":true,"href":"https:\/\/texus.fi\/fi\/wp-json\/wp\/v2\/product_brand?post=1408"},{"taxonomy":"product_cat","embeddable":true,"href":"https:\/\/texus.fi\/fi\/wp-json\/wp\/v2\/product_cat?post=1408"},{"taxonomy":"product_tag","embeddable":true,"href":"https:\/\/texus.fi\/fi\/wp-json\/wp\/v2\/product_tag?post=1408"}],"curies":[{"name":"wp","href":"https:\/\/api.w.org\/{rel}","templated":true}]}}