{"id":1411,"date":"2024-08-27T08:51:53","date_gmt":"2024-08-27T05:51:53","guid":{"rendered":"https:\/\/texus.fi\/?post_type=product&#038;p=1411"},"modified":"2025-03-05T14:19:56","modified_gmt":"2025-03-05T11:19:56","slug":"osda-oda-108mhdbrx-182-topcon-440w465w-18294mm","status":"publish","type":"product","link":"https:\/\/texus.fi\/fi\/osda-oda-108mhdbrx-182-topcon-440w465w-18294mm\/","title":{"rendered":"OSDA &#8211; ODA-108MHDBRx (182 TOPCon) &#8211; 440W~465W &#8211; 182*94mm"},"content":{"rendered":"<div>\n<p class=\"p1\"><strong>SMBB Technology<\/strong><\/p>\n<p class=\"p2\">Parempi valon talteenotto ja virran ker\u00e4\u00e4minen parantavat moduulin tehoa ja luotettavuutta.<\/p>\n<p class=\"p1\"><strong>PID Vastus<\/strong><\/p>\n<p class=\"p2\">Erinomainen Anti-PID-suorituskyky taataan optimoidun massatuotantoprosessin ja materiaalien hallinnan avulla.<\/p>\n<p class=\"p1\"><strong>Suurempi teho<\/strong><\/p>\n<p class=\"p2\">Moduulin teho kasvaa yleens\u00e4 5-25 %, mik\u00e4 alentaa huomattavasti LCOE:t\u00e4 ja parantaa IRR:\u00e4\u00e4.<\/p>\n<p class=\"p1\"><strong>Tehostettu mekaaninen kuormitus<\/strong><\/p>\n<p class=\"p1\">Sertifioitu kest\u00e4m\u00e4\u00e4n: tuulikuorma (2400 Pascal) ja lumikuorma (5400 Pascal).<\/p>\n<\/div>\n<div class=\"t\">\n<p><strong>Tietolehti: <a href=\"https:\/\/texus.fi\/?attachment_id=1413\" rel=\"attachment wp-att-1413\">ODA450-27V-MHDBRx\uff08TOPCon bifacial &amp; full black\uff09<\/a><\/strong><\/p>\n<\/div>\n","protected":false},"excerpt":{"rendered":"<p class=\"p1\"><strong>SMBB Technology<\/strong><\/p>\n<p class=\"p2\">Parempi valon talteenotto ja virran ker\u00e4\u00e4minen parantavat moduulin tehoa ja luotettavuutta.<\/p>\n<p class=\"p1\"><strong>PID Vastus<\/strong><\/p>\n<p class=\"p2\">Erinomainen Anti-PID-suorituskyky taataan optimoidun massatuotantoprosessin ja materiaalien hallinnan avulla.<\/p>\n<p class=\"p1\"><strong>Suurempi teho<\/strong><\/p>\n<p class=\"p2\">Moduulin teho kasvaa yleens\u00e4 5-25 %, mik\u00e4 alentaa huomattavasti LCOE:t\u00e4 ja parantaa IRR:\u00e4\u00e4.<\/p>\n<p class=\"p1\"><strong>Tehostettu mekaaninen kuormitus<\/strong><\/p>\n<p class=\"p1\">Sertifioitu kest\u00e4m\u00e4\u00e4n: tuulikuorma (2400 Pascal) ja lumikuorma (5400 Pascal).<\/p>\n","protected":false},"featured_media":1412,"comment_status":"open","ping_status":"closed","template":"","meta":[],"product_brand":[],"product_cat":[27,28,15],"product_tag":[],"class_list":{"0":"post-1411","1":"product","2":"type-product","3":"status-publish","4":"has-post-thumbnail","6":"product_cat-aurinkopaneelit","7":"product_cat-bifacial","8":"product_cat-products","9":"pa_brands-osda","11":"first","12":"outofstock","13":"taxable","14":"shipping-taxable","15":"product-type-simple"},"_links":{"self":[{"href":"https:\/\/texus.fi\/fi\/wp-json\/wp\/v2\/product\/1411","targetHints":{"allow":["GET"]}}],"collection":[{"href":"https:\/\/texus.fi\/fi\/wp-json\/wp\/v2\/product"}],"about":[{"href":"https:\/\/texus.fi\/fi\/wp-json\/wp\/v2\/types\/product"}],"replies":[{"embeddable":true,"href":"https:\/\/texus.fi\/fi\/wp-json\/wp\/v2\/comments?post=1411"}],"wp:featuredmedia":[{"embeddable":true,"href":"https:\/\/texus.fi\/fi\/wp-json\/wp\/v2\/media\/1412"}],"wp:attachment":[{"href":"https:\/\/texus.fi\/fi\/wp-json\/wp\/v2\/media?parent=1411"}],"wp:term":[{"taxonomy":"product_brand","embeddable":true,"href":"https:\/\/texus.fi\/fi\/wp-json\/wp\/v2\/product_brand?post=1411"},{"taxonomy":"product_cat","embeddable":true,"href":"https:\/\/texus.fi\/fi\/wp-json\/wp\/v2\/product_cat?post=1411"},{"taxonomy":"product_tag","embeddable":true,"href":"https:\/\/texus.fi\/fi\/wp-json\/wp\/v2\/product_tag?post=1411"}],"curies":[{"name":"wp","href":"https:\/\/api.w.org\/{rel}","templated":true}]}}