{"id":1414,"date":"2024-08-27T09:21:51","date_gmt":"2024-08-27T06:21:51","guid":{"rendered":"https:\/\/texus.fi\/?post_type=product&#038;p=1414"},"modified":"2025-05-23T12:01:04","modified_gmt":"2025-05-23T09:01:04","slug":"austa-au440-27v-mhbd-18291-n-type-black-mono-440w","status":"publish","type":"product","link":"https:\/\/texus.fi\/fi\/austa-au440-27v-mhbd-18291-n-type-black-mono-440w\/","title":{"rendered":"Austa &#8211; AU440-27V-MHBD &#8211; 182*91 N-tyyppinen musta mono &#8211; 440W"},"content":{"rendered":"<div class=\"list aos-init aos-animate\">\n<div class=\"text\">\n<ul>\n<li><span data-sheets-root=\"1\">Pienempi tehoh\u00e4vi\u00f6<\/span><\/li>\n<li><span data-sheets-root=\"1\">Alempi l\u00e4mp\u00f6tilakerroin<\/span><\/li>\n<li><span data-sheets-root=\"1\">Suuremmat kaksipuoliset tulot<\/span><\/li>\n<li><span data-sheets-root=\"1\">Parempi suorituskyky heikommassa valaistuksessa<\/span><\/li>\n<li><span data-sheets-root=\"1\">Alemmat toimituskulut wattia kohden<\/span><\/li>\n<li><span data-sheets-root=\"1\">Alemmat tasoitetut energiakustannukset<\/span><\/li>\n<\/ul>\n<\/div>\n<\/div>\n","protected":false},"excerpt":{"rendered":"<p>Pienempi tehoh\u00e4vi\u00f6 Alempi l\u00e4mp\u00f6tilakerroin Suuremmat kaksipuoliset tulot Parempi suorituskyky heikommassa valaistuksessa Alemmat toimituskulut wattia kohden Alemmat tasoitetut energiakustannukset<\/p>\n","protected":false},"featured_media":1415,"comment_status":"open","ping_status":"closed","template":"","meta":[],"product_brand":[],"product_cat":[27,28,15],"product_tag":[],"class_list":{"0":"post-1414","1":"product","2":"type-product","3":"status-publish","4":"has-post-thumbnail","6":"product_cat-aurinkopaneelit","7":"product_cat-bifacial","8":"product_cat-products","9":"pa_brands-austa","11":"first","12":"outofstock","13":"taxable","14":"shipping-taxable","15":"product-type-simple"},"_links":{"self":[{"href":"https:\/\/texus.fi\/fi\/wp-json\/wp\/v2\/product\/1414","targetHints":{"allow":["GET"]}}],"collection":[{"href":"https:\/\/texus.fi\/fi\/wp-json\/wp\/v2\/product"}],"about":[{"href":"https:\/\/texus.fi\/fi\/wp-json\/wp\/v2\/types\/product"}],"replies":[{"embeddable":true,"href":"https:\/\/texus.fi\/fi\/wp-json\/wp\/v2\/comments?post=1414"}],"wp:featuredmedia":[{"embeddable":true,"href":"https:\/\/texus.fi\/fi\/wp-json\/wp\/v2\/media\/1415"}],"wp:attachment":[{"href":"https:\/\/texus.fi\/fi\/wp-json\/wp\/v2\/media?parent=1414"}],"wp:term":[{"taxonomy":"product_brand","embeddable":true,"href":"https:\/\/texus.fi\/fi\/wp-json\/wp\/v2\/product_brand?post=1414"},{"taxonomy":"product_cat","embeddable":true,"href":"https:\/\/texus.fi\/fi\/wp-json\/wp\/v2\/product_cat?post=1414"},{"taxonomy":"product_tag","embeddable":true,"href":"https:\/\/texus.fi\/fi\/wp-json\/wp\/v2\/product_tag?post=1414"}],"curies":[{"name":"wp","href":"https:\/\/api.w.org\/{rel}","templated":true}]}}