{"id":1523,"date":"2024-12-28T15:20:38","date_gmt":"2024-12-28T12:20:38","guid":{"rendered":"https:\/\/texus.fi\/?post_type=product&#038;p=1523"},"modified":"2025-05-23T12:01:04","modified_gmt":"2025-05-23T09:01:04","slug":"aiko-neostar-2s-455w-fb-mono-glass","status":"publish","type":"product","link":"https:\/\/texus.fi\/fi\/aiko-neostar-2s-455w-fb-mono-glass\/","title":{"rendered":"AIKO &#8211; Neostar 2S &#8211; 455w FB Mono-glass"},"content":{"rendered":"<h3>Tuotteen nimi:<\/h3>\n<p>Aiko Solar A455-MAH54Mb<\/p>\n<h3>Kuvaus:<\/h3>\n<p>Aiko Solar A455-MAH54Mb on tehokas aurinkopaneeli, joka tarjoaa tehokasta ja luotettavaa energiantuotantoa. T\u00e4m\u00e4 Neostar 2S -sarjaan kuuluva aurinkopaneeli k\u00e4ytt\u00e4\u00e4 kehittynytt\u00e4 N-tyypin ABC-tekniikkaa varmistaakseen erinomaisen suorituskyvyn ja kest\u00e4vyyden. ABC-tekniikalla varustetut aurinkopaneelit ovat v\u00e4hemm\u00e4n alttiita osittaiselle varjostukselle, mik\u00e4 tarkoittaa, ett\u00e4 ne voivat tuottaa vakaampaa tehoa my\u00f6s vaihtelevissa valo-olosuhteissa.<\/p>\n<h3>Ominaisuudet:<\/h3>\n<ul>\n<li>Kapasiteetti: 455 wattia huipputeho<\/li>\n<li>Tyyppi: N-tyypin ABC-paneeli.<\/li>\n<li>Kennojen lukum\u00e4\u00e4r\u00e4: 108<\/li>\n<li>Hy\u00f6tysuhde: 23,1 %<\/li>\n<li>Runkomateriaali: Materiaali: Musta anodisoitu alumiini<\/li>\n<li>Mitat: 1757 x 1134 x 30 mm.<\/li>\n<li>Paino: 21,5 kg<\/li>\n<li>Yhteensopiva MC4 EVO2 -liittimien kanssa.<\/li>\n<li>25 vuoden tuotetakuu, 30 vuoden suorituskykytakuu<\/li>\n<\/ul>\n<h3>Edut:<\/h3>\n<ul>\n<li>Tuottaa enemm\u00e4n tehoa neli\u00f6metri\u00e4 kohti kuin perinteiset paneelit.<\/li>\n<li>Hajoaminen vaikuttaa v\u00e4hemm\u00e4n, joten suorituskyky on pitk\u00e4ik\u00e4inen.<\/li>\n<li>Pidempi tuotetakuu lis\u00e4\u00e4 mielenrauhaa ja luottamusta.<\/li>\n<li>V\u00e4hemm\u00e4n altis osittaiselle varjostukselle<\/li>\n<\/ul>\n<h3>K\u00e4ytt\u00f6kohteet:<\/h3>\n<p>T\u00e4m\u00e4 aurinkopaneeli soveltuu erinomaisesti sek\u00e4 kaupallisiin ett\u00e4 yksityisiin asennuksiin, mukaan lukien kotien kattoasennukset, kaupalliset rakennukset ja verkon ulkopuoliset sovellukset.<\/p>\n<p>&nbsp;<\/p>\n<p><strong>Tietolehti:<\/strong> <strong><span style=\"vertical-align: inherit;\"><span style=\"vertical-align: inherit;\"><a href=\"https:\/\/texus.fi\/?attachment_id=1720\" rel=\"attachment wp-att-1720\">Neostar 2S_188-AIKO-A-MAH54Mb-44&#8230;W_1757x1134x30mm_DS_FI_2405_V1.5<\/a><\/span><\/span><\/strong><\/p>\n","protected":false},"excerpt":{"rendered":"<p>Aiko Solar A455-MAH54Mb on tehokas aurinkopaneeli, joka tarjoaa tehokasta ja luotettavaa energiantuotantoa. T\u00e4m\u00e4 Neostar 2S -sarjaan kuuluva aurinkopaneeli k\u00e4ytt\u00e4\u00e4 kehittynytt\u00e4 N-tyypin ABC-tekniikkaa varmistaakseen erinomaisen suorituskyvyn ja kest\u00e4vyyden. ABC-tekniikalla varustetut aurinkopaneelit ovat v\u00e4hemm\u00e4n alttiita osittaiselle varjostukselle, mik\u00e4 tarkoittaa, ett\u00e4 ne voivat tuottaa vakaampaa tehoa my\u00f6s vaihtelevissa valo-olosuhteissa.<\/p>\n","protected":false},"featured_media":1524,"comment_status":"open","ping_status":"closed","template":"","meta":[],"product_brand":[],"product_cat":[27,29,15],"product_tag":[],"class_list":{"0":"post-1523","1":"product","2":"type-product","3":"status-publish","4":"has-post-thumbnail","6":"product_cat-aurinkopaneelit","7":"product_cat-monofacial","8":"product_cat-products","9":"product_shipping_class-heavy-packages","10":"pa_brands-aiko","12":"first","13":"outofstock","14":"taxable","15":"shipping-taxable","16":"purchasable","17":"product-type-simple"},"_links":{"self":[{"href":"https:\/\/texus.fi\/fi\/wp-json\/wp\/v2\/product\/1523","targetHints":{"allow":["GET"]}}],"collection":[{"href":"https:\/\/texus.fi\/fi\/wp-json\/wp\/v2\/product"}],"about":[{"href":"https:\/\/texus.fi\/fi\/wp-json\/wp\/v2\/types\/product"}],"replies":[{"embeddable":true,"href":"https:\/\/texus.fi\/fi\/wp-json\/wp\/v2\/comments?post=1523"}],"wp:featuredmedia":[{"embeddable":true,"href":"https:\/\/texus.fi\/fi\/wp-json\/wp\/v2\/media\/1524"}],"wp:attachment":[{"href":"https:\/\/texus.fi\/fi\/wp-json\/wp\/v2\/media?parent=1523"}],"wp:term":[{"taxonomy":"product_brand","embeddable":true,"href":"https:\/\/texus.fi\/fi\/wp-json\/wp\/v2\/product_brand?post=1523"},{"taxonomy":"product_cat","embeddable":true,"href":"https:\/\/texus.fi\/fi\/wp-json\/wp\/v2\/product_cat?post=1523"},{"taxonomy":"product_tag","embeddable":true,"href":"https:\/\/texus.fi\/fi\/wp-json\/wp\/v2\/product_tag?post=1523"}],"curies":[{"name":"wp","href":"https:\/\/api.w.org\/{rel}","templated":true}]}}