{"id":1526,"date":"2024-12-28T15:21:38","date_gmt":"2024-12-28T12:21:38","guid":{"rendered":"https:\/\/texus.fi\/?post_type=product&#038;p=1526"},"modified":"2025-05-23T12:01:04","modified_gmt":"2025-05-23T09:01:04","slug":"aiko-neostar-2s-455w-double-glass","status":"publish","type":"product","link":"https:\/\/texus.fi\/fi\/aiko-neostar-2s-455w-double-glass\/","title":{"rendered":"AIKO &#8211; Neostar 2S+ &#8211; 455w Double Glass"},"content":{"rendered":"<h3>Tuotteen nimi:<\/h3>\n<p>Aiko Solar A455-MAH54Db aurinkopaneeli<\/p>\n<h3>Kuvaus:<\/h3>\n<p>Aiko Solar A455-MAH54Db on tehokas aurinkopaneeli, joka tarjoaa tehokasta ja luotettavaa energiantuotantoa. T\u00e4m\u00e4 aurinkopaneeli on osa Neostar-sarjaa, ja siin\u00e4 k\u00e4ytet\u00e4\u00e4n kehittynytt\u00e4 N-tyypin ABC-tekniikkaa erinomaisen suorituskyvyn ja kest\u00e4vyyden varmistamiseksi.<\/p>\n<h3>Ominaisuudet:<\/h3>\n<ul>\n<li>Kapasiteetti: 455 watt-peak<\/li>\n<li>Tyyppi: Lasi-Lasi\/Kokonaan musta N-tyypin ABC.<\/li>\n<li>Puoliksi leikattujen kennojen m\u00e4\u00e4r\u00e4: 108<\/li>\n<li>Hy\u00f6tysuhde: 22,8 %<\/li>\n<li>Runkomateriaali: Musta anodisoitu alumiini<\/li>\n<li>Mitat: 1757 x 1134 x 30mm: 1757 x 1134 x 30mm<\/li>\n<li>Paino: 24,5 kg<\/li>\n<li>25 vuoden tuotetakuu, 30 vuoden tehotakuu<\/li>\n<\/ul>\n<h3>Edut:<\/h3>\n<ul>\n<li>Tuottaa enemm\u00e4n tehoa neli\u00f6metri\u00e4 kohden verrattuna perinteisiin paneeleihin.<\/li>\n<li>Hajoaminen vaikuttaa v\u00e4hemm\u00e4n, joten suorituskyky on pitk\u00e4ik\u00e4inen.<\/li>\n<li>Pidempi tuotetakuu lis\u00e4\u00e4 mielenrauhaa ja luottamusta.<\/li>\n<\/ul>\n<h3>K\u00e4ytt\u00f6kohteet:<\/h3>\n<p>T\u00e4m\u00e4 aurinkopaneeli soveltuu erinomaisesti sek\u00e4 kaupallisiin ett\u00e4 yksityisiin asennuksiin, mukaan lukien kattoasennukset koteihin, kaupallisiin rakennuksiin ja verkon ulkopuolisiin sovelluksiin.<\/p>\n<p><strong>Tietolehti: <a href=\"https:\/\/texus.fi\/?attachment_id=1721\" rel=\"attachment wp-att-1721\">Neostar 2S+__188-AIKO-A-MAH54Db-4&#8230;0-470W_1757x1134x30mm_DS_FI_2405_V1.5<\/a><\/strong><\/p>\n","protected":false},"excerpt":{"rendered":"<p>Aiko Solar A455-MAH54Db on tehokas aurinkopaneeli, joka tarjoaa tehokasta ja luotettavaa energiantuotantoa. T\u00e4m\u00e4 aurinkopaneeli on osa Neostar-sarjaa, ja siin\u00e4 k\u00e4ytet\u00e4\u00e4n kehittynytt\u00e4 N-tyypin ABC-tekniikkaa erinomaisen suorituskyvyn ja kest\u00e4vyyden varmistamiseksi.<\/p>\n","protected":false},"featured_media":1528,"comment_status":"open","ping_status":"closed","template":"","meta":[],"product_brand":[],"product_cat":[27,28,15],"product_tag":[],"class_list":{"0":"post-1526","1":"product","2":"type-product","3":"status-publish","4":"has-post-thumbnail","6":"product_cat-aurinkopaneelit","7":"product_cat-bifacial","8":"product_cat-products","9":"product_shipping_class-heavy-packages","10":"pa_brands-aiko","12":"first","13":"outofstock","14":"taxable","15":"shipping-taxable","16":"purchasable","17":"product-type-simple"},"_links":{"self":[{"href":"https:\/\/texus.fi\/fi\/wp-json\/wp\/v2\/product\/1526","targetHints":{"allow":["GET"]}}],"collection":[{"href":"https:\/\/texus.fi\/fi\/wp-json\/wp\/v2\/product"}],"about":[{"href":"https:\/\/texus.fi\/fi\/wp-json\/wp\/v2\/types\/product"}],"replies":[{"embeddable":true,"href":"https:\/\/texus.fi\/fi\/wp-json\/wp\/v2\/comments?post=1526"}],"wp:featuredmedia":[{"embeddable":true,"href":"https:\/\/texus.fi\/fi\/wp-json\/wp\/v2\/media\/1528"}],"wp:attachment":[{"href":"https:\/\/texus.fi\/fi\/wp-json\/wp\/v2\/media?parent=1526"}],"wp:term":[{"taxonomy":"product_brand","embeddable":true,"href":"https:\/\/texus.fi\/fi\/wp-json\/wp\/v2\/product_brand?post=1526"},{"taxonomy":"product_cat","embeddable":true,"href":"https:\/\/texus.fi\/fi\/wp-json\/wp\/v2\/product_cat?post=1526"},{"taxonomy":"product_tag","embeddable":true,"href":"https:\/\/texus.fi\/fi\/wp-json\/wp\/v2\/product_tag?post=1526"}],"curies":[{"name":"wp","href":"https:\/\/api.w.org\/{rel}","templated":true}]}}